{"id":42,"date":"2011-02-17T19:38:21","date_gmt":"2011-02-17T17:38:21","guid":{"rendered":"http:\/\/www.hausarzt-muehlheim.de\/?page_id=42"},"modified":"2026-02-17T11:02:42","modified_gmt":"2026-02-17T09:02:42","slug":"uber-uns","status":"publish","type":"page","link":"https:\/\/www.hausarzt-muehlheim.de\/","title":{"rendered":"\u00dcber uns"},"content":{"rendered":"\n<figure class=\"wp-block-image aligncenter is-resized\"><img decoding=\"async\" src=\"http:\/\/www.hausarzt-muehlheim.de\/wp-content\/uploads\/2014\/06\/IMG_7124-Bearbeitet.jpg\" alt=\"Praxis Dr. Vondung, Dr. Oppermann, Dr. Bojunga\" style=\"width:389px;height:389px\"\/><\/figure>\n\n\n\n<h2 class=\"wp-block-heading\">Unsere Sprechstundenzeiten:<\/h2>\n\n\n\n<figure class=\"wp-block-table\"><table><tbody><tr><td>Montag<\/td><td>8 &#8211; 11:30 Uhr und 16 &#8211; 18 Uhr<\/td><\/tr><tr><td>Dienstag<\/td><td>8 &#8211; 11:30 Uhr und 16 &#8211; 18 Uhr<\/td><\/tr><tr><td>Mittwoch<\/td><td>8 &#8211; 11:30 Uhr<\/td><\/tr><tr><td>Donnerstag<\/td><td>8 &#8211; 11:30 Uhr und 16 &#8211; 18 Uhr<\/td><\/tr><tr><td>Freitag<\/td><td>8 &#8211; 11:30 Uhr<\/td><\/tr><\/tbody><\/table><figcaption class=\"wp-element-caption\">Nicht aufgef\u00fchrt sind die Zeiten f\u00fcr Hausbesuche der \u00c4rztinnen und \u00c4rzte, f\u00fcr Termin- und Telefonsprechstunden sowie f\u00fcr die Erledigung von Verwaltungsaufgaben.<\/figcaption><\/figure>\n\n\n\n<ul class=\"wp-block-list\">\n<li>Wir sind die ganze Woche \u00fcber f\u00fcr Sie pers\u00f6nlich ab 7:30 Uhr telefonisch unter der Nummer <strong>(06108) 74165<\/strong> erreichbar. Wiederholungsrezepte und \u00dcberweisungen k\u00f6nnen Sie \u00fcber <strong><a href=\"https:\/\/www.hausarzt-muehlheim.de\/index.php\/leistungsangebot\/rezeptbestellung\/\" data-type=\"page\" data-id=\"719\">Doctolib <\/a><\/strong>oder \u00fcber unsere Rezepthotline bestellen (gleiche Telefonnummer, Men\u00fcauswahl \u00fcber Telefontastatur) und am folgenden Sprechstundentag ab 15:00 Uhr an der Anmeldung abholen bzw. als eRezept in der Apotheke einl\u00f6sen.<br>Bitte beachten Sie wegen m\u00f6glicher Urlaube oder Schlie\u00dfungen die Seite <a href=\"http:\/\/www.hausarzt-muehlheim.de\/index.php\/test\">News<\/a><\/li>\n\n\n\n<li>Au\u00dferhalb dieser Zeiten ist der <a href=\"https:\/\/www.hausarzt-muehlheim.de\/index.php\/notdienst\/\">\u00e4rztliche Bereitschaftsdienst<\/a> telefonisch unter<br><strong>116 117<\/strong>&nbsp;erreichbar.<\/li>\n\n\n\n<li><mark style=\"background-color:rgba(0, 0, 0, 0);color:#ff0000\" class=\"has-inline-color\">Bei lebensbedrohlichen Notf\u00e4llen rufen Sie zu jeder Zeit die <strong>112<\/strong><\/mark><\/li>\n<\/ul>\n\n\n\n<h2 class=\"wp-block-heading\">Was tun bei Akuterkrankung?<\/h2>\n\n\n\n<p><strong>Bitte kommen Sie mit Akuterkrankungen m\u00f6glichst zu Sprechstundenbeginn um 8 Uhr (Mo-Fr) bzw. 16 Uhr (Mo, Di, Do) in die Praxis.<\/strong> Alternativ k\u00f6nnen Sie einen <a href=\"https:\/\/www.hausarzt-muehlheim.de\/index.php\/leistungsangebot\/online-terminbuchung\/\" data-type=\"page\" data-id=\"2758\">Termin f\u00fcr die Videosprechstunde<\/a> vereinbaren.<\/p>\n\n\n\n<p>F\u00fcr alle anderen Anliegen (Vorsorge, l\u00e4nger bestehende Beschwerden etc. ) bitten wir Sie, einen <a href=\"https:\/\/www.hausarzt-muehlheim.de\/index.php\/leistungsangebot\/online-terminbuchung\/\" data-type=\"page\" data-id=\"2758\">Termin in der Sprechstunde zu vereinbaren<\/a>.<\/p>\n\n\n\n<p>Auf diese Weise versuchen wir, Ihre Wartezeit mit Termin auf 30 Minuten zu begrenzen. Da wir mit Menschen arbeiten, gibt es manchmal unvorhersehbare Situationen oder Menschen, die ungeplant in einer Notsituation zu uns kommen. Daher kann dieser Zeitrahmen nicht immer eingehalten werden.<\/p>\n\n\n\n<p><strong>Wenn Sie mit einem oder mehreren der folgenden Symptome zu uns kommen, tragen Sie bitte einen <mark style=\"background-color:rgba(0, 0, 0, 0);color:#cf2e2e\" class=\"has-inline-color\">medizinischen Mund-Nasen-Schutz<\/mark>: Fieber, Halsschmerzen, Husten, Schnupfen, Erbrechen oder Durchfall.<\/strong><\/p>\n","protected":false},"excerpt":{"rendered":"<p>Unsere Sprechstundenzeiten: Montag 8 &#8211; 11:30 Uhr und 16 &#8211; 18 Uhr Dienstag 8 &#8211; 11:30 Uhr und 16 &#8211; 18 Uhr Mittwoch 8 &#8211; 11:30 Uhr Donnerstag 8 &#8211; 11:30 Uhr und 16 &#8211; 18 Uhr Freitag 8 &#8211; 11:30 Uhr Nicht aufgef\u00fchrt sind die Zeiten f\u00fcr Hausbesuche der \u00c4rztinnen und \u00c4rzte, f\u00fcr Termin- [&hellip;]<\/p>\n","protected":false},"author":1,"featured_media":0,"parent":0,"menu_order":1,"comment_status":"closed","ping_status":"closed","template":"","meta":{"site-sidebar-layout":"default","site-content-layout":"default","ast-site-content-layout":"default","site-content-style":"default","site-sidebar-style":"default","ast-global-header-display":"","ast-banner-title-visibility":"","ast-main-header-display":"","ast-hfb-above-header-display":"","ast-hfb-below-header-display":"","ast-hfb-mobile-header-display":"","site-post-title":"","ast-breadcrumbs-content":"","ast-featured-img":"","footer-sml-layout":"","ast-disable-related-posts":"","theme-transparent-header-meta":"default","adv-header-id-meta":"","stick-header-meta":"","header-above-stick-meta":"","header-main-stick-meta":"","header-below-stick-meta":"","astra-migrate-meta-layouts":"set","ast-page-background-enabled":"default","ast-page-background-meta":{"desktop":{"background-color":"","background-image":"","background-repeat":"repeat","background-position":"center center","background-size":"auto","background-attachment":"scroll","background-type":"","background-media":"","overlay-type":"","overlay-color":"","overlay-opacity":"","overlay-gradient":""},"tablet":{"background-color":"","background-image":"","background-repeat":"repeat","background-position":"center center","background-size":"auto","background-attachment":"scroll","background-type":"","background-media":"","overlay-type":"","overlay-color":"","overlay-opacity":"","overlay-gradient":""},"mobile":{"background-color":"","background-image":"","background-repeat":"repeat","background-position":"center center","background-size":"auto","background-attachment":"scroll","background-type":"","background-media":"","overlay-type":"","overlay-color":"","overlay-opacity":"","overlay-gradient":""}},"ast-content-background-meta":{"desktop":{"background-color":"var(--ast-global-color-5)","background-image":"","background-repeat":"repeat","background-position":"center center","background-size":"auto","background-attachment":"scroll","background-type":"","background-media":"","overlay-type":"","overlay-color":"","overlay-opacity":"","overlay-gradient":""},"tablet":{"background-color":"var(--ast-global-color-5)","background-image":"","background-repeat":"repeat","background-position":"center center","background-size":"auto","background-attachment":"scroll","background-type":"","background-media":"","overlay-type":"","overlay-color":"","overlay-opacity":"","overlay-gradient":""},"mobile":{"background-color":"var(--ast-global-color-5)","background-image":"","background-repeat":"repeat","background-position":"center center","background-size":"auto","background-attachment":"scroll","background-type":"","background-media":"","overlay-type":"","overlay-color":"","overlay-opacity":"","overlay-gradient":""}},"_FSMCFIC_featured_image_caption":"","_FSMCFIC_featured_image_nocaption":"","_FSMCFIC_featured_image_hide":"","footnotes":""},"class_list":["post-42","page","type-page","status-publish","hentry"],"_links":{"self":[{"href":"https:\/\/www.hausarzt-muehlheim.de\/index.php\/wp-json\/wp\/v2\/pages\/42","targetHints":{"allow":["GET"]}}],"collection":[{"href":"https:\/\/www.hausarzt-muehlheim.de\/index.php\/wp-json\/wp\/v2\/pages"}],"about":[{"href":"https:\/\/www.hausarzt-muehlheim.de\/index.php\/wp-json\/wp\/v2\/types\/page"}],"author":[{"embeddable":true,"href":"https:\/\/www.hausarzt-muehlheim.de\/index.php\/wp-json\/wp\/v2\/users\/1"}],"replies":[{"embeddable":true,"href":"https:\/\/www.hausarzt-muehlheim.de\/index.php\/wp-json\/wp\/v2\/comments?post=42"}],"version-history":[{"count":104,"href":"https:\/\/www.hausarzt-muehlheim.de\/index.php\/wp-json\/wp\/v2\/pages\/42\/revisions"}],"predecessor-version":[{"id":3536,"href":"https:\/\/www.hausarzt-muehlheim.de\/index.php\/wp-json\/wp\/v2\/pages\/42\/revisions\/3536"}],"wp:attachment":[{"href":"https:\/\/www.hausarzt-muehlheim.de\/index.php\/wp-json\/wp\/v2\/media?parent=42"}],"curies":[{"name":"wp","href":"https:\/\/api.w.org\/{rel}","templated":true}]}}