{"id":3517,"date":"2026-01-26T18:57:04","date_gmt":"2026-01-26T16:57:04","guid":{"rendered":"https:\/\/www.hausarzt-muehlheim.de\/?page_id=3517"},"modified":"2026-01-26T19:30:02","modified_gmt":"2026-01-26T17:30:02","slug":"gesundheitskarte-nicht-da-oder-defekt-elektronische-ersatzbescheinigung","status":"publish","type":"page","link":"https:\/\/www.hausarzt-muehlheim.de\/index.php\/leistungsangebot\/gesundheitskarte-nicht-da-oder-defekt-elektronische-ersatzbescheinigung\/","title":{"rendered":"Gesundheitskarte nicht da oder defekt? Elektronische Ersatzbescheinigung!"},"content":{"rendered":"\n<p>Wenn Sie als gesetzlich Versicherter f\u00fcr Ihre Behandlung keine elektronische Gesundheitskarte vorweisen k\u00f6nnen, die Karte defekt ist oder Sie per Videosprechstunde behandelt werden, k\u00f6nnen Sie uns ersatzweise eine Versicherungsbescheinigung Ihrer Kasse zukommen lassen.<\/p>\n\n\n\n<p>Am einfachsten geht dies f\u00fcr uns in Form der elektronischen Ersatzbescheinigung.<\/p>\n\n\n\n<p>Klicken Sie daf\u00fcr auf folgenden Link oder scannen Sie den QR-Code mit Ihrer Krankenkassen-App &#8211; dann folgen Sie den Anweisungen.<\/p>\n\n\n\n<figure class=\"wp-block-image size-full\"><img loading=\"lazy\" decoding=\"async\" width=\"320\" height=\"320\" src=\"https:\/\/www.hausarzt-muehlheim.de\/wp-content\/uploads\/2026\/01\/Optiscan_QR_Code.png\" alt=\"\" class=\"wp-image-3518\" srcset=\"https:\/\/www.hausarzt-muehlheim.de\/wp-content\/uploads\/2026\/01\/Optiscan_QR_Code.png 320w, https:\/\/www.hausarzt-muehlheim.de\/wp-content\/uploads\/2026\/01\/Optiscan_QR_Code-300x300.png 300w, https:\/\/www.hausarzt-muehlheim.de\/wp-content\/uploads\/2026\/01\/Optiscan_QR_Code-200x200.png 200w\" sizes=\"auto, (max-width: 320px) 100vw, 320px\" \/><\/figure>\n\n\n\n<p><a href=\"https:\/\/www.praxis-check-in.de\/?mail=ha-mhm@praxis.tm.kim.telematik\" target=\"_blank\" rel=\"noreferrer noopener\">Link: Praxis-Check-In<\/a><\/p>\n\n\n\n<p>Bitte weisen Sie in der Praxis darauf hin, dass Sie die Bescheinigung erstellt haben.<\/p>\n","protected":false},"excerpt":{"rendered":"<p>Wenn Sie als gesetzlich Versicherter f\u00fcr Ihre Behandlung keine elektronische Gesundheitskarte vorweisen k\u00f6nnen, die Karte defekt ist oder Sie per Videosprechstunde behandelt werden, k\u00f6nnen Sie uns ersatzweise eine Versicherungsbescheinigung Ihrer Kasse zukommen lassen. Am einfachsten geht dies f\u00fcr uns in Form der elektronischen Ersatzbescheinigung. Klicken Sie daf\u00fcr auf folgenden Link oder scannen Sie den QR-Code [&hellip;]<\/p>\n","protected":false},"author":1,"featured_media":0,"parent":12,"menu_order":0,"comment_status":"closed","ping_status":"closed","template":"","meta":{"site-sidebar-layout":"default","site-content-layout":"","ast-site-content-layout":"default","site-content-style":"default","site-sidebar-style":"default","ast-global-header-display":"","ast-banner-title-visibility":"","ast-main-header-display":"","ast-hfb-above-header-display":"","ast-hfb-below-header-display":"","ast-hfb-mobile-header-display":"","site-post-title":"","ast-breadcrumbs-content":"","ast-featured-img":"","footer-sml-layout":"","ast-disable-related-posts":"","theme-transparent-header-meta":"","adv-header-id-meta":"","stick-header-meta":"","header-above-stick-meta":"","header-main-stick-meta":"","header-below-stick-meta":"","astra-migrate-meta-layouts":"set","ast-page-background-enabled":"default","ast-page-background-meta":{"desktop":{"background-color":"","background-image":"","background-repeat":"repeat","background-position":"center center","background-size":"auto","background-attachment":"scroll","background-type":"","background-media":"","overlay-type":"","overlay-color":"","overlay-opacity":"","overlay-gradient":""},"tablet":{"background-color":"","background-image":"","background-repeat":"repeat","background-position":"center center","background-size":"auto","background-attachment":"scroll","background-type":"","background-media":"","overlay-type":"","overlay-color":"","overlay-opacity":"","overlay-gradient":""},"mobile":{"background-color":"","background-image":"","background-repeat":"repeat","background-position":"center center","background-size":"auto","background-attachment":"scroll","background-type":"","background-media":"","overlay-type":"","overlay-color":"","overlay-opacity":"","overlay-gradient":""}},"ast-content-background-meta":{"desktop":{"background-color":"var(--ast-global-color-5)","background-image":"","background-repeat":"repeat","background-position":"center center","background-size":"auto","background-attachment":"scroll","background-type":"","background-media":"","overlay-type":"","overlay-color":"","overlay-opacity":"","overlay-gradient":""},"tablet":{"background-color":"var(--ast-global-color-5)","background-image":"","background-repeat":"repeat","background-position":"center center","background-size":"auto","background-attachment":"scroll","background-type":"","background-media":"","overlay-type":"","overlay-color":"","overlay-opacity":"","overlay-gradient":""},"mobile":{"background-color":"var(--ast-global-color-5)","background-image":"","background-repeat":"repeat","background-position":"center center","background-size":"auto","background-attachment":"scroll","background-type":"","background-media":"","overlay-type":"","overlay-color":"","overlay-opacity":"","overlay-gradient":""}},"_FSMCFIC_featured_image_caption":"","_FSMCFIC_featured_image_nocaption":"","_FSMCFIC_featured_image_hide":"","footnotes":""},"class_list":["post-3517","page","type-page","status-publish","hentry"],"_links":{"self":[{"href":"https:\/\/www.hausarzt-muehlheim.de\/index.php\/wp-json\/wp\/v2\/pages\/3517","targetHints":{"allow":["GET"]}}],"collection":[{"href":"https:\/\/www.hausarzt-muehlheim.de\/index.php\/wp-json\/wp\/v2\/pages"}],"about":[{"href":"https:\/\/www.hausarzt-muehlheim.de\/index.php\/wp-json\/wp\/v2\/types\/page"}],"author":[{"embeddable":true,"href":"https:\/\/www.hausarzt-muehlheim.de\/index.php\/wp-json\/wp\/v2\/users\/1"}],"replies":[{"embeddable":true,"href":"https:\/\/www.hausarzt-muehlheim.de\/index.php\/wp-json\/wp\/v2\/comments?post=3517"}],"version-history":[{"count":1,"href":"https:\/\/www.hausarzt-muehlheim.de\/index.php\/wp-json\/wp\/v2\/pages\/3517\/revisions"}],"predecessor-version":[{"id":3519,"href":"https:\/\/www.hausarzt-muehlheim.de\/index.php\/wp-json\/wp\/v2\/pages\/3517\/revisions\/3519"}],"up":[{"embeddable":true,"href":"https:\/\/www.hausarzt-muehlheim.de\/index.php\/wp-json\/wp\/v2\/pages\/12"}],"wp:attachment":[{"href":"https:\/\/www.hausarzt-muehlheim.de\/index.php\/wp-json\/wp\/v2\/media?parent=3517"}],"curies":[{"name":"wp","href":"https:\/\/api.w.org\/{rel}","templated":true}]}}