{"id":3420,"date":"2025-09-17T12:13:14","date_gmt":"2025-09-17T10:13:14","guid":{"rendered":"https:\/\/www.hausarzt-muehlheim.de\/?page_id=3420"},"modified":"2026-02-17T10:59:17","modified_gmt":"2026-02-17T08:59:17","slug":"videosprechstunde-praxisapp","status":"publish","type":"page","link":"https:\/\/www.hausarzt-muehlheim.de\/index.php\/leistungsangebot\/videosprechstunde-praxisapp\/","title":{"rendered":"Videosprechstunde"},"content":{"rendered":"\n<p>\u00dcber unseren Anbieter <strong>Doctolib<\/strong> k\u00f6nnen Sie u.a.<\/p>\n\n\n\n<ul class=\"wp-block-list\">\n<li>Termine bei uns vereinbaren, verschieben und absagen<\/li>\n\n\n\n<li>datenschutzkonform mit uns kommunizieren<\/li>\n\n\n\n<li>die Videosprechstunde durchf\u00fchren<\/li>\n<\/ul>\n\n\n\n<p>Dazu k\u00f6nnen Sie wichtige Informationen als Push-Nachricht erhalten, z.B. bei Praxis-Schlie\u00dfung oder wenn die Grippe-Impfung verf\u00fcgbar wird.<\/p>\n\n\n\n<h2 class=\"wp-block-heading has-text-align-center\"><a href=\"https:\/\/www.doctolib.de\/gesundheit\/doctolib-app\/\" target=\"_blank\" rel=\"noreferrer noopener\"><strong>DOWNLOAD DOCTOLIB APP<\/strong><\/a><\/h2>\n","protected":false},"excerpt":{"rendered":"<p>\u00dcber unseren Anbieter Doctolib k\u00f6nnen Sie u.a. Dazu k\u00f6nnen Sie wichtige Informationen als Push-Nachricht erhalten, z.B. bei Praxis-Schlie\u00dfung oder wenn die Grippe-Impfung verf\u00fcgbar wird. DOWNLOAD DOCTOLIB APP<\/p>\n","protected":false},"author":1,"featured_media":0,"parent":12,"menu_order":0,"comment_status":"closed","ping_status":"closed","template":"","meta":{"site-sidebar-layout":"default","site-content-layout":"","ast-site-content-layout":"default","site-content-style":"default","site-sidebar-style":"default","ast-global-header-display":"","ast-banner-title-visibility":"","ast-main-header-display":"","ast-hfb-above-header-display":"","ast-hfb-below-header-display":"","ast-hfb-mobile-header-display":"","site-post-title":"","ast-breadcrumbs-content":"","ast-featured-img":"","footer-sml-layout":"","ast-disable-related-posts":"","theme-transparent-header-meta":"","adv-header-id-meta":"","stick-header-meta":"","header-above-stick-meta":"","header-main-stick-meta":"","header-below-stick-meta":"","astra-migrate-meta-layouts":"set","ast-page-background-enabled":"default","ast-page-background-meta":{"desktop":{"background-color":"","background-image":"","background-repeat":"repeat","background-position":"center center","background-size":"auto","background-attachment":"scroll","background-type":"","background-media":"","overlay-type":"","overlay-color":"","overlay-opacity":"","overlay-gradient":""},"tablet":{"background-color":"","background-image":"","background-repeat":"repeat","background-position":"center center","background-size":"auto","background-attachment":"scroll","background-type":"","background-media":"","overlay-type":"","overlay-color":"","overlay-opacity":"","overlay-gradient":""},"mobile":{"background-color":"","background-image":"","background-repeat":"repeat","background-position":"center center","background-size":"auto","background-attachment":"scroll","background-type":"","background-media":"","overlay-type":"","overlay-color":"","overlay-opacity":"","overlay-gradient":""}},"ast-content-background-meta":{"desktop":{"background-color":"var(--ast-global-color-5)","background-image":"","background-repeat":"repeat","background-position":"center center","background-size":"auto","background-attachment":"scroll","background-type":"","background-media":"","overlay-type":"","overlay-color":"","overlay-opacity":"","overlay-gradient":""},"tablet":{"background-color":"var(--ast-global-color-5)","background-image":"","background-repeat":"repeat","background-position":"center center","background-size":"auto","background-attachment":"scroll","background-type":"","background-media":"","overlay-type":"","overlay-color":"","overlay-opacity":"","overlay-gradient":""},"mobile":{"background-color":"var(--ast-global-color-5)","background-image":"","background-repeat":"repeat","background-position":"center center","background-size":"auto","background-attachment":"scroll","background-type":"","background-media":"","overlay-type":"","overlay-color":"","overlay-opacity":"","overlay-gradient":""}},"_FSMCFIC_featured_image_caption":"","_FSMCFIC_featured_image_nocaption":"","_FSMCFIC_featured_image_hide":"","footnotes":""},"class_list":["post-3420","page","type-page","status-publish","hentry"],"_links":{"self":[{"href":"https:\/\/www.hausarzt-muehlheim.de\/index.php\/wp-json\/wp\/v2\/pages\/3420","targetHints":{"allow":["GET"]}}],"collection":[{"href":"https:\/\/www.hausarzt-muehlheim.de\/index.php\/wp-json\/wp\/v2\/pages"}],"about":[{"href":"https:\/\/www.hausarzt-muehlheim.de\/index.php\/wp-json\/wp\/v2\/types\/page"}],"author":[{"embeddable":true,"href":"https:\/\/www.hausarzt-muehlheim.de\/index.php\/wp-json\/wp\/v2\/users\/1"}],"replies":[{"embeddable":true,"href":"https:\/\/www.hausarzt-muehlheim.de\/index.php\/wp-json\/wp\/v2\/comments?post=3420"}],"version-history":[{"count":9,"href":"https:\/\/www.hausarzt-muehlheim.de\/index.php\/wp-json\/wp\/v2\/pages\/3420\/revisions"}],"predecessor-version":[{"id":3533,"href":"https:\/\/www.hausarzt-muehlheim.de\/index.php\/wp-json\/wp\/v2\/pages\/3420\/revisions\/3533"}],"up":[{"embeddable":true,"href":"https:\/\/www.hausarzt-muehlheim.de\/index.php\/wp-json\/wp\/v2\/pages\/12"}],"wp:attachment":[{"href":"https:\/\/www.hausarzt-muehlheim.de\/index.php\/wp-json\/wp\/v2\/media?parent=3420"}],"curies":[{"name":"wp","href":"https:\/\/api.w.org\/{rel}","templated":true}]}}