{"id":3138,"date":"2024-02-11T19:01:56","date_gmt":"2024-02-11T17:01:56","guid":{"rendered":"https:\/\/www.hausarzt-muehlheim.de\/?page_id=3138"},"modified":"2025-06-12T12:28:39","modified_gmt":"2025-06-12T10:28:39","slug":"pruefungen","status":"publish","type":"page","link":"https:\/\/www.hausarzt-muehlheim.de\/index.php\/forschung-und-lehre\/pruefungen\/","title":{"rendered":"Pr\u00fcfungen"},"content":{"rendered":"\n<h3 class=\"wp-block-heading\">Medizinische Fachangestellte (MFA)<\/h3>\n\n\n\n<p>Die praktischen Abschlusspr\u00fcfungen f\u00fcr MFA finden zweimal j\u00e4hrlich in den R\u00e4umen der Landes\u00e4rztekammer Hessen in Bad Nauheim statt. Dr. Vondung ist seit 2017 als ordentliches Mitglied des Pr\u00fcfungsausschusses berufen.<\/p>\n\n\n\n<p>Inhalt und Ablauf der Pr\u00fcfungen sind durch die Pr\u00fcfungsordnung der Landes\u00e4rztekammer vorgegeben. Details dazu finden Sie unter folgendem Link:<br><a href=\"https:\/\/www.laekh.de\/fuer-mfa\/berufsausbildung\/pruefungen-und-pruefungstermine\" target=\"_blank\" rel=\"noreferrer noopener\">https:\/\/www.laekh.de\/fuer-mfa\/berufsausbildung\/pruefungen-und-pruefungstermine<\/a><\/p>\n\n\n\n<p>Vorgespr\u00e4che oder Beratungen zur MFA-Abschlusspr\u00fcfung werden von Dr. Vondung <strong>nicht<\/strong> angeboten. R\u00fcckfragen zu den Pr\u00fcfungen richten Sie bitte an die f\u00fcr Sie zust\u00e4ndige Bezirks\u00e4rztekammer.<\/p>\n\n\n\n<figure class=\"wp-block-image aligncenter size-large is-resized\"><img loading=\"lazy\" decoding=\"async\" width=\"1024\" height=\"464\" src=\"https:\/\/www.hausarzt-muehlheim.de\/wp-content\/uploads\/2023\/01\/img_8366-1024x464.jpg\" alt=\"Pr\u00fcfungsraum (Foto: Dr. Nico Vondung)\" class=\"wp-image-2748\" style=\"width:510px;height:auto\"\/><figcaption class=\"wp-element-caption\">Pr\u00fcfungsraum MFA-Abschlusspr\u00fcfung (Foto: Dr. Nico Vondung)<\/figcaption><\/figure>\n\n\n\n<h3 class=\"wp-block-heading\">Facharzt f\u00fcr Allgemeinmedizin<\/h3>\n\n\n\n<figure class=\"wp-block-image alignright size-large is-resized\"><img loading=\"lazy\" decoding=\"async\" width=\"1024\" height=\"1024\" src=\"https:\/\/www.hausarzt-muehlheim.de\/wp-content\/uploads\/2024\/02\/0D165D7E-9A9A-4784-80FF-6A4CD447695C_1_201_a-1024x1024.jpeg\" alt=\"Pr\u00fcfungsraum Facharztpr\u00fcfung (Foto: Dr. Nico Vondung)\" class=\"wp-image-3140\" style=\"width:434px;height:auto\" srcset=\"https:\/\/www.hausarzt-muehlheim.de\/wp-content\/uploads\/2024\/02\/0D165D7E-9A9A-4784-80FF-6A4CD447695C_1_201_a-1024x1024.jpeg 1024w, https:\/\/www.hausarzt-muehlheim.de\/wp-content\/uploads\/2024\/02\/0D165D7E-9A9A-4784-80FF-6A4CD447695C_1_201_a-300x300.jpeg 300w, https:\/\/www.hausarzt-muehlheim.de\/wp-content\/uploads\/2024\/02\/0D165D7E-9A9A-4784-80FF-6A4CD447695C_1_201_a-200x200.jpeg 200w, https:\/\/www.hausarzt-muehlheim.de\/wp-content\/uploads\/2024\/02\/0D165D7E-9A9A-4784-80FF-6A4CD447695C_1_201_a-768x768.jpeg 768w, https:\/\/www.hausarzt-muehlheim.de\/wp-content\/uploads\/2024\/02\/0D165D7E-9A9A-4784-80FF-6A4CD447695C_1_201_a-1320x1320.jpeg 1320w, https:\/\/www.hausarzt-muehlheim.de\/wp-content\/uploads\/2024\/02\/0D165D7E-9A9A-4784-80FF-6A4CD447695C_1_201_a.jpeg 1440w\" sizes=\"auto, (max-width: 1024px) 100vw, 1024px\" \/><figcaption class=\"wp-element-caption\">Pr\u00fcfungsraum Facharztpr\u00fcfung in der Landes\u00e4rztekanner Hessen in Frakfurt (Foto: Dr. Nico Vondung)<\/figcaption><\/figure>\n\n\n\n<p>Pr\u00fcfungen zur F\u00fchrung der Gebietsbezeichnung Allgemeinmedizin werden meist einmal monatlich in den R\u00e4umen der Landes\u00e4rztekammer Hessen in Frankfurt durchgef\u00fchrt. Dr. Vondung ist seit 2019 Mitglied des Pr\u00fcfungsausschusses.<\/p>\n\n\n\n<p>Das Pr\u00fcfungsgespr\u00e4ch dauert 30 Minuten und wird von zwei Pr\u00fcferinnen bzw. Pr\u00fcfern und einem Vorsitzenden gef\u00fchrt. Der Inhalt richtet sich nach der f\u00fcr Sie g\u00fcltigen Weiterbildungsordnung, Details finden Sie unter folgendem Link:<br><a href=\"https:\/\/www.laekh.de\/fuer-aerztinnen-und-aerzte\/weiterbildung\" target=\"_blank\" rel=\"noreferrer noopener\">https:\/\/www.laekh.de\/fuer-aerztinnen-und-aerzte\/weiterbildung<\/a><\/p>\n\n\n\n<p>Ein Pr\u00fcfungsvorgespr\u00e4ch wird von Dr. Vondung <strong>nicht<\/strong> angeboten. Bitte richten Sie eventuelle R\u00fcckfragen an die Weiterbildungsabteilung der Landes\u00e4rztekammer Hessen.<\/p>\n\n\n\n<h3 class=\"wp-block-heading\">Staatsexamen Medizin<\/h3>\n\n\n\n<figure class=\"wp-block-image alignright size-full is-resized\"><img loading=\"lazy\" decoding=\"async\" width=\"370\" height=\"278\" src=\"https:\/\/www.hausarzt-muehlheim.de\/wp-content\/uploads\/2024\/02\/M3-Examen.jpg\" alt=\"Staatsexamen Medizin (Foto: Dr. Nico Vondung)\" class=\"wp-image-3146\" style=\"width:370px\" srcset=\"https:\/\/www.hausarzt-muehlheim.de\/wp-content\/uploads\/2024\/02\/M3-Examen.jpg 370w, https:\/\/www.hausarzt-muehlheim.de\/wp-content\/uploads\/2024\/02\/M3-Examen-300x225.jpg 300w, https:\/\/www.hausarzt-muehlheim.de\/wp-content\/uploads\/2024\/02\/M3-Examen-200x150.jpg 200w\" sizes=\"auto, (max-width: 370px) 100vw, 370px\" \/><figcaption class=\"wp-element-caption\">Staatsexamen Medizin (Foto: Dr. Nico Vondung)<\/figcaption><\/figure>\n\n\n\n<p>Das Dritte Medizinische Staatsexamen, auch Dritter Abschnitt der \u00c4rztlichen Pr\u00fcfung oder M3-Examen, wird zweimal j\u00e4hrlich durch das Hessische Landesamt f\u00fcr Gesundheit und Pflege (HLfGP) organisiert. Dr. Vondung f\u00fchrt seit seiner Ernennung zum Lehrarzt der Universit\u00e4t Frankfurt seit 2020 Staatsexamenspr\u00fcfungen im Fach Allgemeinmedizin durch.<\/p>\n\n\n\n<p>An zwei aufeinander folgenden Tagen werden am Patientenbett praktische und in einer m\u00fcndlichen Pr\u00fcfung theoretische Kenntnisse bei bis zu vier Pr\u00fcflingen in Innerer Medizin, Chirurgie, einem Wahlfach und einem zugelosten Fach gepr\u00fcft. Allgemeinmedizin kann dabei sowohl Wahlfach als auch zugelostes Fach sein. Die Pr\u00fcfung dauert je Pr\u00fcfling und Tag zwischen 45 und 60 Minuten.<\/p>\n\n\n\n<p>Details zur Pr\u00fcfung sowie alle notwendigen Antr\u00e4ge finden Sie unter dem Link:<br><a href=\"https:\/\/hlfgp.hessen.de\/akademische-gesundheitsberufe\/staatliche-pruefungen-sowie-studienrelevante-antraege\" target=\"_blank\" rel=\"noreferrer noopener\">https:\/\/hlfgp.hessen.de\/akademische-gesundheitsberufe\/staatliche-pruefungen-sowie-studienrelevante-antraege<\/a><\/p>\n\n\n\n<p>Auf Wunsch der Pr\u00fcflinge kann mit Dr. Vondung ein Pr\u00fcfungsvorgespr\u00e4ch gef\u00fchrt werden. Voraussetzung ist, dass die komplette Pr\u00fcfungsgruppe gemeinsam teilnehmen kann. Das Gespr\u00e4ch kann pers\u00f6nlich in der Praxis oder per Online-Meeting gef\u00fchrt werden. Ein Rechtsanspruch besteht nicht. Bitte wenden Sie sich zur Terminvereinbarung vorzugsweise per Email an <a href=\"mailto:praxis@ha-mhm.de\">praxis@ha-mhm.de<\/a>.<\/p>\n","protected":false},"excerpt":{"rendered":"<p>Medizinische Fachangestellte (MFA) Die praktischen Abschlusspr\u00fcfungen f\u00fcr MFA finden zweimal j\u00e4hrlich in den R\u00e4umen der Landes\u00e4rztekammer Hessen in Bad Nauheim statt. Dr. Vondung ist seit 2017 als ordentliches Mitglied des Pr\u00fcfungsausschusses berufen. Inhalt und Ablauf der Pr\u00fcfungen sind durch die Pr\u00fcfungsordnung der Landes\u00e4rztekammer vorgegeben. Details dazu finden Sie unter folgendem Link:https:\/\/www.laekh.de\/fuer-mfa\/berufsausbildung\/pruefungen-und-pruefungstermine Vorgespr\u00e4che oder Beratungen zur [&hellip;]<\/p>\n","protected":false},"author":1,"featured_media":0,"parent":2262,"menu_order":3,"comment_status":"closed","ping_status":"closed","template":"","meta":{"site-sidebar-layout":"default","site-content-layout":"","ast-site-content-layout":"default","site-content-style":"default","site-sidebar-style":"default","ast-global-header-display":"","ast-banner-title-visibility":"","ast-main-header-display":"","ast-hfb-above-header-display":"","ast-hfb-below-header-display":"","ast-hfb-mobile-header-display":"","site-post-title":"","ast-breadcrumbs-content":"","ast-featured-img":"","footer-sml-layout":"","ast-disable-related-posts":"","theme-transparent-header-meta":"","adv-header-id-meta":"","stick-header-meta":"","header-above-stick-meta":"","header-main-stick-meta":"","header-below-stick-meta":"","astra-migrate-meta-layouts":"set","ast-page-background-enabled":"default","ast-page-background-meta":{"desktop":{"background-color":"","background-image":"","background-repeat":"repeat","background-position":"center center","background-size":"auto","background-attachment":"scroll","background-type":"","background-media":"","overlay-type":"","overlay-color":"","overlay-opacity":"","overlay-gradient":""},"tablet":{"background-color":"","background-image":"","background-repeat":"repeat","background-position":"center center","background-size":"auto","background-attachment":"scroll","background-type":"","background-media":"","overlay-type":"","overlay-color":"","overlay-opacity":"","overlay-gradient":""},"mobile":{"background-color":"","background-image":"","background-repeat":"repeat","background-position":"center center","background-size":"auto","background-attachment":"scroll","background-type":"","background-media":"","overlay-type":"","overlay-color":"","overlay-opacity":"","overlay-gradient":""}},"ast-content-background-meta":{"desktop":{"background-color":"var(--ast-global-color-5)","background-image":"","background-repeat":"repeat","background-position":"center center","background-size":"auto","background-attachment":"scroll","background-type":"","background-media":"","overlay-type":"","overlay-color":"","overlay-opacity":"","overlay-gradient":""},"tablet":{"background-color":"var(--ast-global-color-5)","background-image":"","background-repeat":"repeat","background-position":"center center","background-size":"auto","background-attachment":"scroll","background-type":"","background-media":"","overlay-type":"","overlay-color":"","overlay-opacity":"","overlay-gradient":""},"mobile":{"background-color":"var(--ast-global-color-5)","background-image":"","background-repeat":"repeat","background-position":"center center","background-size":"auto","background-attachment":"scroll","background-type":"","background-media":"","overlay-type":"","overlay-color":"","overlay-opacity":"","overlay-gradient":""}},"_FSMCFIC_featured_image_caption":"","_FSMCFIC_featured_image_nocaption":"","_FSMCFIC_featured_image_hide":"","footnotes":""},"class_list":["post-3138","page","type-page","status-publish","hentry"],"_links":{"self":[{"href":"https:\/\/www.hausarzt-muehlheim.de\/index.php\/wp-json\/wp\/v2\/pages\/3138","targetHints":{"allow":["GET"]}}],"collection":[{"href":"https:\/\/www.hausarzt-muehlheim.de\/index.php\/wp-json\/wp\/v2\/pages"}],"about":[{"href":"https:\/\/www.hausarzt-muehlheim.de\/index.php\/wp-json\/wp\/v2\/types\/page"}],"author":[{"embeddable":true,"href":"https:\/\/www.hausarzt-muehlheim.de\/index.php\/wp-json\/wp\/v2\/users\/1"}],"replies":[{"embeddable":true,"href":"https:\/\/www.hausarzt-muehlheim.de\/index.php\/wp-json\/wp\/v2\/comments?post=3138"}],"version-history":[{"count":8,"href":"https:\/\/www.hausarzt-muehlheim.de\/index.php\/wp-json\/wp\/v2\/pages\/3138\/revisions"}],"predecessor-version":[{"id":3382,"href":"https:\/\/www.hausarzt-muehlheim.de\/index.php\/wp-json\/wp\/v2\/pages\/3138\/revisions\/3382"}],"up":[{"embeddable":true,"href":"https:\/\/www.hausarzt-muehlheim.de\/index.php\/wp-json\/wp\/v2\/pages\/2262"}],"wp:attachment":[{"href":"https:\/\/www.hausarzt-muehlheim.de\/index.php\/wp-json\/wp\/v2\/media?parent=3138"}],"curies":[{"name":"wp","href":"https:\/\/api.w.org\/{rel}","templated":true}]}}