{"id":3023,"date":"2023-11-25T23:36:49","date_gmt":"2023-11-25T21:36:49","guid":{"rendered":"https:\/\/www.hausarzt-muehlheim.de\/?page_id=3023"},"modified":"2024-08-29T15:58:15","modified_gmt":"2024-08-29T13:58:15","slug":"sichere-email-kommunikation","status":"publish","type":"page","link":"https:\/\/www.hausarzt-muehlheim.de\/index.php\/sichere-email-kommunikation\/","title":{"rendered":"Sichere Email-Kommunikation"},"content":{"rendered":"\n<p>Wirksamer Datenschutz ist wichtig.<\/p>\n\n\n\n<p>Eine klassische Email besitzt eine geringe Datensicherheit &#8211; vergleichbar einer Postkarte oder einem Fax. Sie kann sehr leicht von unbeteiligten Dritten mitgelesen werden.<\/p>\n\n\n\n<p>Wir bieten Ihnen daher die M\u00f6glichkeit, mit uns verschl\u00fcsselt per Email zu kommunizieren. F\u00fcr die Datensicherheit ist dabei v.a. der Absender einer Email verantwortlich. Wir empfehlen Ihnen, uns Ihre sensiblen medizinischen Daten in einer PGP-verschl\u00fcsselten Email zuzusenden. Alternativ k\u00f6nnen Sie eine PDF-Datei mit einem Passwort versehen, uns zusenden und das Passwort zur Entschl\u00fcsselung per Telefon mitteilen.<\/p>\n\n\n\n<p>Wir verschl\u00fcsseln nicht automatisch jede Email &#8211; nur diejenigen, in denen es um sensible medizinische Daten geht.<\/p>\n\n\n\n<p>Je nach Ihren W\u00fcnschen, Bed\u00fcrfnissen und technischen Vorkenntnissen bieten wir Ihnen unterschiedliche M\u00f6glichkeiten zur verschl\u00fcsselten Kommunikation.<\/p>\n\n\n\n<blockquote class=\"wp-block-quote is-layout-flow wp-block-quote-is-layout-flow\">\n<p>Wenn Sie regelm\u00e4\u00dfig mit uns ausnahmslos verschl\u00fcsselt kommunizieren m\u00f6chten, so teilen Sie uns dies bitte unter Angabe des Verschl\u00fcsselungsweges mit.<\/p>\n<\/blockquote>\n\n\n\n<h2 class=\"wp-block-heading\">Email-Verschl\u00fcsselung als PDF-Datei mit Passwort<\/h2>\n\n\n\n<p>Sie erhalten von uns eine Email mit einer PDF-Datei im Anhang. Diese ist nur mit einem zuvor vereinbarten Passwort zu \u00f6ffnen. Die PDF-Datei enth\u00e4lt den eigentlichen Email-Text.<\/p>\n\n\n\n<p>Es besteht auch die M\u00f6glichkeit, Anh\u00e4nge wie Bilddokumente oder weitere PDF-Dateien (z.B. mit Befunden) in die verschl\u00fcsselte PDF-Datei einzubetten. Auch diese sind nur mit dem Passwort zug\u00e4ngig.<\/p>\n\n\n\n<figure class=\"wp-block-image aligncenter size-large is-resized\"><img loading=\"lazy\" decoding=\"async\" width=\"1024\" height=\"975\" src=\"https:\/\/www.hausarzt-muehlheim.de\/wp-content\/uploads\/2023\/11\/ciphermail_email-1024x975.png\" alt=\"\" class=\"wp-image-3029\" style=\"width:415px;height:auto\" srcset=\"https:\/\/www.hausarzt-muehlheim.de\/wp-content\/uploads\/2023\/11\/ciphermail_email-1024x975.png 1024w, https:\/\/www.hausarzt-muehlheim.de\/wp-content\/uploads\/2023\/11\/ciphermail_email-300x286.png 300w, https:\/\/www.hausarzt-muehlheim.de\/wp-content\/uploads\/2023\/11\/ciphermail_email-200x190.png 200w, https:\/\/www.hausarzt-muehlheim.de\/wp-content\/uploads\/2023\/11\/ciphermail_email-768x731.png 768w, https:\/\/www.hausarzt-muehlheim.de\/wp-content\/uploads\/2023\/11\/ciphermail_email.png 1206w\" sizes=\"auto, (max-width: 1024px) 100vw, 1024px\" \/><figcaption class=\"wp-element-caption\">Beispiel einer Email mit verschl\u00fcsseltem PDF im Anhang<\/figcaption><\/figure>\n\n\n\n<p>Verwenden Sie zum \u00d6ffnen einer PDF-Datei mit Anh\u00e4ngen bzw. Anlagen <strong><mark style=\"background-color:rgba(0, 0, 0, 0);color:#ff0000\" class=\"has-inline-color\">ausschlie\u00dflich den <em>Acrobat Reader<\/em><\/mark><\/strong>, den Sie <a href=\"https:\/\/get.adobe.com\/de\/reader\/\" target=\"_blank\" rel=\"noreferrer noopener\">unter diesem Link<\/a> herunterladen k\u00f6nnen &#8211; auch f\u00fcr iPhone und iPad finden Sie die App im Appstore. Viele Apps, auch &#8222;Vorschau&#8220; auf dem Mac\/iPhone\/iPad, k\u00f6nnen die enthaltenen Anlagen <strong>nicht<\/strong> anzeigen.<\/p>\n\n\n\n<h2 class=\"wp-block-heading\">Email-Verschl\u00fcsselung mit PGP \/ GPG<\/h2>\n\n\n\n<p>Eine verh\u00e4ltnism\u00e4\u00dfig einfache und dazu extrem sichere Verschl\u00fcsselungstechnik bietet PGP bzw. GPG.<\/p>\n\n\n\n<p>Zu Beginn tauschen wir mit Ihnen den \u00f6ffentlichen Schl\u00fcssel aus und beglaubigen diesen intern. Im Anschluss erfolgt die komplette Kommunikation zwischen Ihnen und uns nur noch verschl\u00fcsselt &#8211; und das mit milit\u00e4rischer Sicherheit.<\/p>\n\n\n\n<p><a href=\"https:\/\/www.hausarzt-muehlheim.de\/index.php\/downloads\/\" data-type=\"page\" data-id=\"240\">Unseren \u00f6ffentlichen Schl\u00fcssel k\u00f6nnen Sie hier herunterladen.<\/a><\/p>\n\n\n\n<h2 class=\"wp-block-heading\">Weiterf\u00fchrende Links<\/h2>\n\n\n\n<p>Wir k\u00f6nnen Ihnen keine technische Unterst\u00fctzung und keinen Support anbieten, daf\u00fcr aber Hinweise zu weiterf\u00fchrender Lekt\u00fcre geben:<\/p>\n\n\n\n<p><a href=\"https:\/\/support.mozilla.org\/de\/kb\/openpgp-in-thunderbird-leitfaden-und-faqs\" target=\"_blank\" rel=\"noreferrer noopener\">Anleitung f\u00fcr Verschl\u00fcsselung im Email-Programm &#8222;Thunderbird&#8220;<\/a><\/p>\n\n\n\n<p><a href=\"https:\/\/files.gpg4win.org\/doc\/gpg4win-compendium-de.pdf\" target=\"_blank\" rel=\"noreferrer noopener\">GPG-Kompendium &#8211; Eine umfassende Anleitung und Dokumentation der kostenlosen Verschl\u00fcsselungssoftware<\/a><\/p>\n\n\n\n<p><a href=\"https:\/\/www.ciphermail.info\" target=\"_blank\" rel=\"noreferrer noopener\">Ciphermail &#8211; unsere Software zur leichten Integration der Verschl\u00fcsselung in unsere Arbeitsabl\u00e4ufe<\/a><\/p>\n","protected":false},"excerpt":{"rendered":"<p>Wirksamer Datenschutz ist wichtig. Eine klassische Email besitzt eine geringe Datensicherheit &#8211; vergleichbar einer Postkarte oder einem Fax. Sie kann sehr leicht von unbeteiligten Dritten mitgelesen werden. Wir bieten Ihnen daher die M\u00f6glichkeit, mit uns verschl\u00fcsselt per Email zu kommunizieren. F\u00fcr die Datensicherheit ist dabei v.a. der Absender einer Email verantwortlich. Wir empfehlen Ihnen, uns [&hellip;]<\/p>\n","protected":false},"author":1,"featured_media":704,"parent":0,"menu_order":0,"comment_status":"closed","ping_status":"closed","template":"","meta":{"site-sidebar-layout":"default","site-content-layout":"","ast-site-content-layout":"default","site-content-style":"default","site-sidebar-style":"default","ast-global-header-display":"","ast-banner-title-visibility":"","ast-main-header-display":"","ast-hfb-above-header-display":"","ast-hfb-below-header-display":"","ast-hfb-mobile-header-display":"","site-post-title":"","ast-breadcrumbs-content":"","ast-featured-img":"","footer-sml-layout":"","ast-disable-related-posts":"","theme-transparent-header-meta":"","adv-header-id-meta":"","stick-header-meta":"","header-above-stick-meta":"","header-main-stick-meta":"","header-below-stick-meta":"","astra-migrate-meta-layouts":"set","ast-page-background-enabled":"default","ast-page-background-meta":{"desktop":{"background-color":"","background-image":"","background-repeat":"repeat","background-position":"center center","background-size":"auto","background-attachment":"scroll","background-type":"","background-media":"","overlay-type":"","overlay-color":"","overlay-opacity":"","overlay-gradient":""},"tablet":{"background-color":"","background-image":"","background-repeat":"repeat","background-position":"center center","background-size":"auto","background-attachment":"scroll","background-type":"","background-media":"","overlay-type":"","overlay-color":"","overlay-opacity":"","overlay-gradient":""},"mobile":{"background-color":"","background-image":"","background-repeat":"repeat","background-position":"center center","background-size":"auto","background-attachment":"scroll","background-type":"","background-media":"","overlay-type":"","overlay-color":"","overlay-opacity":"","overlay-gradient":""}},"ast-content-background-meta":{"desktop":{"background-color":"var(--ast-global-color-5)","background-image":"","background-repeat":"repeat","background-position":"center center","background-size":"auto","background-attachment":"scroll","background-type":"","background-media":"","overlay-type":"","overlay-color":"","overlay-opacity":"","overlay-gradient":""},"tablet":{"background-color":"var(--ast-global-color-5)","background-image":"","background-repeat":"repeat","background-position":"center center","background-size":"auto","background-attachment":"scroll","background-type":"","background-media":"","overlay-type":"","overlay-color":"","overlay-opacity":"","overlay-gradient":""},"mobile":{"background-color":"var(--ast-global-color-5)","background-image":"","background-repeat":"repeat","background-position":"center center","background-size":"auto","background-attachment":"scroll","background-type":"","background-media":"","overlay-type":"","overlay-color":"","overlay-opacity":"","overlay-gradient":""}},"_FSMCFIC_featured_image_caption":"Server (Adobe Stock Photo)","_FSMCFIC_featured_image_nocaption":"","_FSMCFIC_featured_image_hide":"","footnotes":""},"class_list":["post-3023","page","type-page","status-publish","has-post-thumbnail","hentry"],"_links":{"self":[{"href":"https:\/\/www.hausarzt-muehlheim.de\/index.php\/wp-json\/wp\/v2\/pages\/3023","targetHints":{"allow":["GET"]}}],"collection":[{"href":"https:\/\/www.hausarzt-muehlheim.de\/index.php\/wp-json\/wp\/v2\/pages"}],"about":[{"href":"https:\/\/www.hausarzt-muehlheim.de\/index.php\/wp-json\/wp\/v2\/types\/page"}],"author":[{"embeddable":true,"href":"https:\/\/www.hausarzt-muehlheim.de\/index.php\/wp-json\/wp\/v2\/users\/1"}],"replies":[{"embeddable":true,"href":"https:\/\/www.hausarzt-muehlheim.de\/index.php\/wp-json\/wp\/v2\/comments?post=3023"}],"version-history":[{"count":11,"href":"https:\/\/www.hausarzt-muehlheim.de\/index.php\/wp-json\/wp\/v2\/pages\/3023\/revisions"}],"predecessor-version":[{"id":3270,"href":"https:\/\/www.hausarzt-muehlheim.de\/index.php\/wp-json\/wp\/v2\/pages\/3023\/revisions\/3270"}],"wp:featuredmedia":[{"embeddable":true,"href":"https:\/\/www.hausarzt-muehlheim.de\/index.php\/wp-json\/wp\/v2\/media\/704"}],"wp:attachment":[{"href":"https:\/\/www.hausarzt-muehlheim.de\/index.php\/wp-json\/wp\/v2\/media?parent=3023"}],"curies":[{"name":"wp","href":"https:\/\/api.w.org\/{rel}","templated":true}]}}