{"id":297,"date":"2015-04-23T08:00:51","date_gmt":"2015-04-23T06:00:51","guid":{"rendered":"http:\/\/www.hausarzt-muehlheim.de\/?page_id=297"},"modified":"2026-04-13T15:10:59","modified_gmt":"2026-04-13T13:10:59","slug":"forschung","status":"publish","type":"page","link":"https:\/\/www.hausarzt-muehlheim.de\/index.php\/forschung-und-lehre\/forschung\/","title":{"rendered":"Forschung"},"content":{"rendered":"\n<h2 class=\"wp-block-heading\">&#8222;Unser Labor ist die Praxis&#8220;<\/h2>\n\n\n\n<p>Dr. Vondung&nbsp;ist Mitglied im Forschungspraxennetz Allgemeinmedizin Dresden\/Frankfurt am Main (ForN, SaxoForN) und arbeitet an wissenschaftlichen Projekten und Studien mit, die sich besonders mit der haus\u00e4rztlichen Versorgungsforschung besch\u00e4ftigen.<\/p>\n\n\n\n<p>Beispiele daf\u00fcr sind in der Aufz\u00e4hlung unserer bisherigen Projektteilnahmen am Ende dieser Seite zu finden.<\/p>\n\n\n\n<p>Alle \u00c4rztinnen und \u00c4rzte der Praxis bilden sich regelm\u00e4\u00dfig zertifiziert und industrie-unabh\u00e4ngig fort.<\/p>\n\n\n\n<p>Im April 2015 wurde die Praxis als &#8222;<em><a href=\"http:\/\/www.allgemeinmedizin.uni-frankfurt.de\/forschung4\/forn.html\" target=\"_blank\" rel=\"noopener noreferrer\">Forschungspraxis der Johann Wolfgang Goethe-Universit\u00e4t Frankfurt am Main<\/a><\/em>&#8220; akkreditiert und 2021 bzw. 2025 re-akkreditiert.<\/p>\n\n\n\n<h2 class=\"wp-block-heading\">&#8222;Werde ich Versuchskaninchen?&#8220;<\/h2>\n\n\n\n<p>Sie m\u00fcssen keine Bedenken&nbsp;haben, bei einem Besuch unserer Praxis ohne Ihr Wissen an einer Studie teilzunehmen. Das w\u00e4re unethisch&nbsp;und rechtlich auch gar nicht zul\u00e4ssig.<\/p>\n\n\n\n<p>Wenn Sie f\u00fcr eine Studie in Frage kommen, sprechen wir Sie von uns aus aktiv an. Sie erhalten im Falle einer Teilnahme eine eingehende m\u00fcndliche und schriftliche Aufkl\u00e4rung \u00fcber alle Aspekte des Projekts sowie eine(n) festen Ansprechpartner(in) in der Praxis. Voraussetzung f\u00fcr die Teilnahme ist eine schriftliche Einverst\u00e4ndniserkl\u00e4rung.<\/p>\n\n\n\n<h2 class=\"wp-block-heading\">Cui bono? Wem n\u00fctzt es?<\/h2>\n\n\n\n<p>Alle Studien, an denen wir teilnehmen, sind \u00f6ffentlich finanziert und werden von einer \u00f6ffentlichen Einrichtung, z.B. der Universit\u00e4t Frankfurt, geleitet. Die Fragestellungen sind direkt auf die Versorgungsrealit\u00e4t eines Hausarztes bezogen, die Ergebnisse kommen somit direkt in der allt\u00e4glichen Patientenversorgung an.<\/p>\n\n\n\n<p>Wir erhalten daf\u00fcr eine geringe Aufwandsentsch\u00e4digung (i.d.R. wenige Euro pro Studienteilnehmer), die eine Anerkennung, aber keinesfalls eine kostendeckende Entlohnung darstellt.<\/p>\n\n\n\n<p>Bei uns werden keine Medikamentenstudien durchgef\u00fchrt. Auch f\u00fchren wir keine Studien in Zusammenarbeit mit der pharmazeutischen Industrie oder privaten Instituten durch, auch keine Anwendungsbeobachtungen. Motivation f\u00fcr uns ist eine interessante und abwechslungsreiche wissenschaftliche Arbeit, die unmittelbaren Einfluss auf k\u00fcnftige Handlungsempfehlungen f\u00fcr \u00c4rzte oder die Gesundheitspolitik hat.<\/p>\n\n\n\n<h2 class=\"wp-block-heading\">Ansprechpartner<\/h2>\n\n\n\n<p>Die wissenschaftliche Arbeit ist bei uns wie \u00fcberall Teamarbeit.<\/p>\n\n\n\n<p>Neben Dr. Vondung als Leiter dieser Forschungpraxis ist Frau Dominique Schmitt (Vertretung: Lea St\u00fcwe) als &#8222;Study Nurse&#8220; (\u201e<em>Studienschwester<\/em>\u201c) jederzeit ansprechbar.<\/p>\n\n\n\n<h2 class=\"wp-block-heading\">Bisherige Studien- \/ Projektteilnahmen (Auswahl)<\/h2>\n\n\n\n<blockquote class=\"wp-block-quote is-layout-flow wp-block-quote-is-layout-flow\">\n<p>Institut f\u00fcr Allgemeinmedizin der Johann Wolfgang Goethe-Universit\u00e4t Frankfurt:<\/p>\n\n\n\n<p>&#8222;Famili\u00e4res Risiko f\u00fcr Darmkrebs &#8211; Fr\u00fcherkennung im haus\u00e4rztlichen Setting (FRIDA.Frankfurt)&#8220;<\/p>\n<\/blockquote>\n\n\n\n<blockquote class=\"wp-block-quote is-layout-flow wp-block-quote-is-layout-flow\">\n<p>Institut f\u00fcr Allgemeinmedizin der Johann Wolfgang Goethe-Universit\u00e4t Frankfurt:<\/p>\n\n\n\n<p>&#8222;Primary Care Management for Optimized Antithrombotic Treatment (PICANT)&#8220;<\/p>\n\n\n\n<p><a href=\"http:\/\/www.picant-studie.de\">www.picant-studie.de<\/a><\/p>\n<\/blockquote>\n\n\n\n<blockquote class=\"wp-block-quote is-layout-flow wp-block-quote-is-layout-flow\">\n<p>Pilotstudie des Robert-Koch-Instituts (RKI):<\/p>\n\n\n\n<p>&#8222;Identifizierung von Risiko-, Begleit- und Folgeerkrankungen f\u00fcr Influenza und ambulant erworbene Pneumonie in Deutschland auf der Grundlage einer computergest\u00fctzten Surveillance mittels ICD-10-Diagnosecodes&#8220;<\/p>\n\n\n\n<p><a href=\"https:\/\/influenza.rki.de\/InfluPneu.aspx\" target=\"_blank\" rel=\"noopener noreferrer\">Link<\/a><\/p>\n<\/blockquote>\n\n\n\n<blockquote class=\"wp-block-quote is-layout-flow wp-block-quote-is-layout-flow\">\n<p>Institut f\u00fcr Allgemeinmedizin der Johann Wolfgang Goethe-Universit\u00e4t Frankfurt:<\/p>\n\n\n\n<p>Evaluation und Validierung der Mini-Checkliste <strong>MiChe<\/strong>.<\/p>\n\n\n\n<p>Evaluation Frailty-Screening<\/p>\n<\/blockquote>\n\n\n\n<blockquote class=\"wp-block-quote is-layout-flow wp-block-quote-is-layout-flow\">\n<p>Robert-Koch-Institut<\/p>\n\n\n\n<p>St\u00e4ndige Sentinel- und Surveillance-Praxis f\u00fcr die <a href=\"http:\/\/influenza.rki.de\" target=\"_new\" rel=\"noopener noreferrer\">Arbeitsgemeinschaft Influenza<\/a> (<em>Projekt zur Surveillance akuter respiratorischer Erkrankungen des Hessischen Landespr\u00fcfungs- und Untersuchungsamtes im Gesundheitswesen und des Robert Koch-Instituts<\/em>) und die <a href=\"http:\/\/www.rki.de\/DE\/Content\/Infekt\/Sentinel\/varizellen\/varizellen_node.html\" target=\"_new\" rel=\"noopener noreferrer\">Arbeitsgemeinschaft Varizellen<\/a>.<\/p>\n\n\n\n<p><a href=\"https:\/\/influenza.rki.de\/Diagrams.aspx?agiRegion=0\" target=\"_blank\" rel=\"noopener noreferrer\">Link zur AG Influenza<\/a><\/p>\n<\/blockquote>\n\n\n\n<blockquote class=\"wp-block-quote is-layout-flow wp-block-quote-is-layout-flow\">\n<p>Universit\u00e4tsklinikum Frankfurt &#8211; Klinik f\u00fcr Psychiatrie, Psychosomatik und Psychotherapie in Kooperation mit dem Institut f\u00fcr Allgemeinmedizin der Johann Wolfgang Goethe-Universit\u00e4t Frankfurt:<\/p>\n\n\n\n<p><strong>PReDicT<\/strong> \u2013 Personalisierte Medizin in der Behandlung mit Antidepressiva<\/p>\n<\/blockquote>\n\n\n\n<blockquote class=\"wp-block-quote is-layout-flow wp-block-quote-is-layout-flow\">\n<p>Institut f\u00fcr Allgemeinmedizin der Johann Wolfgang Goethe-Universit\u00e4t Frankfurt:<\/p>\n\n\n\n<p><strong>PANORA<\/strong>-Studie<br>Pr\u00e4valenz von anti-CCP Antik\u00f6rpern bei Patienten mit neuen Beschwerden des Bewegungsapparates als Symptom einer Reumatoiden Arthritis in deutschen Hausarztpraxen<\/p>\n<\/blockquote>\n\n\n\n<blockquote class=\"wp-block-quote is-layout-flow wp-block-quote-is-layout-flow\">\n<p>Kassen\u00e4rztliche Vereinigung Hessen; TelePsy Deutschland GmbH; Klinik Universit\u00e4t M\u00fcnchen, Institut f\u00fcr Allgemeinmedizin; Goethe-Universit\u00e4t Frankfurt am Main, Institut f\u00fcr Allgemeinmedizin; Universit\u00e4tsklinikum Hamburg-Eppendorf, Institut f\u00fcr Gesundheits\u00f6konomie und Versorgungsforschung:<\/p>\n\n\n\n<p><strong>PREMA<\/strong> &#8211; eHealth gest\u00fctztes Case-Management f\u00fcr psychisch Erkrankte in der haus\u00e4rztlichen Prim\u00e4rversorgung<\/p>\n\n\n\n<p><a href=\"https:\/\/innovationsfonds.g-ba.de\/projekte\/neue-versorgungsformen\/prema-ehealth-gestuetztes-case-management-fuer-psychisch-erkrankte-in-der-hausaerztlichen-primaerversorgung.182\" target=\"_new\" rel=\"noopener noreferrer\">Link zur Studie<\/a><\/p>\n<\/blockquote>\n\n\n\n<blockquote class=\"wp-block-quote is-layout-flow wp-block-quote-is-layout-flow\">\n<p>Institut f\u00fcr Allgemeinmedizin der Universit\u00e4t Frankfurt (Forschungsnetzwerk)<br><strong>HYPERION-Transcare<\/strong> Experten-Interview vor Beginn der Pilotstudie<br>Die Studie hat das Ziel eine komplexe Intervention zu entwickeln und zu testen, um die intersektorale Arzneimitteltherapie bei mehrfacherkrankten Patienten mit Multimedikation angemessener zu machen.<\/p>\n<\/blockquote>\n\n\n\n<blockquote class=\"wp-block-quote is-layout-flow wp-block-quote-is-layout-flow\">\n<p>Institut f\u00fcr Allgemeinmedizin der Universit\u00e4t Frankfurt (Forschungsnetzwerk)<br><strong><a href=\"http:\/\/www.allgemeinmedizin.uni-frankfurt.de\/forschung5\/covidathome.html\" target=\"_blank\" rel=\"noreferrer noopener\">Covid-19@home<\/a><\/strong><br>App-gest\u00fctztes h\u00e4usliches Monitoring von Gesundheitsdaten bei Patienten mit COVID19-Infektion<\/p>\n<\/blockquote>\n\n\n\n<blockquote class=\"wp-block-quote is-layout-flow wp-block-quote-is-layout-flow\">\n<p>Institut f\u00fcr Allgemeinmedizin der Universit\u00e4t Frankfurt (Forschungsnetzwerk SaxoForN)<br><a href=\"https:\/\/www.saxoforn.net\/laufendes-projekt\/digaps-digitale-gesundheitsanwendungen-fuer-psychische-erkrankungen-auf-dem-pruefstand\" target=\"_blank\" rel=\"noreferrer noopener\"><strong>DiGAPS<\/strong><\/a><br>Digitale Gesundheitsanwendungen f\u00fcr psychische Erkrankungen auf dem Pr\u00fcfstand<\/p>\n<\/blockquote>\n\n\n\n<blockquote class=\"wp-block-quote is-layout-flow wp-block-quote-is-layout-flow\">\n<p>Institut f\u00fcr Allgemeinmedizin der Universit\u00e4t Frankfurt (Forschungsnetzwerk SaxoForN)<br><strong><a href=\"https:\/\/www.saxoforn.net\/laufendes-projekt\/lotecas-gp\" target=\"_blank\" rel=\"noreferrer noopener\">LoTeCaS-GP<\/a><\/strong> (Langzeit\u00fcberlebende einer Krebserkranung in der allgemeinmedizinischen Versorgung)<\/p>\n\n\n\n<ol class=\"wp-block-list\">\n<li>Welche Informationen sind f\u00fcr Haus\u00e4rzt*innen und Patient*innen (aus der onkologischen Versorgung) n\u00fctzlich, um eine langfristige haus\u00e4rztliche Betreuung und Begleitung sicherzustellen? &#8211; Phase 1 der Studie<\/li>\n\n\n\n<li>Welche Merkmale lassen sich zu Langzeit\u00fcberlebenden nach einer Krebserkrankung aus dem haus\u00e4rztlichen Praxisverwaltungssystem erfassen, welche weiteren Informationen w\u00e4ren f\u00fcr die haus\u00e4rztliche Versorgung relevant? Was ist betroffenen Patient*innen dabei wichtig? &#8211; Phase 2 der Studie<\/li>\n\n\n\n<li>Workshop \u201eInhalt und Form von Arztbriefen \u00fcber Krebslangzeit\u00fcberlebende\u201c &#8211; Phase 3 der Studie<\/li>\n<\/ol>\n<\/blockquote>\n\n\n\n<blockquote class=\"wp-block-quote is-layout-flow wp-block-quote-is-layout-flow\">\n<p>Haus\u00e4rztliches Forschungspraxennetzwerk NRW (HAFO.NRW \u00fcber Institut f\u00fcr Allgemeinmedizin der Universit\u00e4t Frankfurt, Forschungsnetzwerk SaxoForN)<br><a href=\"https:\/\/www.ifam-essen.de\/forschen\/projekte\/\"><strong>Opus digiCare <\/strong><\/a>(<strong>Op<\/strong>timale&nbsp;<strong>digi<\/strong>tal unterst\u00fctzte, ha<strong>us<\/strong>\u00e4rztliche Versorgung von Patienten in Langzeit-Opiodbehandlung bei chronischer nicht-tumorbedingter Schmerzen)<\/p>\n<\/blockquote>\n\n\n\n<blockquote class=\"wp-block-quote is-layout-flow wp-block-quote-is-layout-flow\">\n<p><a href=\"https:\/\/www.saxoforn.net\/laufendes-projekt\/impro\" target=\"_blank\" rel=\"noreferrer noopener\"><strong>IMPRO-Studie<\/strong> <\/a>(Institut f\u00fcr Allgemeinmedizin der Universit\u00e4t Frankfurt, Forschungsnetzwerk SaxoForN) &#8211; Untersucht wird ein neuer Versorgungsweg f\u00fcr Patient*innen mit Brustschmerzen und dem Verdacht auf eine chronische koronare Herzkrankheit (KHK). Bundesweit nehmen \u00fcber 300 haus\u00e4rztliche, radiologische und kardiologische Praxen an der Studie teil. Patient*innen mit entsprechenden Beschwerden werden in zwei Phasen begleitet: In der Kontrollphase erfolgt die Versorgung wie bisher \u00fcblich. In der anschlie\u00dfenden Interventionsphase wird die neue interdisziplin\u00e4re Methode zur Diagnose und Weiterversorgung \u2013 teils unter Einbezug eines Kardio-CTs \u2013 angewendet. Ziel ist es, herauszufinden, welcher Versorgungsweg sich langfristig besser bew\u00e4hrt.<\/p>\n<\/blockquote>\n\n\n\n<blockquote class=\"wp-block-quote is-layout-flow wp-block-quote-is-layout-flow\">\n<p>Unterst\u00fctzung bei der Patientenrekrutierung f\u00fcr die Forschungsarbeit <strong>&#8222;Patient Engagement in the mHealth-Supported Patient-Doctor Relationship: A Socio-Technical Perspective&#8220;<\/strong> von Angelina Huck, Technische Universit\u00e4t M\u00fcnchen.<\/p>\n<\/blockquote>\n\n\n\n<blockquote class=\"wp-block-quote is-layout-flow wp-block-quote-is-layout-flow\">\n<p>Interview f\u00fcr die Bachelorarbeit <strong>&#8222;Digital Mental Health Care: Investigating the Usage of Digital Therapeutics on Prescription from the Perspective of Health Care Providers&#8220;<\/strong> von Bernhard Ziegler, Technische Universit\u00e4t M\u00fcnchen, zur Verschreibung und Nutzung von Digitalen Gesundheitsanwendungen (DiGa).<\/p>\n<\/blockquote>\n","protected":false},"excerpt":{"rendered":"<p>&#8222;Unser Labor ist die Praxis&#8220; Dr. Vondung&nbsp;ist Mitglied im Forschungspraxennetz Allgemeinmedizin Dresden\/Frankfurt am Main (ForN, SaxoForN) und arbeitet an wissenschaftlichen Projekten und Studien mit, die sich besonders mit der haus\u00e4rztlichen Versorgungsforschung besch\u00e4ftigen. Beispiele daf\u00fcr sind in der Aufz\u00e4hlung unserer bisherigen Projektteilnahmen am Ende dieser Seite zu finden. Alle \u00c4rztinnen und \u00c4rzte der Praxis bilden sich [&hellip;]<\/p>\n","protected":false},"author":1,"featured_media":2449,"parent":2262,"menu_order":1,"comment_status":"closed","ping_status":"closed","template":"","meta":{"site-sidebar-layout":"default","site-content-layout":"default","ast-site-content-layout":"default","site-content-style":"default","site-sidebar-style":"default","ast-global-header-display":"","ast-banner-title-visibility":"","ast-main-header-display":"","ast-hfb-above-header-display":"","ast-hfb-below-header-display":"","ast-hfb-mobile-header-display":"","site-post-title":"","ast-breadcrumbs-content":"","ast-featured-img":"","footer-sml-layout":"","ast-disable-related-posts":"","theme-transparent-header-meta":"default","adv-header-id-meta":"","stick-header-meta":"","header-above-stick-meta":"","header-main-stick-meta":"","header-below-stick-meta":"","astra-migrate-meta-layouts":"set","ast-page-background-enabled":"default","ast-page-background-meta":{"desktop":{"background-color":"","background-image":"","background-repeat":"repeat","background-position":"center center","background-size":"auto","background-attachment":"scroll","background-type":"","background-media":"","overlay-type":"","overlay-color":"","overlay-opacity":"","overlay-gradient":""},"tablet":{"background-color":"","background-image":"","background-repeat":"repeat","background-position":"center center","background-size":"auto","background-attachment":"scroll","background-type":"","background-media":"","overlay-type":"","overlay-color":"","overlay-opacity":"","overlay-gradient":""},"mobile":{"background-color":"","background-image":"","background-repeat":"repeat","background-position":"center center","background-size":"auto","background-attachment":"scroll","background-type":"","background-media":"","overlay-type":"","overlay-color":"","overlay-opacity":"","overlay-gradient":""}},"ast-content-background-meta":{"desktop":{"background-color":"var(--ast-global-color-5)","background-image":"","background-repeat":"repeat","background-position":"center center","background-size":"auto","background-attachment":"scroll","background-type":"","background-media":"","overlay-type":"","overlay-color":"","overlay-opacity":"","overlay-gradient":""},"tablet":{"background-color":"var(--ast-global-color-5)","background-image":"","background-repeat":"repeat","background-position":"center center","background-size":"auto","background-attachment":"scroll","background-type":"","background-media":"","overlay-type":"","overlay-color":"","overlay-opacity":"","overlay-gradient":""},"mobile":{"background-color":"var(--ast-global-color-5)","background-image":"","background-repeat":"repeat","background-position":"center center","background-size":"auto","background-attachment":"scroll","background-type":"","background-media":"","overlay-type":"","overlay-color":"","overlay-opacity":"","overlay-gradient":""}},"_FSMCFIC_featured_image_caption":"Akkreditierungsurkunde","_FSMCFIC_featured_image_nocaption":"","_FSMCFIC_featured_image_hide":"","footnotes":""},"class_list":["post-297","page","type-page","status-publish","has-post-thumbnail","hentry"],"_links":{"self":[{"href":"https:\/\/www.hausarzt-muehlheim.de\/index.php\/wp-json\/wp\/v2\/pages\/297","targetHints":{"allow":["GET"]}}],"collection":[{"href":"https:\/\/www.hausarzt-muehlheim.de\/index.php\/wp-json\/wp\/v2\/pages"}],"about":[{"href":"https:\/\/www.hausarzt-muehlheim.de\/index.php\/wp-json\/wp\/v2\/types\/page"}],"author":[{"embeddable":true,"href":"https:\/\/www.hausarzt-muehlheim.de\/index.php\/wp-json\/wp\/v2\/users\/1"}],"replies":[{"embeddable":true,"href":"https:\/\/www.hausarzt-muehlheim.de\/index.php\/wp-json\/wp\/v2\/comments?post=297"}],"version-history":[{"count":59,"href":"https:\/\/www.hausarzt-muehlheim.de\/index.php\/wp-json\/wp\/v2\/pages\/297\/revisions"}],"predecessor-version":[{"id":3553,"href":"https:\/\/www.hausarzt-muehlheim.de\/index.php\/wp-json\/wp\/v2\/pages\/297\/revisions\/3553"}],"up":[{"embeddable":true,"href":"https:\/\/www.hausarzt-muehlheim.de\/index.php\/wp-json\/wp\/v2\/pages\/2262"}],"wp:featuredmedia":[{"embeddable":true,"href":"https:\/\/www.hausarzt-muehlheim.de\/index.php\/wp-json\/wp\/v2\/media\/2449"}],"wp:attachment":[{"href":"https:\/\/www.hausarzt-muehlheim.de\/index.php\/wp-json\/wp\/v2\/media?parent=297"}],"curies":[{"name":"wp","href":"https:\/\/api.w.org\/{rel}","templated":true}]}}