{"id":2937,"date":"2023-12-14T11:37:37","date_gmt":"2023-12-14T09:37:37","guid":{"rendered":"https:\/\/www.hausarzt-muehlheim.de\/?page_id=2937"},"modified":"2026-03-02T10:11:18","modified_gmt":"2026-03-02T08:11:18","slug":"erezept","status":"publish","type":"page","link":"https:\/\/www.hausarzt-muehlheim.de\/index.php\/leistungsangebot\/erezept\/","title":{"rendered":"eRezept"},"content":{"rendered":"\n<p>Mit dem 1. Januar 2024 wird das elektronische Rezept f\u00fcr alle Praxen in Deutschland verpflichtend eingef\u00fchrt. Wir schalten es ab dem 18.12.23 &#8222;scharf&#8220;.<\/p>\n\n\n\n<p>Nachfolgend erl\u00e4utern wir Ihnen, was das eRezept ist, wie es funktioniert und was sich f\u00fcr Sie \u00e4ndert.<\/p>\n\n\n\n<p><a href=\"https:\/\/clickdoc.de\/cd-de\/eRezept?mtm_campaign=CLI-E-Rezept-CGM-Produktseite&amp;mtm_source=Produktseite&amp;mtm_medium=cgm.com\" target=\"_blank\" rel=\"noreferrer noopener\">Informationsseite unseres Software-Anbieters CGM zum eRezept<\/a><\/p>\n\n\n\n<h2 class=\"wp-block-heading\">Was ist das eRezept?<\/h2>\n\n\n\n<p>Mit dem eRezept kann Ihre \u00c4rztin bzw. Ihr Arzt rezeptpflichtige Medikamente digital verordnen. Sie k\u00f6nnen Ihre eRezepte papierlos in der Apotheke einl\u00f6sen oder per Smartphone-App verwalten und bestellen.<\/p>\n\n\n\n<p>Das eRezept wird dabei direkt nach Ausstellung und digitaler Signatur durch die Arztpraxis zentral auf einem hochsicheren Server, der sogenannten Telematik-Infrastruktur gespeichert und kann \u00fcber Ihre Versichertenkarte, ersatzweise einen Matrix-Code auf Papier oder in manchen F\u00e4llen vom Handybildschirm in der Apotheke ausgelesen werden.<\/p>\n\n\n\n<p>Das eRezept gibt es vorl\u00e4ufig nur f\u00fcr Medikamente, die bisher auf dem rosafarbenen Rezept verordnet wurden, nicht f\u00fcr Bet\u00e4ubungsmittel oder Hilfsmittel. F\u00fcr Privatversicherte gibt es weiterhin das blaue Rezept.<\/p>\n\n\n\n<h2 class=\"wp-block-heading\">Wie erhalte ich mein eRezept und meine Medikamente?<\/h2>\n\n\n\n<figure class=\"wp-block-image aligncenter size-full\"><img loading=\"lazy\" decoding=\"async\" width=\"347\" height=\"281\" src=\"https:\/\/www.hausarzt-muehlheim.de\/wp-content\/uploads\/2023\/12\/Flowchart-eRezept.png\" alt=\"Flowchart eRezept\" class=\"wp-image-3100\" srcset=\"https:\/\/www.hausarzt-muehlheim.de\/wp-content\/uploads\/2023\/12\/Flowchart-eRezept.png 347w, https:\/\/www.hausarzt-muehlheim.de\/wp-content\/uploads\/2023\/12\/Flowchart-eRezept-300x243.png 300w, https:\/\/www.hausarzt-muehlheim.de\/wp-content\/uploads\/2023\/12\/Flowchart-eRezept-200x162.png 200w\" sizes=\"auto, (max-width: 347px) 100vw, 347px\" \/><figcaption class=\"wp-element-caption\">Flowchart eRezept<\/figcaption><\/figure>\n\n\n\n<ul class=\"wp-block-list\">\n<li>Rezepte f\u00fcr Ihre Dauermedikation bestellen Sie wie gewohnt per Email, Telefon oder Webseiten-Formular.<br>Nachdem die Rezepte vom Personal geschrieben und vom Arzt gepr\u00fcft und freigegeben worden sind, k\u00f6nnen Sie Medikamente direkt in der Apotheke ohne Umweg \u00fcber die Arztpraxis abholen. Zwischen Bestellung und Abholung muss dabei in der Regel ein halber Arbeitstag vergehen, zu Quartalsbeginn oder nach einem Urlaub auch mal ein ganzer Arbeitstag.<\/li>\n<\/ul>\n\n\n\n<p class=\"has-text-align-center\"><a href=\"https:\/\/play.google.com\/store\/apps\/details?id=com.clickdoc.de\" data-type=\"link\" data-id=\"https:\/\/play.google.com\/store\/apps\/details?id=com.clickdoc.de\" target=\"_blank\" rel=\"noreferrer noopener\"><img loading=\"lazy\" decoding=\"async\" width=\"150\" height=\"45\" class=\"wp-image-2793\" style=\"width: 150px;\" src=\"https:\/\/www.hausarzt-muehlheim.de\/wp-content\/uploads\/2023\/03\/csm_Badge_Google_Play_2022-04-05_1c72ca2523.png\" alt=\"\" srcset=\"https:\/\/www.hausarzt-muehlheim.de\/wp-content\/uploads\/2023\/03\/csm_Badge_Google_Play_2022-04-05_1c72ca2523.png 480w, https:\/\/www.hausarzt-muehlheim.de\/wp-content\/uploads\/2023\/03\/csm_Badge_Google_Play_2022-04-05_1c72ca2523-300x89.png 300w, https:\/\/www.hausarzt-muehlheim.de\/wp-content\/uploads\/2023\/03\/csm_Badge_Google_Play_2022-04-05_1c72ca2523-200x60.png 200w\" sizes=\"auto, (max-width: 150px) 100vw, 150px\" \/><\/a>   <a href=\"https:\/\/apps.apple.com\/de\/app\/clickdoc\/id1427585221\" target=\"_blank\" rel=\"noreferrer noopener\"><img loading=\"lazy\" decoding=\"async\" width=\"150\" height=\"50\" class=\"wp-image-2792\" style=\"width: 150px;\" src=\"https:\/\/www.hausarzt-muehlheim.de\/wp-content\/uploads\/2023\/03\/csm_Badge_Apple_App_Store_2022-04-05_e8517c08be.png\" alt=\"\" srcset=\"https:\/\/www.hausarzt-muehlheim.de\/wp-content\/uploads\/2023\/03\/csm_Badge_Apple_App_Store_2022-04-05_e8517c08be.png 480w, https:\/\/www.hausarzt-muehlheim.de\/wp-content\/uploads\/2023\/03\/csm_Badge_Apple_App_Store_2022-04-05_e8517c08be-300x100.png 300w, https:\/\/www.hausarzt-muehlheim.de\/wp-content\/uploads\/2023\/03\/csm_Badge_Apple_App_Store_2022-04-05_e8517c08be-200x67.png 200w\" sizes=\"auto, (max-width: 150px) 100vw, 150px\" \/><\/a><\/p>\n\n\n\n<h2 class=\"wp-block-heading\">Das E-Rezept als Ausdruck &#8211; sprechen Sie das Praxispersonal an!<\/h2>\n\n\n\n<p>Wer m\u00f6chte, kann sich das Rezept in der Arztpraxis wie gewohnt ausgedruckt mitnehmen. Dies versuchen wir aber zu vermeiden, um ressourcenschonend zu arbeiten und Ihnen einen unn\u00f6tigen Weg in die Praxis zu ersparen.<\/p>\n\n\n\n<p>Der Zettel ist dann nicht mehr rosafarben wie fr\u00fcher, aber er enth\u00e4lt alle wichtigen Informationen zur Verordnung sowie einen Rezeptcode (&#8222;Matrixcode&#8220;).<br>Aufgrund der digitalen Unterzeichnung ist der Ausdruck auch ohne h\u00e4ndische Unterschrift g\u00fcltig. Das Fachpersonal in der Apotheke scannt den Rezeptcode ab und Sie k\u00f6nnen dann Ihre Medikamente mitnehmen oder bestellen.<br>Wie so ein Ausdruck zu einem E-Rezept aussieht, sehen Sie auf dem Bild.<\/p>\n\n\n\n<figure class=\"wp-block-image aligncenter size-large is-resized\"><img loading=\"lazy\" decoding=\"async\" width=\"1024\" height=\"722\" src=\"https:\/\/www.hausarzt-muehlheim.de\/wp-content\/uploads\/2023\/09\/Ausdruck_Einloesung_eRezept_Freigabe__2021_04_21_web-page-001-1024x722.jpg\" alt=\"Muster eines eRezepts\" class=\"wp-image-2938\" style=\"width:506px;height:357px\"\/><figcaption class=\"wp-element-caption\">Muster eines eRezept-Ausdrucks (Quelle: GEMATIK)<\/figcaption><\/figure>\n\n\n\n<h2 class=\"wp-block-heading\">Was \u00e4ndert sich bei der Rezeptbestellung in der Praxis?<\/h2>\n\n\n\n<figure class=\"wp-block-table is-style-regular\"><table><tbody><tr><td><\/td><td><strong><mark style=\"background-color:rgba(0, 0, 0, 0);color:#ff0000\" class=\"has-inline-color\">BISHER<\/mark><\/strong><\/td><td><strong><mark style=\"background-color:rgba(0, 0, 0, 0);color:#ff0000\" class=\"has-inline-color\">NEU MIT eREZEPT<\/mark><\/strong><\/td><\/tr><tr><td><strong>Chronisch Kranke, regelm\u00e4\u00dfige Medikamenteneinnahme<\/strong><\/td><td>Sie nehmen dauerhaft Medikamente ein, waren im aktellen Quartal aber noch nicht bei uns.<br><br>Sie haben bisher Ihre Medikamente telefonisch per Anruf, Mail oder Formular bestellt. Das Rezept wurde geschrieben und zur Abholung bereitgelegt.<br><br>Bei Abholung haben Sie Ihre Versichertenkarte eingelesen und im Tausch das Rezept erhalten.<\/td><td>Wir ben\u00f6tigen Ihre Versichertenkarte <strong><mark style=\"background-color:rgba(0, 0, 0, 0);color:#ff0000\" class=\"has-inline-color\">IMMER VOR AUSSTELLUNG<\/mark> <\/strong>des Rezepts. Ohne Karte kann kein Rezept ausgestellt oder vorbereitet werden.<br><br>Am besten lassen Sie die Karte immer gleich zu Quartalsbeginn in der Praxis einlesen und stellen dabei sicher, dass bei uns Ihre aktuelle Handynummer hinterlegt ist.<br><br>Im weiteren Verlauf des Quartals k\u00f6nnen Sie dann wie gewohnt per Anruf, Mail oder Formular Ihre Folgerezepte bestellen und holen die Medikamente in der Apotheke ab, nachdem mindestens ein halber Arbeitstag verstrichen ist.<br><br>Im Ausnahmefall kann Ihr Rezept in Papierform zur Abholung bereitgelegt werden.<br><\/td><\/tr><tr><td><strong>Erstkontakt im Quartal bei Akut- \/ Video- \/ Telefonsprechstunde<\/strong><\/td><td>Das Rezept wurde vorbereitet und nach Einlesen der Versichertenkarte abgegeben.<\/td><td>Wir ben\u00f6tigen <strong><mark style=\"background-color:rgba(0, 0, 0, 0);color:#ff0000\" class=\"has-inline-color\">IMMER VOR AUSSTELLUNG<\/mark> <\/strong>des Rezepts <strong><em>entweder <\/em><\/strong>Ihre Versichertenkarte (kann ein Angeh\u00f6riger einlesen lassen) <strong><em>oder <\/em><\/strong>einen schriftlichen Versicherungsnachweis per Email oder Fax (stellt Ihnen Ihre Krankenversicherung auf telefonische Nachfrage oder per App kurzfristig zur Verf\u00fcgung).<\/td><\/tr><\/tbody><\/table><\/figure>\n\n\n\n<h2 class=\"wp-block-heading\">Besonderheiten<\/h2>\n\n\n\n<h3 class=\"wp-block-heading\">Sie bestellen regelm\u00e4\u00dfig Medikamente f\u00fcr Ihr Kind oder einen Angeh\u00f6rigen<\/h3>\n\n\n\n<p>Sie k\u00f6nnen wie oben beschrieben auch f\u00fcr Kinder oder Angeh\u00f6rige Rezepte bestellen.<\/p>\n\n\n\n<p>Zur Abholung legen Sie dann einfach die Versichertenkarte Ihres Kindes oder Angeh\u00f6rigen in der Apotheke vor.<\/p>\n\n\n\n<p>Wenn Sie eine SMS mit Link zum Rezept f\u00fcr Kind oder Angeh\u00f6rige erhalten haben, m\u00fcssen Sie zur Anzeige dann das Geburtsdatum <em>des betroffenen Patienten <\/em>eingeben.<\/p>\n\n\n\n<h3 class=\"wp-block-heading\">Sie haben Ihre Versichertenkarte nicht zur Hand<\/h3>\n\n\n\n<p>Sie k\u00f6nnen sich nicht mit Ihrer Versichertenkarte in der Apotheke ausweisen, um Ihre Medikamente abzuholen?<\/p>\n\n\n\n<p>Kein Problem, Sie bitten uns entweder um einen Papierausdruck des eRezeptes oder um Zusendung per SMS.<\/p>\n\n\n\n<p>Voraussetzung ist, dass Sie in der Praxis einen g\u00fcltigen Versichertennachweis vorgelegt haben.<\/p>\n\n\n\n<h1 class=\"wp-block-heading\">Das eRezept f\u00fcr Fortgeschrittene<\/h1>\n\n\n\n<h2 class=\"wp-block-heading\">Die App zum eRezept<\/h2>\n\n\n\n<p>Die App \u201eDas E-Rezept\u201c der gematik bietet Versicherten komfortable Funktionen, die die Verwaltung und Einl\u00f6sung von eRezepten erleichtern.<\/p>\n\n\n\n<p>So k\u00f6nnen Sie beispielsweise von zu Hause nachsehen, ob Ihr bestelltes Rezept bereits ausgestellt worden ist. Auch besteht die M\u00f6glichkeit, das Rezept direkt zur Apotheke zu \u00fcbermitteln, das Medikament vorzubestellen und ggf. liefern zu lassen.<\/p>\n\n\n\n<p>F\u00fcr die Anmeldung in der App brauchen Sie ein NFC-f\u00e4higes Smartphone sowie eine NFC-f\u00e4hige Gesundheitskarte samt PIN von Ihrer Krankenkasse.<\/p>\n\n\n\n<p>Diese geheime PIN m\u00fcssen Sie explizit bei Ihrer Krankenkasse anfordern.<\/p>\n\n\n\n<p>Mehr Informationen f\u00fcr Versicherte finden Sie auf der Website:<br><a href=\"https:\/\/www.das-e-rezept-fuer-deutschland.de\/app\">https:\/\/www.das-e-rezept-fuer-deutschland.de\/app<\/a><\/p>\n\n\n\n<h2 class=\"wp-block-heading\">Dies kann auf eRezept verordnet werden:<\/h2>\n\n\n\n<ul class=\"wp-block-list\">\n<li>Apothekenpflichtige Arzneimittel (\u201eRosa Rezept\u201c)<\/li>\n\n\n\n<li>Nicht-verschreibungspflichtige Arzneimittel f\u00fcr Kinder unter 12 Jahren<\/li>\n\n\n\n<li>Hinweis: \u201eWunscharzneimittel\u201c k\u00f6nnen von Apotheken gegen Aufzahlung abgegeben werden<\/li>\n\n\n\n<li>Anwendungsfertige Zytostatika-Rezepturen<\/li>\n\n\n\n<li>Esketamin zur intranasalen Anwendung<\/li>\n\n\n\n<li>Entlassrezepte<\/li>\n\n\n\n<li>Blutprodukte, die ausschlie\u00dflich in der Apotheke abgegeben werden k\u00f6nnen<\/li>\n\n\n\n<li>Einzelimporte<\/li>\n\n\n\n<li>Verordnungen im Rahmen von k\u00fcnstlichenBefruchtungen nach \u00a727a SGBV<\/li>\n<\/ul>\n\n\n\n<p>(Stand Januar 2024)<\/p>\n\n\n\n<h2 class=\"wp-block-heading\">Dies kann NICHT auf eRezept verordnet werden:<\/h2>\n\n\n\n<ul class=\"wp-block-list\">\n<li>Privatrezepte \/ Blaue Rezepte<\/li>\n\n\n\n<li>Bet\u00e4ubungsmittel<\/li>\n\n\n\n<li>Sonstige Produkte (wie Verbandsmittel und Blutzucker-Teststreifen)<\/li>\n\n\n\n<li>Nach der Arzneimittelrichtlinie erstattungsf\u00e4hige OTC-Pr\u00e4parate<\/li>\n\n\n\n<li>Medizinprodukte (Macrogol etc.)<\/li>\n\n\n\n<li>Dosierautomaten f\u00fcr Substitutionstherapie<\/li>\n\n\n\n<li>T-Rezepte<\/li>\n\n\n\n<li>Digitale Gesundheitsanwendungen<\/li>\n\n\n\n<li>Sprechstundenbedarf<\/li>\n\n\n\n<li>Hilfsmittel<\/li>\n\n\n\n<li>Soziotherapie<\/li>\n\n\n\n<li>Krankentransporte<\/li>\n\n\n\n<li>Bilanzierte Di\u00e4ten zur Enteralen Ern\u00e4hrung<\/li>\n<\/ul>\n\n\n\n<p>(Stand Januar 2024)<\/p>\n","protected":false},"excerpt":{"rendered":"<p>Mit dem 1. Januar 2024 wird das elektronische Rezept f\u00fcr alle Praxen in Deutschland verpflichtend eingef\u00fchrt. Wir schalten es ab dem 18.12.23 &#8222;scharf&#8220;. Nachfolgend erl\u00e4utern wir Ihnen, was das eRezept ist, wie es funktioniert und was sich f\u00fcr Sie \u00e4ndert. Informationsseite unseres Software-Anbieters CGM zum eRezept Was ist das eRezept? Mit dem eRezept kann Ihre [&hellip;]<\/p>\n","protected":false},"author":1,"featured_media":2847,"parent":12,"menu_order":0,"comment_status":"closed","ping_status":"closed","template":"","meta":{"site-sidebar-layout":"default","site-content-layout":"","ast-site-content-layout":"default","site-content-style":"default","site-sidebar-style":"default","ast-global-header-display":"","ast-banner-title-visibility":"","ast-main-header-display":"","ast-hfb-above-header-display":"","ast-hfb-below-header-display":"","ast-hfb-mobile-header-display":"","site-post-title":"","ast-breadcrumbs-content":"","ast-featured-img":"","footer-sml-layout":"","ast-disable-related-posts":"","theme-transparent-header-meta":"","adv-header-id-meta":"","stick-header-meta":"","header-above-stick-meta":"","header-main-stick-meta":"","header-below-stick-meta":"","astra-migrate-meta-layouts":"set","ast-page-background-enabled":"default","ast-page-background-meta":{"desktop":{"background-color":"","background-image":"","background-repeat":"repeat","background-position":"center center","background-size":"auto","background-attachment":"scroll","background-type":"","background-media":"","overlay-type":"","overlay-color":"","overlay-opacity":"","overlay-gradient":""},"tablet":{"background-color":"","background-image":"","background-repeat":"repeat","background-position":"center center","background-size":"auto","background-attachment":"scroll","background-type":"","background-media":"","overlay-type":"","overlay-color":"","overlay-opacity":"","overlay-gradient":""},"mobile":{"background-color":"","background-image":"","background-repeat":"repeat","background-position":"center center","background-size":"auto","background-attachment":"scroll","background-type":"","background-media":"","overlay-type":"","overlay-color":"","overlay-opacity":"","overlay-gradient":""}},"ast-content-background-meta":{"desktop":{"background-color":"var(--ast-global-color-5)","background-image":"","background-repeat":"repeat","background-position":"center center","background-size":"auto","background-attachment":"scroll","background-type":"","background-media":"","overlay-type":"","overlay-color":"","overlay-opacity":"","overlay-gradient":""},"tablet":{"background-color":"var(--ast-global-color-5)","background-image":"","background-repeat":"repeat","background-position":"center center","background-size":"auto","background-attachment":"scroll","background-type":"","background-media":"","overlay-type":"","overlay-color":"","overlay-opacity":"","overlay-gradient":""},"mobile":{"background-color":"var(--ast-global-color-5)","background-image":"","background-repeat":"repeat","background-position":"center center","background-size":"auto","background-attachment":"scroll","background-type":"","background-media":"","overlay-type":"","overlay-color":"","overlay-opacity":"","overlay-gradient":""}},"_FSMCFIC_featured_image_caption":"","_FSMCFIC_featured_image_nocaption":"","_FSMCFIC_featured_image_hide":"","footnotes":""},"class_list":["post-2937","page","type-page","status-publish","has-post-thumbnail","hentry"],"_links":{"self":[{"href":"https:\/\/www.hausarzt-muehlheim.de\/index.php\/wp-json\/wp\/v2\/pages\/2937","targetHints":{"allow":["GET"]}}],"collection":[{"href":"https:\/\/www.hausarzt-muehlheim.de\/index.php\/wp-json\/wp\/v2\/pages"}],"about":[{"href":"https:\/\/www.hausarzt-muehlheim.de\/index.php\/wp-json\/wp\/v2\/types\/page"}],"author":[{"embeddable":true,"href":"https:\/\/www.hausarzt-muehlheim.de\/index.php\/wp-json\/wp\/v2\/users\/1"}],"replies":[{"embeddable":true,"href":"https:\/\/www.hausarzt-muehlheim.de\/index.php\/wp-json\/wp\/v2\/comments?post=2937"}],"version-history":[{"count":25,"href":"https:\/\/www.hausarzt-muehlheim.de\/index.php\/wp-json\/wp\/v2\/pages\/2937\/revisions"}],"predecessor-version":[{"id":3547,"href":"https:\/\/www.hausarzt-muehlheim.de\/index.php\/wp-json\/wp\/v2\/pages\/2937\/revisions\/3547"}],"up":[{"embeddable":true,"href":"https:\/\/www.hausarzt-muehlheim.de\/index.php\/wp-json\/wp\/v2\/pages\/12"}],"wp:featuredmedia":[{"embeddable":true,"href":"https:\/\/www.hausarzt-muehlheim.de\/index.php\/wp-json\/wp\/v2\/media\/2847"}],"wp:attachment":[{"href":"https:\/\/www.hausarzt-muehlheim.de\/index.php\/wp-json\/wp\/v2\/media?parent=2937"}],"curies":[{"name":"wp","href":"https:\/\/api.w.org\/{rel}","templated":true}]}}