{"id":2758,"date":"2023-02-23T17:03:22","date_gmt":"2023-02-23T15:03:22","guid":{"rendered":"https:\/\/www.hausarzt-muehlheim.de\/?page_id=2758"},"modified":"2026-03-02T10:07:10","modified_gmt":"2026-03-02T08:07:10","slug":"online-terminbuchung","status":"publish","type":"page","link":"https:\/\/www.hausarzt-muehlheim.de\/index.php\/leistungsangebot\/online-terminbuchung\/","title":{"rendered":"Online-Terminbuchung"},"content":{"rendered":"\n<p>Derzeit bieten wir f\u00fcr folgende Anl\u00e4sse eine Online-Terminbuchung an:<\/p>\n\n\n\n<ul class=\"wp-block-list\">\n<li>Akute Anliegen (unvermittelt bzw. neu aufgetretene Beschwerden wie Schmerzen, Fieber, Blutungen o.\u00e4., die seit wenigen Tagen bestehen oder andere Anliegen, bei denen kurzfristig \u00e4rztlicher Handlungsbedarf besteht)<br>Wenn kein freier Termin verf\u00fcgbar ist, k\u00f6nnen Sie auch ohne Termin die t\u00e4gliche Notfallsprechstunde besuchen<\/li>\n\n\n\n<li>regul\u00e4re Sprechstundentermin (bis 15min) f\u00fcr nicht dringliche Anliegen<\/li>\n\n\n\n<li>Impfungen<\/li>\n\n\n\n<li>Patientenverf\u00fcgung<\/li>\n\n\n\n<li>Reisemedizinische Beratung<\/li>\n\n\n\n<li>Schlafapnoescreening<\/li>\n<\/ul>\n\n\n\n<p>Bitte beachten Sie alle Hinweise, die Sie bei der Buchung erhalten, andernfalls kann Ihr Termin nicht wie geplant stattfinden.<\/p>\n\n\n\n<p>Durch die Buchung eines Akuttermins werden Sie <strong>nicht<\/strong> automatisch Stammpatient der Praxis. <\/p>\n\n\n\n<p>\u00dcber folgenden Link gelangen Sie zur Terminbuchung:<\/p>\n\n\n\n<div class=\"wp-block-buttons is-content-justification-center is-layout-flex wp-container-core-buttons-is-layout-a89b3969 wp-block-buttons-is-layout-flex\">\n<div class=\"wp-block-button\"><a class=\"wp-block-button__link has-text-align-center wp-element-button\" href=\"https:\/\/www.doctolib.de\/praxis\/muehlheim-am-main\/hausarztpraxis-dr-vondung-und-kollegen?utm_campaign=website-button&amp;utm_source=online-booking&amp;utm_medium=referral\" target=\"_blank\" rel=\"noreferrer noopener\">++ Doctolib-Terminbuchung ++<\/a><\/div>\n<\/div>\n","protected":false},"excerpt":{"rendered":"<p>Derzeit bieten wir f\u00fcr folgende Anl\u00e4sse eine Online-Terminbuchung an: Bitte beachten Sie alle Hinweise, die Sie bei der Buchung erhalten, andernfalls kann Ihr Termin nicht wie geplant stattfinden. Durch die Buchung eines Akuttermins werden Sie nicht automatisch Stammpatient der Praxis. \u00dcber folgenden Link gelangen Sie zur Terminbuchung:<\/p>\n","protected":false},"author":1,"featured_media":0,"parent":12,"menu_order":0,"comment_status":"closed","ping_status":"closed","template":"","meta":{"site-sidebar-layout":"default","site-content-layout":"","ast-site-content-layout":"default","site-content-style":"default","site-sidebar-style":"default","ast-global-header-display":"","ast-banner-title-visibility":"","ast-main-header-display":"","ast-hfb-above-header-display":"","ast-hfb-below-header-display":"","ast-hfb-mobile-header-display":"","site-post-title":"","ast-breadcrumbs-content":"","ast-featured-img":"","footer-sml-layout":"","ast-disable-related-posts":"","theme-transparent-header-meta":"","adv-header-id-meta":"","stick-header-meta":"","header-above-stick-meta":"","header-main-stick-meta":"","header-below-stick-meta":"","astra-migrate-meta-layouts":"set","ast-page-background-enabled":"default","ast-page-background-meta":{"desktop":{"background-color":"","background-image":"","background-repeat":"repeat","background-position":"center center","background-size":"auto","background-attachment":"scroll","background-type":"","background-media":"","overlay-type":"","overlay-color":"","overlay-opacity":"","overlay-gradient":""},"tablet":{"background-color":"","background-image":"","background-repeat":"repeat","background-position":"center center","background-size":"auto","background-attachment":"scroll","background-type":"","background-media":"","overlay-type":"","overlay-color":"","overlay-opacity":"","overlay-gradient":""},"mobile":{"background-color":"","background-image":"","background-repeat":"repeat","background-position":"center center","background-size":"auto","background-attachment":"scroll","background-type":"","background-media":"","overlay-type":"","overlay-color":"","overlay-opacity":"","overlay-gradient":""}},"ast-content-background-meta":{"desktop":{"background-color":"var(--ast-global-color-5)","background-image":"","background-repeat":"repeat","background-position":"center center","background-size":"auto","background-attachment":"scroll","background-type":"","background-media":"","overlay-type":"","overlay-color":"","overlay-opacity":"","overlay-gradient":""},"tablet":{"background-color":"var(--ast-global-color-5)","background-image":"","background-repeat":"repeat","background-position":"center center","background-size":"auto","background-attachment":"scroll","background-type":"","background-media":"","overlay-type":"","overlay-color":"","overlay-opacity":"","overlay-gradient":""},"mobile":{"background-color":"var(--ast-global-color-5)","background-image":"","background-repeat":"repeat","background-position":"center center","background-size":"auto","background-attachment":"scroll","background-type":"","background-media":"","overlay-type":"","overlay-color":"","overlay-opacity":"","overlay-gradient":""}},"_FSMCFIC_featured_image_caption":"","_FSMCFIC_featured_image_nocaption":"","_FSMCFIC_featured_image_hide":"","footnotes":""},"class_list":["post-2758","page","type-page","status-publish","hentry"],"_links":{"self":[{"href":"https:\/\/www.hausarzt-muehlheim.de\/index.php\/wp-json\/wp\/v2\/pages\/2758","targetHints":{"allow":["GET"]}}],"collection":[{"href":"https:\/\/www.hausarzt-muehlheim.de\/index.php\/wp-json\/wp\/v2\/pages"}],"about":[{"href":"https:\/\/www.hausarzt-muehlheim.de\/index.php\/wp-json\/wp\/v2\/types\/page"}],"author":[{"embeddable":true,"href":"https:\/\/www.hausarzt-muehlheim.de\/index.php\/wp-json\/wp\/v2\/users\/1"}],"replies":[{"embeddable":true,"href":"https:\/\/www.hausarzt-muehlheim.de\/index.php\/wp-json\/wp\/v2\/comments?post=2758"}],"version-history":[{"count":12,"href":"https:\/\/www.hausarzt-muehlheim.de\/index.php\/wp-json\/wp\/v2\/pages\/2758\/revisions"}],"predecessor-version":[{"id":3544,"href":"https:\/\/www.hausarzt-muehlheim.de\/index.php\/wp-json\/wp\/v2\/pages\/2758\/revisions\/3544"}],"up":[{"embeddable":true,"href":"https:\/\/www.hausarzt-muehlheim.de\/index.php\/wp-json\/wp\/v2\/pages\/12"}],"wp:attachment":[{"href":"https:\/\/www.hausarzt-muehlheim.de\/index.php\/wp-json\/wp\/v2\/media?parent=2758"}],"curies":[{"name":"wp","href":"https:\/\/api.w.org\/{rel}","templated":true}]}}