{"id":2669,"date":"2022-09-12T18:44:36","date_gmt":"2022-09-12T16:44:36","guid":{"rendered":"https:\/\/www.hausarzt-muehlheim.de\/?page_id=2669"},"modified":"2026-03-02T10:09:57","modified_gmt":"2026-03-02T08:09:57","slug":"flugtauglichkeitsuntersuchungen-medicals","status":"publish","type":"page","link":"https:\/\/www.hausarzt-muehlheim.de\/index.php\/leistungsangebot\/flugtauglichkeitsuntersuchungen-medicals\/","title":{"rendered":"Flieger\u00e4rztliche Untersuchungsstelle &#8211; Medicals"},"content":{"rendered":"\n<p><mark style=\"background-color:rgba(0, 0, 0, 0);color:#ff0000\" class=\"has-inline-color\"><strong>Flieger\u00e4rztliche Hotline (Mo, Di, Mi 14-16h, Do 17-19h): 06108 &#8211; 8080021<\/strong><\/mark><\/p>\n\n\n\n<div class=\"wp-block-media-text has-media-on-the-right is-stacked-on-mobile\" style=\"grid-template-columns:auto 34%\"><div class=\"wp-block-media-text__content\">\n<p>Dr. Vondung ist vom Luftfahrtbundesamt als flugmedizinischer Sachverst\u00e4ndiger der Klasse 2 akkreditiert. Er kann damit flugmedizinische Tauglichkeitsuntersuchungen der Klassen 2 (inkl. IFR) &amp; LAPL durchf\u00fchren und entsprechende Tauglichkeitszeugnisse (&#8222;Medicals&#8220;) f\u00fcr die folgende Zielgruppe ausfertigen:<\/p>\n<\/div><figure class=\"wp-block-media-text__media\"><img loading=\"lazy\" decoding=\"async\" width=\"1024\" height=\"945\" src=\"https:\/\/www.hausarzt-muehlheim.de\/wp-content\/uploads\/2024\/02\/Element-1@4x-1024x945.png\" alt=\"\" class=\"wp-image-3179 size-full\" srcset=\"https:\/\/www.hausarzt-muehlheim.de\/wp-content\/uploads\/2024\/02\/Element-1@4x-1024x945.png 1024w, https:\/\/www.hausarzt-muehlheim.de\/wp-content\/uploads\/2024\/02\/Element-1@4x-300x277.png 300w, https:\/\/www.hausarzt-muehlheim.de\/wp-content\/uploads\/2024\/02\/Element-1@4x-200x185.png 200w, https:\/\/www.hausarzt-muehlheim.de\/wp-content\/uploads\/2024\/02\/Element-1@4x-768x709.png 768w, https:\/\/www.hausarzt-muehlheim.de\/wp-content\/uploads\/2024\/02\/Element-1@4x-1536x1417.png 1536w, https:\/\/www.hausarzt-muehlheim.de\/wp-content\/uploads\/2024\/02\/Element-1@4x-1320x1218.png 1320w, https:\/\/www.hausarzt-muehlheim.de\/wp-content\/uploads\/2024\/02\/Element-1@4x.png 1937w\" sizes=\"auto, (max-width: 1024px) 100vw, 1024px\" \/><\/figure><\/div>\n\n\n\n<ul class=\"wp-block-list\">\n<li>Privatflugzeugf\u00fchrer,<\/li>\n\n\n\n<li>Privathubschrauberf\u00fchrer,<\/li>\n\n\n\n<li>Segelflugzeugf\u00fchrer,<\/li>\n\n\n\n<li>Freiballonf\u00fchrer mit der Lizenz nach \u00a7 46 Abs. 1 der Verordnung \u00fcber Luftfahrtpersonal,<\/li>\n\n\n\n<li>F\u00fchrer von Luftsportger\u00e4ten<\/li>\n\n\n\n<li>Kabinenpersonal \/ Flugbegleiterinnen und Flugbegleiter<\/li>\n\n\n\n<li>Fallschirmspringer<\/li>\n<\/ul>\n\n\n\n<p>Dabei versteht er sich als Fliegerarzt und Pilot (PPL-A SEP) in einer Doppelrolle als &#8222;haus\u00e4rztlicher Fliegerarzt&#8220;, der ein tiefes Verst\u00e4ndnis der fliegerischen Materie mit flugmedizinischem Fachwissen verbindet. In Konformit\u00e4t mit den entsprechenden Rechtsvorschriften und in Zusammenarbeit mit versierten Fluglehrern bzw. Flugschulen und dem Luftfahrtbundesamt kann so m\u00f6glicherweise der Traum vom Fliegen unter gewissen Auflagen wahr werden, auch wenn k\u00f6rperliche Einschr\u00e4nkungen bzw. Vorerkrankungen vorliegen.<\/p>\n\n\n\n<div class=\"wp-block-buttons is-content-justification-center is-layout-flex wp-container-core-buttons-is-layout-a89b3969 wp-block-buttons-is-layout-flex\">\n<div class=\"wp-block-button\"><a class=\"wp-block-button__link wp-element-button\" href=\"https:\/\/www.doctolib.de\/praxis\/muehlheim-am-main\/hausarztpraxis-dr-vondung-und-kollegen?utm_campaign=website-button&amp;utm_source=online-booking&amp;utm_medium=referral\" target=\"_blank\" rel=\"noreferrer noopener\">++ ONLINE-Terminvereinbarung f\u00fcr Ihr Medical ++<\/a><\/div>\n<\/div>\n\n\n\n<h2 class=\"wp-block-heading\">Checkliste<\/h2>\n\n\n\n<p>Die notwendigen Formulare finden Sie auf unserer <a href=\"https:\/\/www.hausarzt-muehlheim.de\/index.php\/downloads\/\" data-type=\"page\" data-id=\"240\">Seite: Downloads.<\/a><\/p>\n\n\n\n<ul class=\"wp-block-list\">\n<li>Bei flugmedizinischer <strong>Erst<\/strong>untersuchung oder bei <strong>Erst<\/strong>verordnung von Brille oder Kontaktlinsen ben\u00f6tigen Sie <strong>vorab<\/strong> eine fachaugen\u00e4rztliche Untersuchung, von der Sie den augen\u00e4rztlich ausgef\u00fcllten Untersuchungsbogen und Erg\u00e4nzungsbogen zur Begutachtung mitbringen<\/li>\n\n\n\n<li>Wenn sich Ihre Brillenformel seit der letzten Untersuchung ge\u00e4ndert hat, muss die augen\u00e4rztliche Untersuchung wiederholt werden.<\/li>\n\n\n\n<li>Bei jeder Untersuchung sollten Sie die folgenden Formulare bzw. Frageb\u00f6gen <strong>eingehend lesen und bereits ausgef\u00fcllt mitbringen<\/strong>:\n<ul class=\"wp-block-list\">\n<li>Belehrung \/ Erkl\u00e4rung zur flugmedizinischen Tauglichkeitsuntersuchung<\/li>\n\n\n\n<li>Antrag f\u00fcr die Ausstellung eines Tauglichkeitszeugnisses (Formular Luftfahrtbundesamt)<\/li>\n\n\n\n<li>Erg\u00e4nzungsbogen (&#8222;Annex&#8220;) zum Antrag (Formular Luftfahrtbundesamt, neu ab Februar 2025)<\/li>\n\n\n\n<li>&#8222;Mental Health&#8220; Fragebogen<\/li>\n\n\n\n<li>Fragebogen Alkoholkonsum<\/li>\n<\/ul>\n<\/li>\n\n\n\n<li>Bei jeder Untersuchung ben\u00f6tigen wir von Ihnen ferner:\n<ul class=\"wp-block-list\">\n<li>einen aktuell g\u00fcltigen Identit\u00e4tsnachweis (Personalausweis, Reisepass, F\u00fchrerschein)<\/li>\n\n\n\n<li>falls vorhanden: Ihre aktuelle Fluglizenz<\/li>\n\n\n\n<li>falls vorhanden: Ihr bisheriges flugmedizinisches Tauglichkeitszeugnis (&#8222;Medical&#8220;)<\/li>\n<\/ul>\n<\/li>\n\n\n\n<li>Kandidaten <strong>ab <\/strong>dem <strong>60<\/strong>. Geburtstag ben\u00f6tigen <strong>bei jeder Tauglichkeitsuntersuchung <\/strong>eine Messung ihres &#8222;mesopischen <strong>Kontrastsehverm\u00f6gens <\/strong>mit und ohne Blendung&#8220;. Diese muss beim Augenarzt durchgef\u00fchrt werden (neu ab Februar 2025).<\/li>\n\n\n\n<li>Wenn Ihr <strong>Body-Mass-Index 35kg\/m<sup>2<\/sup> oder mehr <\/strong>betr\u00e4gt, wird f\u00fcr die Begutachtung eine Untersuchung auf Schlafapnoe ben\u00f6tigt. Diese kann in meiner Praxis durchgef\u00fchrt werden. Bei Auff\u00e4lligkeiten ist eine Untersuchung im Schlaflabor und der Nachweis eines unauff\u00e4lligen Vigilanztests erforderlich. Bei au\u00dfergew\u00f6hnlichem \u00dcbergewicht ist zudem ein <strong>Medical Flight Test <\/strong>nachzuweisen, bei dem Ihnen ein Fluglehrer bescheinigt, dass Sie trotz Ihres \u00dcbergewichts ein Flugzeug ohne Einschr\u00e4nkungen bedienen und im Notfall schnell genug verlassen k\u00f6nnen.<br><strong>Bitte nehmen Sie im Zweifelsfall oder bei einem BMI im Grenzbereich vorab Kontakt mit uns auf, um ein unerw\u00fcnschtes Begutachtungsergebnis zu vermeiden.<\/strong><\/li>\n<\/ul>\n\n\n\n<h2 class=\"wp-block-heading\">G\u00fcltigkeit Ihres Medicals<\/h2>\n\n\n\n<ul class=\"wp-block-list\">\n<li>Klasse 2\n<ul class=\"wp-block-list\">\n<li>G\u00fcltigkeitsdauer\n<ul class=\"wp-block-list\">\n<li>bis zur Vollendung des 40. Lebensjahres 60 Monate<\/li>\n\n\n\n<li>24 Monate bis zur Vollendung des 50. Lebensjahres<\/li>\n\n\n\n<li>&gt;50 12 Monate<\/li>\n<\/ul>\n<\/li>\n\n\n\n<li>Erneuerung\n<ul class=\"wp-block-list\">\n<li>bis <strong>maximal 45 Tage vor Ablauf<\/strong>, ohne dass sich das (gewohnte) Ablaufdatum ver\u00e4ndert.<\/li>\n\n\n\n<li>au\u00dferhalb des Zeitraums gilt das Datum des Untersuchungstags + G\u00fcltigkeitsintervall als neues Ablaufdatum.<\/li>\n<\/ul>\n<\/li>\n<\/ul>\n<\/li>\n\n\n\n<li>LAPL\n<ul class=\"wp-block-list\">\n<li>G\u00fcltigkeitsdauer\n<ul class=\"wp-block-list\">\n<li>bis zum vollendeten 40. Lebensjahr (max. aber bis zum 42.): 60 Monate<\/li>\n\n\n\n<li>nach dem vollendeten 40. Lebensjahr: 24 Monate<\/li>\n<\/ul>\n<\/li>\n\n\n\n<li>Erneuerung\n<ul class=\"wp-block-list\">\n<li>bis <strong>maximal 45 Tage vor Ablauf<\/strong>, ohne dass sich das (gewohnte) Ablaufdatum ver\u00e4ndert<\/li>\n\n\n\n<li>Au\u00dferhalb des Zeitraums gilt das Datum des Untersuchungstags + G\u00fcltigkeitsintervall als neues Ablaufdatum<\/li>\n<\/ul>\n<\/li>\n<\/ul>\n<\/li>\n\n\n\n<li>Cabin Crew\n<ul class=\"wp-block-list\">\n<li>60 Monate (Regelfall)<\/li>\n<\/ul>\n<\/li>\n<\/ul>\n\n\n\n<h2 class=\"wp-block-heading\">Rechtsvorschriften und -grundlagen<\/h2>\n\n\n\n<p><a href=\"https:\/\/eur-lex.europa.eu\/legal-content\/DE\/TXT\/PDF\/?uri=CELEX:32019R0027\" target=\"_blank\" rel=\"noreferrer noopener\">Durchf\u00fchrungsverordnung (EU) 2019\/27 der Kommission vom 19. Dezember 2018<\/a><\/p>\n\n\n\n<p><a href=\"https:\/\/www.easa.europa.eu\/en\/downloads\/70485\/en\" data-type=\"URL\" data-id=\"https:\/\/www.easa.europa.eu\/en\/downloads\/70485\/en\" target=\"_blank\" rel=\"noreferrer noopener\">Acceptable Means of Compliance (AMC) and Guidance Material (GM) to Mart-MED &#8211; Medical requirements for air crew &#8211; Issue 2, 28 January 2019<\/a><\/p>\n\n\n\n<h2 class=\"wp-block-heading\">H\u00e4ufige Fragen<\/h2>\n\n\n\n<p>Link: <a rel=\"noreferrer noopener\" href=\"https:\/\/www.lba.de\/DE\/Luftfahrtpersonal\/Flugmedizin\/FAQ\/FAQ_Piloten\/FAQ_node.html\" target=\"_blank\">Allgemeine Fragen und Antworten des Luftfahrtbundesamtes zum Thema flugmedizinische Tauglichkeit<\/a><\/p>\n\n\n\n<p>(z.B. Wie erhalte ich ein Tauglichkeitszeugnis? Welche Unterlagen muss ich zur flieger\u00e4rztlichen Untersuchung mitbringen? Was ist unter einer Verweisung zu verstehen? Wie l\u00e4uft eine Zweit\u00fcberpr\u00fcfung ab? Verlust Tauglichkeitszeugnis. Was muss ich tun, wenn ich den lizenzerteilenden Staat wechseln m\u00f6chte? Ist die Flugtauglichkeit bei der Einnahme von Medikamenten noch gegeben? Welche Arten von Sonnenbrillen kann ich verwenden?<\/p>\n\n\n\n<p>Link: <a rel=\"noreferrer noopener\" href=\"https:\/\/www.lba.de\/DE\/Luftfahrtpersonal\/Flugmedizin\/FAQ\/FAQ_Augen\/FAQ_node.html\" target=\"_blank\">Fragen und Anworten des Luftfahrtbundesamtes zum Thema augen\u00e4rztliche Untersuchung<\/a><\/p>\n\n\n\n<p>Wann ist eine augen\u00e4rztliche Untersuchung bei Untersuchungen der Tauglichkeitsklasse 2 erforderlich? &nbsp;Welche Auflagen f\u00fcr Sehhilfen bestehen und wie sind sie anzuwenden? Welche Bedeutung besitzt die Auflage VCL? Welche Untersuchungsmethoden sieht Teil-MED f\u00fcr die Untersuchung des Farberkennungsverm\u00f6gens vor? Wann ist die Auflage VCL im Tauglichkeitszeugnis einzutragen? In welche Tauglichkeitszeugnisse kann die Auflage VCL eingetragen werden? Welche Arten von Sonnenbrillen kann ich verwenden?)<\/p>\n","protected":false},"excerpt":{"rendered":"<p>Flieger\u00e4rztliche Hotline (Mo, Di, Mi 14-16h, Do 17-19h): 06108 &#8211; 8080021 Dr. Vondung ist vom Luftfahrtbundesamt als flugmedizinischer Sachverst\u00e4ndiger der Klasse 2 akkreditiert. Er kann damit flugmedizinische Tauglichkeitsuntersuchungen der Klassen 2 (inkl. IFR) &amp; LAPL durchf\u00fchren und entsprechende Tauglichkeitszeugnisse (&#8222;Medicals&#8220;) f\u00fcr die folgende Zielgruppe ausfertigen: Dabei versteht er sich als Fliegerarzt und Pilot (PPL-A SEP) [&hellip;]<\/p>\n","protected":false},"author":1,"featured_media":0,"parent":12,"menu_order":0,"comment_status":"closed","ping_status":"closed","template":"","meta":{"site-sidebar-layout":"default","site-content-layout":"","ast-site-content-layout":"default","site-content-style":"default","site-sidebar-style":"default","ast-global-header-display":"","ast-banner-title-visibility":"","ast-main-header-display":"","ast-hfb-above-header-display":"","ast-hfb-below-header-display":"","ast-hfb-mobile-header-display":"","site-post-title":"","ast-breadcrumbs-content":"","ast-featured-img":"","footer-sml-layout":"","ast-disable-related-posts":"","theme-transparent-header-meta":"","adv-header-id-meta":"","stick-header-meta":"","header-above-stick-meta":"","header-main-stick-meta":"","header-below-stick-meta":"","astra-migrate-meta-layouts":"set","ast-page-background-enabled":"default","ast-page-background-meta":{"desktop":{"background-color":"","background-image":"","background-repeat":"repeat","background-position":"center center","background-size":"auto","background-attachment":"scroll","background-type":"","background-media":"","overlay-type":"","overlay-color":"","overlay-opacity":"","overlay-gradient":""},"tablet":{"background-color":"","background-image":"","background-repeat":"repeat","background-position":"center center","background-size":"auto","background-attachment":"scroll","background-type":"","background-media":"","overlay-type":"","overlay-color":"","overlay-opacity":"","overlay-gradient":""},"mobile":{"background-color":"","background-image":"","background-repeat":"repeat","background-position":"center center","background-size":"auto","background-attachment":"scroll","background-type":"","background-media":"","overlay-type":"","overlay-color":"","overlay-opacity":"","overlay-gradient":""}},"ast-content-background-meta":{"desktop":{"background-color":"var(--ast-global-color-5)","background-image":"","background-repeat":"repeat","background-position":"center center","background-size":"auto","background-attachment":"scroll","background-type":"","background-media":"","overlay-type":"","overlay-color":"","overlay-opacity":"","overlay-gradient":""},"tablet":{"background-color":"var(--ast-global-color-5)","background-image":"","background-repeat":"repeat","background-position":"center center","background-size":"auto","background-attachment":"scroll","background-type":"","background-media":"","overlay-type":"","overlay-color":"","overlay-opacity":"","overlay-gradient":""},"mobile":{"background-color":"var(--ast-global-color-5)","background-image":"","background-repeat":"repeat","background-position":"center center","background-size":"auto","background-attachment":"scroll","background-type":"","background-media":"","overlay-type":"","overlay-color":"","overlay-opacity":"","overlay-gradient":""}},"_FSMCFIC_featured_image_caption":"","_FSMCFIC_featured_image_nocaption":"","_FSMCFIC_featured_image_hide":"","footnotes":""},"class_list":["post-2669","page","type-page","status-publish","hentry"],"_links":{"self":[{"href":"https:\/\/www.hausarzt-muehlheim.de\/index.php\/wp-json\/wp\/v2\/pages\/2669","targetHints":{"allow":["GET"]}}],"collection":[{"href":"https:\/\/www.hausarzt-muehlheim.de\/index.php\/wp-json\/wp\/v2\/pages"}],"about":[{"href":"https:\/\/www.hausarzt-muehlheim.de\/index.php\/wp-json\/wp\/v2\/types\/page"}],"author":[{"embeddable":true,"href":"https:\/\/www.hausarzt-muehlheim.de\/index.php\/wp-json\/wp\/v2\/users\/1"}],"replies":[{"embeddable":true,"href":"https:\/\/www.hausarzt-muehlheim.de\/index.php\/wp-json\/wp\/v2\/comments?post=2669"}],"version-history":[{"count":37,"href":"https:\/\/www.hausarzt-muehlheim.de\/index.php\/wp-json\/wp\/v2\/pages\/2669\/revisions"}],"predecessor-version":[{"id":3546,"href":"https:\/\/www.hausarzt-muehlheim.de\/index.php\/wp-json\/wp\/v2\/pages\/2669\/revisions\/3546"}],"up":[{"embeddable":true,"href":"https:\/\/www.hausarzt-muehlheim.de\/index.php\/wp-json\/wp\/v2\/pages\/12"}],"wp:attachment":[{"href":"https:\/\/www.hausarzt-muehlheim.de\/index.php\/wp-json\/wp\/v2\/media?parent=2669"}],"curies":[{"name":"wp","href":"https:\/\/api.w.org\/{rel}","templated":true}]}}