{"id":240,"date":"2014-09-22T10:35:08","date_gmt":"2014-09-22T08:35:08","guid":{"rendered":"http:\/\/www.hausarzt-muehlheim.de\/?page_id=240"},"modified":"2026-03-02T12:42:11","modified_gmt":"2026-03-02T10:42:11","slug":"downloads","status":"publish","type":"page","link":"https:\/\/www.hausarzt-muehlheim.de\/index.php\/downloads\/","title":{"rendered":"Downloads"},"content":{"rendered":"\n<p>Auf dieser Seite finden Sie Merkbl\u00e4tter und Frageb\u00f6gen f\u00fcr verschiedene Praxisabl\u00e4ufe&nbsp;zum Download. Zur Ansicht und zum Ausdruck ben\u00f6tigen Sie den Acrobat Reader, den Sie unter folgendem Link downloaden k\u00f6nnen: <a href=\"http:\/\/get.adobe.com\/de\/reader\" target=\"_blank\" rel=\"noopener noreferrer\">Download Acrobat Reader<\/a>. Externe Links unterliegen nicht unserem Einfluss, daher \u00fcbernehmen wir daf\u00fcr&nbsp;keine juristische Verantwortung.<\/p>\n\n\n\n<h1 class=\"wp-block-heading\">Praxisinformationen<\/h1>\n\n\n\n<p><a href=\"http:\/\/www.hausarzt-muehlheim.de\/wp-content\/uploads\/2019\/08\/Praxisflyer_2019_DINlang_2BruchWickelfalz_web.pdf\" target=\"_blank\" rel=\"noopener noreferrer\">Praxisflyer (Stand 8\/2019)<\/a><\/p>\n\n\n\n<h1 class=\"wp-block-heading\">Patienteninformationen und -leitlinien<\/h1>\n\n\n\n<p><a href=\"https:\/\/www.degam.de\/fuer-patienten\" target=\"_blank\" rel=\"noreferrer noopener\">Patienteninformationen der Deutschen Gesellschaft f\u00fcr Allgemeinmedizin (DEGAM)<\/a><\/p>\n\n\n\n<h1 class=\"wp-block-heading\">Frageb\u00f6gen \/ Formulare<\/h1>\n\n\n\n<ul class=\"wp-block-list\">\n<li><a href=\"https:\/\/www.hausarzt-muehlheim.de\/wp-content\/uploads\/2021\/09\/FragebogenNeupatienten2021.pdf\" target=\"_blank\" rel=\"noopener\">Fragebogen f\u00fcr Neupatienten<\/a><\/li>\n\n\n\n<li><a href=\"https:\/\/www.hausarzt-muehlheim.de\/wp-content\/uploads\/2022\/06\/einwilligung-videosprechstunde.pdf\" target=\"_blank\" rel=\"noopener\">Einwilligung Videosprechstunde<\/a><\/li>\n\n\n\n<li><a href=\"https:\/\/www.hausarzt-muehlheim.de\/wp-content\/uploads\/2022\/01\/PVS-Einwilligung-Vondung.pdf\" target=\"_blank\" rel=\"noopener\">Einwilligung Privat\u00e4rztliche Verrechnungsstelle (f\u00fcr Privatpatienten)<\/a><\/li>\n\n\n\n<li><a href=\"https:\/\/www.hausarzt-muehlheim.de\/wp-content\/uploads\/2021\/09\/CheckupFragebogenExtrapaket2021.pdf\" target=\"_blank\" rel=\"noopener\">Fragebogen \/ Einwilligung f\u00fcr Zusatz-Laborpaket Checkup 35 (Gesundheitsuntersuchung)<\/a><\/li>\n\n\n\n<li><a href=\"https:\/\/www.hausarzt-muehlheim.de\/wp-content\/uploads\/2025\/11\/Checkup-GU-Anforderung-Privatpatienten-Wahlleistung.pdf\" target=\"_blank\" rel=\"noreferrer noopener\">CheckUp f\u00fcr Privatpatienten \/ Wahlleistungspatienten<\/a><\/li>\n\n\n\n<li><a href=\"https:\/\/www.hausarzt-muehlheim.de\/wp-content\/uploads\/2025\/12\/Fragebogen-Leitlinie-Muedigkeit.pdf\" target=\"_blank\" rel=\"noreferrer noopener\">Fragebogen f\u00fcr Beratungsanlass &#8222;M\u00fcdigkeit&#8220;<\/a><\/li>\n\n\n\n<li><a href=\"http:\/\/www.hausarzt-muehlheim.de\/wp-content\/uploads\/2014\/09\/Merkblatt-Jugendschutzuntersuchung.pdf\" target=\"_blank\" rel=\"noopener noreferrer\">Merkblatt Jugendschutzuntersuchung<\/a>\n<ul class=\"wp-block-list\">\n<li><a href=\"http:\/\/www.hausarzt-muehlheim.de\/wp-content\/uploads\/2014\/09\/Erhebungsbogen-f\u00fcr-die-Erstuntersuchung-nach-dem-Jugendarbeitsschutzgesetz-JArbSchG.pdf\" target=\"_blank\" rel=\"noopener noreferrer\">Erhebungsbogen f\u00fcr die Erstuntersuchung nach dem Jugendarbeitsschutzgesetz (JArbSchG)<\/a><\/li>\n\n\n\n<li><a href=\"http:\/\/www.hausarzt-muehlheim.de\/wp-content\/uploads\/2014\/09\/Erhebungsbogen-f\u00fcr-die-Erstuntersuchung-nach-dem-Jugendarbeitsschutzgesetz-JArbSchG-Nachuntersuchung.pdf\" target=\"_blank\" rel=\"noopener noreferrer\">Erhebungsbogen f\u00fcr die Erstuntersuchung nach dem Jugendarbeitsschutzgesetz (JArbSchG) &#8211; Nachuntersuchung<\/a><\/li>\n<\/ul>\n<\/li>\n\n\n\n<li><a href=\"http:\/\/www.hausarzt-muehlheim.de\/wp-content\/uploads\/2014\/09\/Fragebogen-zu-Schlafqualit\u00e4t-und-Tagesschl\u00e4frigkeit-ESS-und-PSQI.pdf\" target=\"_blank\" rel=\"noopener noreferrer\">Fragebogen zu Schlafqualit\u00e4t und Tagesschl\u00e4frigkeit (ESS und PSQI)<\/a><br>zur Vorbereitung auf die Untersuchung auf schlafbezogene Atemst\u00f6rungen (&#8222;Schlafapnoescreening&#8220;)<\/li>\n\n\n\n<li><a href=\"https:\/\/www.hausarzt-muehlheim.de\/wp-content\/uploads\/2026\/03\/reiseanamnese.pdf\" data-type=\"attachment\" data-id=\"3548\">Reisemedizinischer Fragebogen<\/a><\/li>\n\n\n\n<li><a href=\"http:\/\/www.hausarzt-muehlheim.de\/wp-content\/uploads\/2014\/09\/Anleitung-f\u00fcr-den-oralen-Glucose-Toleranztest-Zuckerbelastungstest.pdf\" target=\"_blank\" rel=\"noopener noreferrer\">Anleitung f\u00fcr den oralen Glucose-Toleranztest (Zuckerbelastungstest)<\/a><\/li>\n\n\n\n<li><a href=\"http:\/\/www.hausarzt-muehlheim.de\/wp-content\/uploads\/2018\/03\/Fragebogen_Sportmedizin.pdf\" target=\"_blank\" rel=\"noopener noreferrer\">Fragebogen f\u00fcr die Sportmedizinische Untersuchung<\/a><\/li>\n\n\n\n<li><a rel=\"noreferrer noopener\" href=\"https:\/\/www.hausarzt-muehlheim.de\/wp-content\/uploads\/2023\/03\/Reha-Fragebogen-Kur.pdf\" target=\"_blank\">Fragebogen f\u00fcr die Beantragung einer Reha \/ Kur<\/a><\/li>\n\n\n\n<li><a href=\"https:\/\/www.hausarzt-muehlheim.de\/wp-content\/uploads\/2023\/04\/Mutter-Vater-Kind-Kur-Fragebogen-Reha.pdf\" data-type=\"attachment\" data-id=\"2812\" target=\"_blank\" rel=\"noreferrer noopener\">Fragebogen f\u00fcr die Beantragung einer Mutter- \/ Vater- \/ Eltern- \/ Kind-Kur<\/a><\/li>\n\n\n\n<li><a href=\"https:\/\/www.hausarzt-muehlheim.de\/wp-content\/uploads\/2026\/01\/QR_Code_eErsatzbescheinigung_Praxis_Vondung_2026.pdf\" target=\"_blank\" rel=\"noreferrer noopener\">QR-Code f\u00fcr die elektronische Ersatzbescheinigung &#8211; z.B. bei Verlust Ihrer Versichertenkarte<\/a><\/li>\n<\/ul>\n\n\n\n<h1 class=\"wp-block-heading\">Flugmedizin \/ Medicals<\/h1>\n\n\n\n<ul class=\"wp-block-list\">\n<li><strong>Notwendig bei JEDER Untersuchung:<\/strong>\n<ul class=\"wp-block-list\">\n<li><a href=\"https:\/\/www.hausarzt-muehlheim.de\/wp-content\/uploads\/2024\/02\/Erklaerung-fuer-flugmedizinische-Tauglichkeitsuntersuchung.pdf\" data-type=\"attachment\" data-id=\"3167\" target=\"_blank\" rel=\"noreferrer noopener\">Einverst\u00e4ndniserkl\u00e4rung f\u00fcr flugmedizinische Tauglicheitsuntersuchung<\/a><\/li>\n\n\n\n<li><a href=\"https:\/\/www.hausarzt-muehlheim.de\/wp-content\/uploads\/2024\/02\/ANTRAG-FUeR-DIE-AUSSTELLUNG-EINES-TAUGLICHKEITSZEUGNISSES.pdf\" data-type=\"attachment\" data-id=\"3163\" target=\"_blank\" rel=\"noreferrer noopener\">Antrag auf Ausstellung eines Tauglichkeitszeugnisses<\/a><\/li>\n\n\n\n<li><a href=\"https:\/\/www.hausarzt-muehlheim.de\/wp-content\/uploads\/2025\/02\/Annex-zum-Antrag-auf-Tauglichkeitszeugnis.pdf\" data-type=\"attachment\" data-id=\"3330\" target=\"_blank\" rel=\"noreferrer noopener\">Erg\u00e4nzungsbogen zum Antrag<\/a> &#8211; neu ab 24.2.2025<\/li>\n\n\n\n<li><a href=\"https:\/\/www.hausarzt-muehlheim.de\/wp-content\/uploads\/2024\/02\/Fragebogen-seelische-Gesundheit-Mental-Health-Questionnaire.pdf\" data-type=\"attachment\" data-id=\"3165\" target=\"_blank\" rel=\"noreferrer noopener\">Fragebogen seelische Gesundheit<\/a><\/li>\n\n\n\n<li><a href=\"https:\/\/www.hausarzt-muehlheim.de\/wp-content\/uploads\/2024\/04\/Alkohol-Fragebogen.pdf\" data-type=\"attachment\" data-id=\"3229\" target=\"_blank\" rel=\"noreferrer noopener\">Fragebogen Alkoholkonsum<\/a><\/li>\n\n\n\n<li>bitte beachten Sie die Notwendigkeit zur Vorlage einer Untersuchung des \u201emesopischen <strong>Kontrastsehverm\u00f6gens <\/strong>mit und ohne Blendung\u201c bei jeder Untersuchung ab dem 60. Geburtstag<\/li>\n<\/ul>\n<\/li>\n\n\n\n<li><strong>Notwendig unter bestimmten Voraussetzungen, auf Anforderung durch den Fliegerarzt:<\/strong>\n<ul class=\"wp-block-list\">\n<li><a href=\"https:\/\/www.hausarzt-muehlheim.de\/wp-content\/uploads\/2024\/02\/Augenaerztlicher-Untersuchungsbericht.pdf\" data-type=\"attachment\" data-id=\"3164\" target=\"_blank\" rel=\"noreferrer noopener\">Augena\u0308rztlicher Untersuchungsbericht<\/a><br>(notwendig VOR der Erstuntersuchung und bei JEDER \u00c4nderung der Brillenformel)\n<ul class=\"wp-block-list\">\n<li><a href=\"https:\/\/www.hausarzt-muehlheim.de\/wp-content\/uploads\/2025\/02\/Annex-zum-Augenarzt-Untersuchungsbericht.pdf\" data-type=\"attachment\" data-id=\"3331\" target=\"_blank\" rel=\"noreferrer noopener\">Erg\u00e4nzungsbogen zum augen\u00e4rztlichen Untersuchungsbericht<\/a> &#8211; neu ab 24.2.2025<\/li>\n\n\n\n<li><a href=\"https:\/\/www.hausarzt-muehlheim.de\/wp-content\/uploads\/2024\/02\/Anleitung-zum-Ausfuellen-des-augenaerztlichen-Untersuchungsberichtes.pdf\" data-type=\"attachment\" data-id=\"3168\" target=\"_blank\" rel=\"noreferrer noopener\">Anleitung zum Ausf\u00fcllen des augen\u00e4rztlichen Untersuchungsberichts<\/a><\/li>\n<\/ul>\n<\/li>\n\n\n\n<li><a href=\"https:\/\/www.hausarzt-muehlheim.de\/wp-content\/uploads\/2024\/02\/HNO-aerztlicher-Untersuchungsbericht.pdf\" data-type=\"attachment\" data-id=\"3166\" target=\"_blank\" rel=\"noreferrer noopener\">HNO-\u00e4rztlicher Untersuchungsbericht<\/a><br>(nur n\u00f6tig auf explizite Anforderung durch den Fliegerarzt)\n<ul class=\"wp-block-list\">\n<li><a href=\"https:\/\/www.hausarzt-muehlheim.de\/wp-content\/uploads\/2025\/02\/Annex-zum-HNO-Untersuchungsbericht.pdf\" data-type=\"attachment\" data-id=\"3332\" target=\"_blank\" rel=\"noreferrer noopener\">Erg\u00e4nzungsbogen zum HNO-\u00e4rztlichen Untersuchungsbericht<\/a> &#8211; neu ab 24.2.2025<\/li>\n\n\n\n<li><a href=\"https:\/\/www.hausarzt-muehlheim.de\/wp-content\/uploads\/2024\/02\/Anleitung-zum-Ausfuellen-des-HNO-Untersuchungsberichtes.pdf\" data-type=\"attachment\" data-id=\"3162\" target=\"_blank\" rel=\"noreferrer noopener\">Anleitung zum Ausf\u00fcllen des HNO-\u00e4rztlichen Untersuchungsberichts<\/a><\/li>\n<\/ul>\n<\/li>\n\n\n\n<li><a href=\"https:\/\/www.hausarzt-muehlheim.de\/wp-content\/uploads\/2025\/12\/MedicalFlightTest.pdf\" target=\"_blank\" rel=\"noreferrer noopener\">Medical Flight Test<\/a><\/li>\n<\/ul>\n<\/li>\n<\/ul>\n\n\n\n<h1 class=\"wp-block-heading\">Sicherheit<\/h1>\n\n\n\n<p>Sie k\u00f6nnen mit uns verschl\u00fcsselt per Email kommunizieren. Daf\u00fcr verwenden wir PGP.<\/p>\n\n\n\n<p>Wir empfehlen f\u00fcr den Versand von sensiblen medizinischen Daten ausdr\u00fccklich diesen Versandweg.<\/p>\n\n\n\n<p>Informationen und Software zu diesem Thema finden Sie unter <a href=\"http:\/\/www.gnupg.de\/index.de.html\" target=\"_blank\" rel=\"noopener noreferrer\">GNuPG.org<\/a>.<\/p>\n\n\n\n<p>Unser Schl\u00fcssel hat den Fingerabdruck 896F EED4 7A7B B9D0 BCDE 60A7 340B 694B 1E2D B497. <a href=\"http:\/\/www.hausarzt-muehlheim.de\/wp-content\/uploads\/2013\/08\/1E2DB497.txt\" target=\"_blank\" rel=\"noopener noreferrer\">Laden Sie hier unseren&nbsp;Schl\u00fcssel herunter<\/a>.<\/p>\n","protected":false},"excerpt":{"rendered":"<p>Auf dieser Seite finden Sie Merkbl\u00e4tter und Frageb\u00f6gen f\u00fcr verschiedene Praxisabl\u00e4ufe&nbsp;zum Download. Zur Ansicht und zum Ausdruck ben\u00f6tigen Sie den Acrobat Reader, den Sie unter folgendem Link downloaden k\u00f6nnen: Download Acrobat Reader. Externe Links unterliegen nicht unserem Einfluss, daher \u00fcbernehmen wir daf\u00fcr&nbsp;keine juristische Verantwortung. Praxisinformationen Praxisflyer (Stand 8\/2019) Patienteninformationen und -leitlinien Patienteninformationen der Deutschen Gesellschaft [&hellip;]<\/p>\n","protected":false},"author":1,"featured_media":0,"parent":0,"menu_order":35,"comment_status":"closed","ping_status":"closed","template":"","meta":{"site-sidebar-layout":"default","site-content-layout":"default","ast-site-content-layout":"default","site-content-style":"default","site-sidebar-style":"default","ast-global-header-display":"","ast-banner-title-visibility":"","ast-main-header-display":"","ast-hfb-above-header-display":"","ast-hfb-below-header-display":"","ast-hfb-mobile-header-display":"","site-post-title":"","ast-breadcrumbs-content":"","ast-featured-img":"","footer-sml-layout":"","ast-disable-related-posts":"","theme-transparent-header-meta":"default","adv-header-id-meta":"","stick-header-meta":"","header-above-stick-meta":"","header-main-stick-meta":"","header-below-stick-meta":"","astra-migrate-meta-layouts":"set","ast-page-background-enabled":"default","ast-page-background-meta":{"desktop":{"background-color":"","background-image":"","background-repeat":"repeat","background-position":"center center","background-size":"auto","background-attachment":"scroll","background-type":"","background-media":"","overlay-type":"","overlay-color":"","overlay-opacity":"","overlay-gradient":""},"tablet":{"background-color":"","background-image":"","background-repeat":"repeat","background-position":"center center","background-size":"auto","background-attachment":"scroll","background-type":"","background-media":"","overlay-type":"","overlay-color":"","overlay-opacity":"","overlay-gradient":""},"mobile":{"background-color":"","background-image":"","background-repeat":"repeat","background-position":"center center","background-size":"auto","background-attachment":"scroll","background-type":"","background-media":"","overlay-type":"","overlay-color":"","overlay-opacity":"","overlay-gradient":""}},"ast-content-background-meta":{"desktop":{"background-color":"var(--ast-global-color-5)","background-image":"","background-repeat":"repeat","background-position":"center center","background-size":"auto","background-attachment":"scroll","background-type":"","background-media":"","overlay-type":"","overlay-color":"","overlay-opacity":"","overlay-gradient":""},"tablet":{"background-color":"var(--ast-global-color-5)","background-image":"","background-repeat":"repeat","background-position":"center center","background-size":"auto","background-attachment":"scroll","background-type":"","background-media":"","overlay-type":"","overlay-color":"","overlay-opacity":"","overlay-gradient":""},"mobile":{"background-color":"var(--ast-global-color-5)","background-image":"","background-repeat":"repeat","background-position":"center center","background-size":"auto","background-attachment":"scroll","background-type":"","background-media":"","overlay-type":"","overlay-color":"","overlay-opacity":"","overlay-gradient":""}},"_FSMCFIC_featured_image_caption":"","_FSMCFIC_featured_image_nocaption":"","_FSMCFIC_featured_image_hide":"","footnotes":""},"class_list":["post-240","page","type-page","status-publish","hentry"],"_links":{"self":[{"href":"https:\/\/www.hausarzt-muehlheim.de\/index.php\/wp-json\/wp\/v2\/pages\/240","targetHints":{"allow":["GET"]}}],"collection":[{"href":"https:\/\/www.hausarzt-muehlheim.de\/index.php\/wp-json\/wp\/v2\/pages"}],"about":[{"href":"https:\/\/www.hausarzt-muehlheim.de\/index.php\/wp-json\/wp\/v2\/types\/page"}],"author":[{"embeddable":true,"href":"https:\/\/www.hausarzt-muehlheim.de\/index.php\/wp-json\/wp\/v2\/users\/1"}],"replies":[{"embeddable":true,"href":"https:\/\/www.hausarzt-muehlheim.de\/index.php\/wp-json\/wp\/v2\/comments?post=240"}],"version-history":[{"count":64,"href":"https:\/\/www.hausarzt-muehlheim.de\/index.php\/wp-json\/wp\/v2\/pages\/240\/revisions"}],"predecessor-version":[{"id":3549,"href":"https:\/\/www.hausarzt-muehlheim.de\/index.php\/wp-json\/wp\/v2\/pages\/240\/revisions\/3549"}],"wp:attachment":[{"href":"https:\/\/www.hausarzt-muehlheim.de\/index.php\/wp-json\/wp\/v2\/media?parent=240"}],"curies":[{"name":"wp","href":"https:\/\/api.w.org\/{rel}","templated":true}]}}