{"id":229,"date":"2013-05-06T10:50:42","date_gmt":"2013-05-06T09:50:42","guid":{"rendered":"http:\/\/www.hausarzt-muehlheim.de\/?page_id=229"},"modified":"2023-02-23T17:34:37","modified_gmt":"2023-02-23T15:34:37","slug":"reisemedizin","status":"publish","type":"page","link":"https:\/\/www.hausarzt-muehlheim.de\/index.php\/leistungsangebot\/reisemedizin\/","title":{"rendered":"Reisemedizin"},"content":{"rendered":"\n<h4 class=\"wp-block-heading\">Reiseimpfungen und Reisemedizinische Beratung<\/h4>\n\n\n\n<figure class=\"wp-block-image alignright size-full\"><img loading=\"lazy\" decoding=\"async\" width=\"267\" height=\"400\" src=\"https:\/\/www.hausarzt-muehlheim.de\/wp-content\/uploads\/2013\/04\/Mexiko-2008-313.jpg\" alt=\"Isla Mujeres, Yucatan, Mexiko. Foto: N. Vondung\" class=\"wp-image-209\" srcset=\"https:\/\/www.hausarzt-muehlheim.de\/wp-content\/uploads\/2013\/04\/Mexiko-2008-313.jpg 267w, https:\/\/www.hausarzt-muehlheim.de\/wp-content\/uploads\/2013\/04\/Mexiko-2008-313-134x200.jpg 134w, https:\/\/www.hausarzt-muehlheim.de\/wp-content\/uploads\/2013\/04\/Mexiko-2008-313-200x300.jpg 200w, https:\/\/www.hausarzt-muehlheim.de\/wp-content\/uploads\/2013\/04\/Mexiko-2008-313-100x150.jpg 100w\" sizes=\"auto, (max-width: 267px) 100vw, 267px\" \/><figcaption class=\"wp-element-caption\">Isla Mujeres, Yucatan, Mexiko.<br>Foto: N. Vondung<\/figcaption><\/figure>\n\n\n\n<p>Die Vorfreude auf malerische Landschaften, traumhafte Str\u00e4nde und exotische Gerichte am Urlaubsort f\u00fchrt leicht dazu, dass gesundheitliche Risiken im Ausland untersch\u00e4tzt werden. Ob Sie mit Ihrer Familie einen Pauschalurlaub am Mittelmeer buchen oder auf eigene Faust durch S\u00fcdamerika touren: Bereiten Sie sich gut auf Ihre Reise vor. Egal wohin es geht.<\/p>\n\n\n\n<p>Die wichtigsten reisemedizinischen Probleme sind nach wie vor Durchfall, Sonnenbrand, Insektenstiche und Unf\u00e4lle jeder Art. Diesen k\u00f6nnen Sie durch gute Planung, vern\u00fcnftiges Verhalten und allgemeine Vorsichtsma\u00dfnahmen recht gut vorbeugen.<\/p>\n\n\n\n<p>Dar\u00fcber hinaus k\u00f6nnen je nach Region, Reisestil und geplanten Aktivit\u00e4ten (Tauchen, H\u00f6henwandern, Kreuzfahrten, Langzeitaufenthalte, enge Kontakte zur einheimischen Bev\u00f6lkerung, &#8230;) zus\u00e4tzliche Impfungen und Vorsorgema\u00dfnahmen notwendig sein. Wir beraten Sie dazu gerne pers\u00f6nlich.<\/p>\n\n\n\n<p>Zur Vorbereitung auf das Gespr\u00e4ch bitten wir Sie, einen Fragebogen auszuf\u00fcllen und uns rechtzeitig vorab zukommen zu lassen (Link:&nbsp;<a href=\"http:\/\/www.hausarzt-muehlheim.de\/wp-content\/uploads\/2010\/01\/erfassung.pdf\">Download Fragebogen Reisemedizin<\/a>).<\/p>\n\n\n\n<p>Die reisemedizinische Beratung und spezifische Impfempfehlung ist nicht regelhaft Leistung der gesetzlichen Krankenversicherung und wird nach der Geb\u00fchrenordnung f\u00fcr \u00c4rzte (GO\u00c4) abgerechnet. Manche Kassen erstatten die anfallenden Kosten f\u00fcr die Beratung sowie die Impfstoffe (<a href=\"http:\/\/www.crm.de\/krankenkassen\/\" target=\"_blank\" rel=\"noopener\">Link: erstattet meine Kasse die Kosten?<\/a>).<\/p>\n\n\n\n<blockquote class=\"wp-block-quote is-layout-flow wp-block-quote-is-layout-flow\">\n<p>Vereinbaren Sie jetzt einen Termin f\u00fcr Ihre Beratung: Telefon (06108) 74165 oder per Email (<a href=\"mailto:Praxis@ha-mhm.de\">Praxis@ha-mhm.de<\/a>) oder \u00fcber die <a href=\"https:\/\/www.hausarzt-muehlheim.de\/index.php\/online-terminbuchung\/\">Online-Terminbuchung<\/a>.<\/p>\n<\/blockquote>\n\n\n\n<h4 class=\"wp-block-heading\">Links zum Thema Impfen<\/h4>\n\n\n\n<p><a href=\"http:\/\/www.rki.de\/DE\/Content\/Kommissionen\/STIKO\/Empfehlungen\/Impfempfehlungen_node.html\" target=\"_blank\" rel=\"noopener\">Aktuelle Empfehlungen der St\u00e4ndigen Impfkommission (STIKO)<\/a><\/p>\n\n\n\n<p><a href=\"http:\/\/www.crm.de\/impfstellen.html\" target=\"_blank\" rel=\"noopener\">Gelbfieberimpfstellen<\/a><\/p>\n\n\n\n<p><a href=\"http:\/\/www.crm.de\/aktionen\/\" target=\"_blank\" rel=\"noopener\">Medizinische Tipps f\u00fcr Ihre Reise<\/a><\/p>\n\n\n\n<h4 class=\"wp-block-heading\">Beispiele f\u00fcr au\u00dfergew\u00f6hnliche hygienische Herausforderungen auf Reisen<\/h4>\n\n\n\n<figure class=\"wp-block-image aligncenter\"><img decoding=\"async\" src=\"http:\/\/www.hausarzt-muehlheim.de\/wp-content\/uploads\/2013\/04\/04-30123.jpg\" alt=\"Stra\u00dfenmetzgerei in China\"\/><figcaption class=\"wp-element-caption\">Stra\u00dfenmetzgerei in Xi&#8217;an, China. Foto: N. Vondung<\/figcaption><\/figure>\n\n\n\n<figure class=\"wp-block-image aligncenter\"><img decoding=\"async\" src=\"http:\/\/www.hausarzt-muehlheim.de\/wp-content\/uploads\/2013\/04\/04-14108.jpg\" alt=\"Gark\u00fcche in China\"\/><figcaption class=\"wp-element-caption\">Gark\u00fcche in Xi&#8217;an, China. Foto: N. Vondung<\/figcaption><\/figure>\n","protected":false},"excerpt":{"rendered":"<p>Reiseimpfungen und Reisemedizinische Beratung Die Vorfreude auf malerische Landschaften, traumhafte Str\u00e4nde und exotische Gerichte am Urlaubsort f\u00fchrt leicht dazu, dass gesundheitliche Risiken im Ausland untersch\u00e4tzt werden. Ob Sie mit Ihrer Familie einen Pauschalurlaub am Mittelmeer buchen oder auf eigene Faust durch S\u00fcdamerika touren: Bereiten Sie sich gut auf Ihre Reise vor. Egal wohin es geht. [&hellip;]<\/p>\n","protected":false},"author":1,"featured_media":0,"parent":12,"menu_order":23,"comment_status":"closed","ping_status":"closed","template":"","meta":{"site-sidebar-layout":"default","site-content-layout":"","ast-site-content-layout":"default","site-content-style":"default","site-sidebar-style":"default","ast-global-header-display":"","ast-banner-title-visibility":"","ast-main-header-display":"","ast-hfb-above-header-display":"","ast-hfb-below-header-display":"","ast-hfb-mobile-header-display":"","site-post-title":"","ast-breadcrumbs-content":"","ast-featured-img":"","footer-sml-layout":"","ast-disable-related-posts":"","theme-transparent-header-meta":"","adv-header-id-meta":"","stick-header-meta":"","header-above-stick-meta":"","header-main-stick-meta":"","header-below-stick-meta":"","astra-migrate-meta-layouts":"default","ast-page-background-enabled":"default","ast-page-background-meta":{"desktop":{"background-color":"","background-image":"","background-repeat":"repeat","background-position":"center center","background-size":"auto","background-attachment":"scroll","background-type":"","background-media":"","overlay-type":"","overlay-color":"","overlay-opacity":"","overlay-gradient":""},"tablet":{"background-color":"","background-image":"","background-repeat":"repeat","background-position":"center center","background-size":"auto","background-attachment":"scroll","background-type":"","background-media":"","overlay-type":"","overlay-color":"","overlay-opacity":"","overlay-gradient":""},"mobile":{"background-color":"","background-image":"","background-repeat":"repeat","background-position":"center center","background-size":"auto","background-attachment":"scroll","background-type":"","background-media":"","overlay-type":"","overlay-color":"","overlay-opacity":"","overlay-gradient":""}},"ast-content-background-meta":{"desktop":{"background-color":"var(--ast-global-color-5)","background-image":"","background-repeat":"repeat","background-position":"center center","background-size":"auto","background-attachment":"scroll","background-type":"","background-media":"","overlay-type":"","overlay-color":"","overlay-opacity":"","overlay-gradient":""},"tablet":{"background-color":"var(--ast-global-color-5)","background-image":"","background-repeat":"repeat","background-position":"center center","background-size":"auto","background-attachment":"scroll","background-type":"","background-media":"","overlay-type":"","overlay-color":"","overlay-opacity":"","overlay-gradient":""},"mobile":{"background-color":"var(--ast-global-color-5)","background-image":"","background-repeat":"repeat","background-position":"center center","background-size":"auto","background-attachment":"scroll","background-type":"","background-media":"","overlay-type":"","overlay-color":"","overlay-opacity":"","overlay-gradient":""}},"_FSMCFIC_featured_image_caption":"","_FSMCFIC_featured_image_nocaption":"","_FSMCFIC_featured_image_hide":"","footnotes":""},"class_list":["post-229","page","type-page","status-publish","hentry"],"_links":{"self":[{"href":"https:\/\/www.hausarzt-muehlheim.de\/index.php\/wp-json\/wp\/v2\/pages\/229","targetHints":{"allow":["GET"]}}],"collection":[{"href":"https:\/\/www.hausarzt-muehlheim.de\/index.php\/wp-json\/wp\/v2\/pages"}],"about":[{"href":"https:\/\/www.hausarzt-muehlheim.de\/index.php\/wp-json\/wp\/v2\/types\/page"}],"author":[{"embeddable":true,"href":"https:\/\/www.hausarzt-muehlheim.de\/index.php\/wp-json\/wp\/v2\/users\/1"}],"replies":[{"embeddable":true,"href":"https:\/\/www.hausarzt-muehlheim.de\/index.php\/wp-json\/wp\/v2\/comments?post=229"}],"version-history":[{"count":11,"href":"https:\/\/www.hausarzt-muehlheim.de\/index.php\/wp-json\/wp\/v2\/pages\/229\/revisions"}],"predecessor-version":[{"id":2769,"href":"https:\/\/www.hausarzt-muehlheim.de\/index.php\/wp-json\/wp\/v2\/pages\/229\/revisions\/2769"}],"up":[{"embeddable":true,"href":"https:\/\/www.hausarzt-muehlheim.de\/index.php\/wp-json\/wp\/v2\/pages\/12"}],"wp:attachment":[{"href":"https:\/\/www.hausarzt-muehlheim.de\/index.php\/wp-json\/wp\/v2\/media?parent=229"}],"curies":[{"name":"wp","href":"https:\/\/api.w.org\/{rel}","templated":true}]}}