{"id":2265,"date":"2020-05-30T10:01:57","date_gmt":"2020-05-30T08:01:57","guid":{"rendered":"https:\/\/www.hausarzt-muehlheim.de\/?page_id=2265"},"modified":"2026-02-12T15:17:38","modified_gmt":"2026-02-12T13:17:38","slug":"lehre","status":"publish","type":"page","link":"https:\/\/www.hausarzt-muehlheim.de\/index.php\/forschung-und-lehre\/lehre\/","title":{"rendered":"Lehre"},"content":{"rendered":"\n<p>Dr. Vondung ist seit dem 1.3.2020 als Lehrarzt und seine Praxis als akademische Lehrpraxis der Johann-Wolfgang-Goethe-Universit\u00e4t Frankfurt akkreditiert. Zudem verf\u00fcgt er zudem \u00fcber die volle Weiterbildungserm\u00e4chtigung f\u00fcr das Fach Allgemeinmedizin seitens der Landes\u00e4rztekammer Hessen. Die Re-Akkreditierungen erfolgten 2023 und 2026.<\/p>\n\n\n\n<p>Somit k\u00f6nnen in unserer Praxis angefangen vom vorklinischen Wahlfach &#8222;Den Menschen ganz sehen&#8220; \u00fcber die Famulatur, die Kurse im klinischen Studienabschnitt und das PJ-Tertial im Wahlfach Allgemeinmedizin bis hin zur Facharztreife alle Ausbildungsabschnitte durchlaufen werden.<\/p>\n\n\n\n<p>Die angehenden \u00c4rztinnen und \u00c4rzte f\u00fchren unter Aufsicht und Anleitung alle \u00e4rztlichen T\u00e4tigkeiten durch. Wenn Sie als Patient dies nicht w\u00fcnschen, teilen Sie uns dies bitte mit.<\/p>\n\n\n\n<p>Um eine angemessene 1:1-Betreuung umsetzen zu k\u00f6nnen, ist immer nur 1 Studierende(r) zur selben Zeit in der Praxis.<\/p>\n\n\n\n<h2 class=\"wp-block-heading\">Famulatur<\/h2>\n\n\n\n<p>Jede(r) Medizinstudierende muss im Laufe seines Medizinstudiums zwischen dem Ersten und Zweiten Abschnitt der \u00c4rztlichen Pr\u00fcfung vier Famulaturen von insgesamt vier Monaten Dauer absolvieren, davon mindestens einen, maximal zwei Monate in der haus\u00e4rztlichen Versorgung. Bei der Famulatur steht die praktische Ausbildung im Vordergrund, also die Anwendung des theoretisch erlernten Wissens im klinischen Alltag.<\/p>\n\n\n\n<h2 class=\"wp-block-heading\">Blockpraktikum<\/h2>\n\n\n\n<p>Das Blockpraktikum Allgemeinmedizin II ist eine Pflichtveranstaltung im Medizinstudium und f\u00fcr die Studierenden des 6. klinischen Semesters vorgesehen. Studierende im 5. klinischen Semester haben die M\u00f6glichkeit am Praktikum teilzunehmen, wenn es der Stundenplan des 5. Semesters zul\u00e4sst und freie Pl\u00e4tze zur Verf\u00fcgung stehen.<\/p>\n\n\n\n<p>Der Kurs besteht aus 9 Praxistagen (ganztags) und einem Nachbereitungsseminar.<\/p>\n\n\n\n<h2 class=\"wp-block-heading\">PJ-Tertial<\/h2>\n\n\n\n<p>Das PJ (praktisches Jahr) f\u00fcr Medizinstudenten findet in den letzten beiden Semestern des Medizinstudiums statt. Das Praktische Jahr besteht insgesamt aus 3 PJ Tertialen zu je 16 Wochen, von denen ein Tertial als Wahlfach in der Hausarztpraxis bzw. dem Fach Allgemeinmedizin abgeleistet werden kann.<\/p>\n\n\n\n<h2 class=\"wp-block-heading\">Finanzielle F\u00f6rderung<\/h2>\n\n\n\n<p>W\u00e4hrend das Blockpraktikum ein unbezahltes Praktikum ist, besteht f\u00fcr Famulatur und PJ die M\u00f6glichkeit einer finanziellen F\u00f6rderung durch die Kassen\u00e4rztliche Vereinigung (<a rel=\"noreferrer noopener\" href=\"https:\/\/www.kvhessen.de\/studium\/famulatur\/\" target=\"_blank\">https:\/\/www.kvhessen.de\/studium\/famulatur\/<\/a> bzw. <a rel=\"noreferrer noopener\" href=\"https:\/\/www.kvhessen.de\/studium\/praktisches-jahr\/\" target=\"_blank\">https:\/\/www.kvhessen.de\/studium\/praktisches-jahr\/<\/a>).<\/p>\n\n\n\n<h2 class=\"wp-block-heading\">Hinweise f\u00fcr Studierende<\/h2>\n\n\n\n<p>Wir bitten um p\u00fcnktliches Erscheinen. Kleidungsvorschrift ist eine lange Hose, ein wei\u00dfes Oberteil sowie geschlossen Schuhe, bei Schuhen mit offener Ferse ist versicherungsrechtlich ein Fersenriemchen notwendig. Es d\u00fcrfen aus hygienischen Gr\u00fcnden keine Ringe getragen werden, ausgenommen Eheringe. Nagellack oder Geln\u00e4gel sind aus denselben Gr\u00fcnden nicht zugelassen. Bitte bringen Sie ein Namensschild und ein Stethoskop mit. Impfungen bzw. Immunit\u00e4t gegen Masern\/Mumps\/R\u00f6teln\/Varizellen, Tetanus\/Diphtherie\/Pertussis\/Polio, COVID19 sowie Hepatitis A+B werden vorausgesetzt.<\/p>\n\n\n\n<p>Gerne lernen wir Sie vorab in einem kurzen telefonischen Gespr\u00e4ch kennen, um Erwartungen, M\u00f6glichkeiten und Schwerpunkte der gemeinsamen Zeit zu erfahren bzw. festzulegen.<\/p>\n\n\n\n<p>Beim Blockpraktikum bitten wir vorab um die \u00dcbermittlung des ausgef\u00fcllten Selbsteinsch\u00e4tzungsbogens. <\/p>\n\n\n\n<p>Ansprechpartnerinnen am Institut f\u00fcr Allgemeinmedizin sind<\/p>\n\n\n\n<ul class=\"wp-block-list\">\n<li>f\u00fcr das PJ Frau G. Brust, Telefon 069-6301-5687<\/li>\n\n\n\n<li>f\u00fcr das Blockpraktikum Allgemeinmedizin Frau B. Kemperdick, Telefon 069-6301-83883<\/li>\n\n\n\n<li>die Leiterin des Arbeitsbereiches Ausbildung Frau G. Ravens-Taeuber Telefon 069-6301-83970<\/li>\n<\/ul>\n\n\n\n<p>Weitere Informationen zu den Lehrveranstaltungen unter <a href=\"https:\/\/www.allgemeinmedizin.uni-frankfurt.de\/87061915\/Studentische_Lehre\" target=\"_blank\" rel=\"noreferrer noopener\">https:\/\/www.allgemeinmedizin.uni-frankfurt.de\/87061915\/Studentische_Lehre<\/a><\/p>\n\n\n\n<p>Informationen zu Pr\u00fcfungen finden Sie <a href=\"https:\/\/www.hausarzt-muehlheim.de\/index.php\/forschung-und-lehre\/pruefungen\/\" data-type=\"page\" data-id=\"3138\">auf einer separaten Seite<\/a>.<\/p>\n","protected":false},"excerpt":{"rendered":"<p>Die Praxis Dr. Vondung ist vom Fachbereich Medizin der Johann-Wolfgang-Goethe-Universit\u00e4t Frankfurt als akademische Lehrpraxis akkreditiert und verf\u00fcgt zudem \u00fcber die volle Weiterbildungserm\u00e4chtigung f\u00fcr das Fach Allgemeinmedizin seitens der Landes\u00e4rztekammer Hessen.<br \/>\nAuf dieser Seite erfahren Sie weitere Details.<\/p>\n","protected":false},"author":1,"featured_media":2302,"parent":2262,"menu_order":2,"comment_status":"closed","ping_status":"closed","template":"","meta":{"site-sidebar-layout":"default","site-content-layout":"default","ast-site-content-layout":"default","site-content-style":"default","site-sidebar-style":"default","ast-global-header-display":"","ast-banner-title-visibility":"","ast-main-header-display":"","ast-hfb-above-header-display":"","ast-hfb-below-header-display":"","ast-hfb-mobile-header-display":"","site-post-title":"","ast-breadcrumbs-content":"","ast-featured-img":"","footer-sml-layout":"","ast-disable-related-posts":"","theme-transparent-header-meta":"default","adv-header-id-meta":"","stick-header-meta":"","header-above-stick-meta":"","header-main-stick-meta":"","header-below-stick-meta":"","astra-migrate-meta-layouts":"set","ast-page-background-enabled":"default","ast-page-background-meta":{"desktop":{"background-color":"","background-image":"","background-repeat":"repeat","background-position":"center center","background-size":"auto","background-attachment":"scroll","background-type":"","background-media":"","overlay-type":"","overlay-color":"","overlay-opacity":"","overlay-gradient":""},"tablet":{"background-color":"","background-image":"","background-repeat":"repeat","background-position":"center center","background-size":"auto","background-attachment":"scroll","background-type":"","background-media":"","overlay-type":"","overlay-color":"","overlay-opacity":"","overlay-gradient":""},"mobile":{"background-color":"","background-image":"","background-repeat":"repeat","background-position":"center center","background-size":"auto","background-attachment":"scroll","background-type":"","background-media":"","overlay-type":"","overlay-color":"","overlay-opacity":"","overlay-gradient":""}},"ast-content-background-meta":{"desktop":{"background-color":"var(--ast-global-color-5)","background-image":"","background-repeat":"repeat","background-position":"center center","background-size":"auto","background-attachment":"scroll","background-type":"","background-media":"","overlay-type":"","overlay-color":"","overlay-opacity":"","overlay-gradient":""},"tablet":{"background-color":"var(--ast-global-color-5)","background-image":"","background-repeat":"repeat","background-position":"center center","background-size":"auto","background-attachment":"scroll","background-type":"","background-media":"","overlay-type":"","overlay-color":"","overlay-opacity":"","overlay-gradient":""},"mobile":{"background-color":"var(--ast-global-color-5)","background-image":"","background-repeat":"repeat","background-position":"center center","background-size":"auto","background-attachment":"scroll","background-type":"","background-media":"","overlay-type":"","overlay-color":"","overlay-opacity":"","overlay-gradient":""}},"_FSMCFIC_featured_image_caption":"Akkreditierungsurkunde","_FSMCFIC_featured_image_nocaption":"","_FSMCFIC_featured_image_hide":"","footnotes":""},"class_list":["post-2265","page","type-page","status-publish","has-post-thumbnail","hentry"],"_links":{"self":[{"href":"https:\/\/www.hausarzt-muehlheim.de\/index.php\/wp-json\/wp\/v2\/pages\/2265","targetHints":{"allow":["GET"]}}],"collection":[{"href":"https:\/\/www.hausarzt-muehlheim.de\/index.php\/wp-json\/wp\/v2\/pages"}],"about":[{"href":"https:\/\/www.hausarzt-muehlheim.de\/index.php\/wp-json\/wp\/v2\/types\/page"}],"author":[{"embeddable":true,"href":"https:\/\/www.hausarzt-muehlheim.de\/index.php\/wp-json\/wp\/v2\/users\/1"}],"replies":[{"embeddable":true,"href":"https:\/\/www.hausarzt-muehlheim.de\/index.php\/wp-json\/wp\/v2\/comments?post=2265"}],"version-history":[{"count":19,"href":"https:\/\/www.hausarzt-muehlheim.de\/index.php\/wp-json\/wp\/v2\/pages\/2265\/revisions"}],"predecessor-version":[{"id":3530,"href":"https:\/\/www.hausarzt-muehlheim.de\/index.php\/wp-json\/wp\/v2\/pages\/2265\/revisions\/3530"}],"up":[{"embeddable":true,"href":"https:\/\/www.hausarzt-muehlheim.de\/index.php\/wp-json\/wp\/v2\/pages\/2262"}],"wp:featuredmedia":[{"embeddable":true,"href":"https:\/\/www.hausarzt-muehlheim.de\/index.php\/wp-json\/wp\/v2\/media\/2302"}],"wp:attachment":[{"href":"https:\/\/www.hausarzt-muehlheim.de\/index.php\/wp-json\/wp\/v2\/media?parent=2265"}],"curies":[{"name":"wp","href":"https:\/\/api.w.org\/{rel}","templated":true}]}}