{"id":2262,"date":"2020-05-30T09:56:12","date_gmt":"2020-05-30T07:56:12","guid":{"rendered":"https:\/\/www.hausarzt-muehlheim.de\/?page_id=2262"},"modified":"2025-06-06T09:01:24","modified_gmt":"2025-06-06T07:01:24","slug":"forschung-und-lehre","status":"publish","type":"page","link":"https:\/\/www.hausarzt-muehlheim.de\/index.php\/forschung-und-lehre\/","title":{"rendered":"Forschung und Lehre"},"content":{"rendered":"\n<p>Unsere Praxis ist von der Universit\u00e4t Frankfurt als Lehr- und Forschungspraxis akkreditiert, \u00e4rztliche Leitung: Dr. Nico Vondung.<\/p>\n\n\n\n<p>Dar\u00fcber hinaus besitzt Herr Dr. Vondung die volle Weiterbildungserm\u00e4chtigung der Landes\u00e4rztekammer Hessen f\u00fcr das Fach Allgemeinmedizin.<\/p>\n\n\n\n<p>N\u00e4heres erfahren Sie auf den Unterseiten<\/p>\n\n\n\n<p><a href=\"https:\/\/www.hausarzt-muehlheim.de\/index.php\/forschung\/\">Forschung<\/a><\/p>\n\n\n\n<p>und<\/p>\n\n\n\n<p><a href=\"https:\/\/www.hausarzt-muehlheim.de\/index.php\/lehre\/\">Lehre<\/a>.<\/p>\n\n\n\n<p>Informationen zu Pr\u00fcfungen von MFA, Studierenden und Fach\u00e4rzten finden Sie auf der Seite<\/p>\n\n\n\n<p><a href=\"https:\/\/www.hausarzt-muehlheim.de\/index.php\/forschung-und-lehre\/pruefungen\/\" data-type=\"page\" data-id=\"3138\">Pr\u00fcfungen<\/a>.<\/p>\n","protected":false},"excerpt":{"rendered":"<p>Unsere Praxis ist von der Universit\u00e4t Frankfurt als Lehr- und Forschungspraxis akkreditiert, \u00e4rztliche Leitung: Dr. Nico Vondung. Dar\u00fcber hinaus besitzt Herr Dr. Vondung die volle Weiterbildungserm\u00e4chtigung der Landes\u00e4rztekammer Hessen f\u00fcr das Fach Allgemeinmedizin. N\u00e4heres erfahren Sie auf den Unterseiten Forschung und Lehre. Informationen zu Pr\u00fcfungen von MFA, Studierenden und Fach\u00e4rzten finden Sie auf der Seite [&hellip;]<\/p>\n","protected":false},"author":1,"featured_media":0,"parent":0,"menu_order":0,"comment_status":"closed","ping_status":"closed","template":"","meta":{"site-sidebar-layout":"default","site-content-layout":"","ast-site-content-layout":"default","site-content-style":"default","site-sidebar-style":"default","ast-global-header-display":"","ast-banner-title-visibility":"","ast-main-header-display":"","ast-hfb-above-header-display":"","ast-hfb-below-header-display":"","ast-hfb-mobile-header-display":"","site-post-title":"","ast-breadcrumbs-content":"","ast-featured-img":"","footer-sml-layout":"","ast-disable-related-posts":"","theme-transparent-header-meta":"","adv-header-id-meta":"","stick-header-meta":"","header-above-stick-meta":"","header-main-stick-meta":"","header-below-stick-meta":"","astra-migrate-meta-layouts":"set","ast-page-background-enabled":"default","ast-page-background-meta":{"desktop":{"background-color":"","background-image":"","background-repeat":"repeat","background-position":"center center","background-size":"auto","background-attachment":"scroll","background-type":"","background-media":"","overlay-type":"","overlay-color":"","overlay-opacity":"","overlay-gradient":""},"tablet":{"background-color":"","background-image":"","background-repeat":"repeat","background-position":"center center","background-size":"auto","background-attachment":"scroll","background-type":"","background-media":"","overlay-type":"","overlay-color":"","overlay-opacity":"","overlay-gradient":""},"mobile":{"background-color":"","background-image":"","background-repeat":"repeat","background-position":"center center","background-size":"auto","background-attachment":"scroll","background-type":"","background-media":"","overlay-type":"","overlay-color":"","overlay-opacity":"","overlay-gradient":""}},"ast-content-background-meta":{"desktop":{"background-color":"var(--ast-global-color-5)","background-image":"","background-repeat":"repeat","background-position":"center center","background-size":"auto","background-attachment":"scroll","background-type":"","background-media":"","overlay-type":"","overlay-color":"","overlay-opacity":"","overlay-gradient":""},"tablet":{"background-color":"var(--ast-global-color-5)","background-image":"","background-repeat":"repeat","background-position":"center center","background-size":"auto","background-attachment":"scroll","background-type":"","background-media":"","overlay-type":"","overlay-color":"","overlay-opacity":"","overlay-gradient":""},"mobile":{"background-color":"var(--ast-global-color-5)","background-image":"","background-repeat":"repeat","background-position":"center center","background-size":"auto","background-attachment":"scroll","background-type":"","background-media":"","overlay-type":"","overlay-color":"","overlay-opacity":"","overlay-gradient":""}},"_FSMCFIC_featured_image_caption":"","_FSMCFIC_featured_image_nocaption":"","_FSMCFIC_featured_image_hide":"","footnotes":""},"class_list":["post-2262","page","type-page","status-publish","hentry"],"_links":{"self":[{"href":"https:\/\/www.hausarzt-muehlheim.de\/index.php\/wp-json\/wp\/v2\/pages\/2262","targetHints":{"allow":["GET"]}}],"collection":[{"href":"https:\/\/www.hausarzt-muehlheim.de\/index.php\/wp-json\/wp\/v2\/pages"}],"about":[{"href":"https:\/\/www.hausarzt-muehlheim.de\/index.php\/wp-json\/wp\/v2\/types\/page"}],"author":[{"embeddable":true,"href":"https:\/\/www.hausarzt-muehlheim.de\/index.php\/wp-json\/wp\/v2\/users\/1"}],"replies":[{"embeddable":true,"href":"https:\/\/www.hausarzt-muehlheim.de\/index.php\/wp-json\/wp\/v2\/comments?post=2262"}],"version-history":[{"count":4,"href":"https:\/\/www.hausarzt-muehlheim.de\/index.php\/wp-json\/wp\/v2\/pages\/2262\/revisions"}],"predecessor-version":[{"id":3374,"href":"https:\/\/www.hausarzt-muehlheim.de\/index.php\/wp-json\/wp\/v2\/pages\/2262\/revisions\/3374"}],"wp:attachment":[{"href":"https:\/\/www.hausarzt-muehlheim.de\/index.php\/wp-json\/wp\/v2\/media?parent=2262"}],"curies":[{"name":"wp","href":"https:\/\/api.w.org\/{rel}","templated":true}]}}