{"id":20,"date":"2010-01-29T11:38:58","date_gmt":"2010-01-29T09:38:58","guid":{"rendered":"http:\/\/www.hausarzt-muehlheim.de\/?page_id=20"},"modified":"2025-10-29T09:09:19","modified_gmt":"2025-10-29T07:09:19","slug":"dr-med-nico-vondung","status":"publish","type":"page","link":"https:\/\/www.hausarzt-muehlheim.de\/index.php\/mitarbeiter\/dr-med-nico-vondung\/","title":{"rendered":"Dr. med. Nico Vondung"},"content":{"rendered":"\n<figure class=\"wp-block-image aligncenter size-large is-resized\"><img loading=\"lazy\" decoding=\"async\" width=\"1024\" height=\"1024\" src=\"https:\/\/www.hausarzt-muehlheim.de\/wp-content\/uploads\/2025\/10\/nicovondung-1024x1024.jpg\" alt=\"\" class=\"wp-image-3470\" style=\"width:450px;height:auto\" srcset=\"https:\/\/www.hausarzt-muehlheim.de\/wp-content\/uploads\/2025\/10\/nicovondung-1024x1024.jpg 1024w, https:\/\/www.hausarzt-muehlheim.de\/wp-content\/uploads\/2025\/10\/nicovondung-300x300.jpg 300w, https:\/\/www.hausarzt-muehlheim.de\/wp-content\/uploads\/2025\/10\/nicovondung-200x200.jpg 200w, https:\/\/www.hausarzt-muehlheim.de\/wp-content\/uploads\/2025\/10\/nicovondung-768x768.jpg 768w, https:\/\/www.hausarzt-muehlheim.de\/wp-content\/uploads\/2025\/10\/nicovondung-1536x1536.jpg 1536w, https:\/\/www.hausarzt-muehlheim.de\/wp-content\/uploads\/2025\/10\/nicovondung-2048x2048.jpg 2048w, https:\/\/www.hausarzt-muehlheim.de\/wp-content\/uploads\/2025\/10\/nicovondung-1320x1320.jpg 1320w\" sizes=\"auto, (max-width: 1024px) 100vw, 1024px\" \/><\/figure>\n\n\n\n<h3 class=\"wp-block-heading\">Lebenslauf<\/h3>\n\n\n\n<ul class=\"wp-block-list\">\n<li>geboren und aufgewachsen in Oberhausen Rhld.<\/li>\n\n\n\n<li>Studium der Medizin in Halle (Saale), Approbation 2005<\/li>\n\n\n\n<li>Promotion 2008 &#8222;magna cum laude&#8220; an der Universit\u00e4t Halle-Wittenberg in der interventionellen Radiologie \u00fcber eine Untersuchungsmethode bei Verdacht auf Brustkrebs (Dissertation im Archiv der Deutschen Nationalbibliothek: <a title=\"Dissertationsschrift von Dr. Nico Vondung\" href=\"http:\/\/d-nb.info\/994636296\/34\" target=\"_blank\" rel=\"noopener noreferrer\">http:\/\/d-nb.info\/994636296\/34<\/a>)<\/li>\n\n\n\n<li>Praxisniederlassung 2011 in M\u00fchlheim (Main)<\/li>\n\n\n\n<li>Lehr-, Forschungs- und Pr\u00fcfert\u00e4tigkeit f\u00fcr den Fachbereich Medizin der Universit\u00e4t Frankfurt<\/li>\n\n\n\n<li>Ausbildungs- und Pr\u00fcfert\u00e4tigkeit f\u00fcr die Landes\u00e4rztekammer Hessen<\/li>\n\n\n\n<li>Moderation des <em>Interdisziplin\u00e4ren Qualit\u00e4tszirkels M\u00fchlheimer \u00c4rzte<\/em><\/li>\n\n\n\n<li>\u00c4rztlicher Bereitschaftsdienst f\u00fcr das Polizeipr\u00e4sidium S\u00fcdosthessen<\/li>\n\n\n\n<li>Flugmedizinischer Sachverst\u00e4ndiger f\u00fcr das Luftfahrtbundesamt (&#8222;Fliegerarzt&#8220;)<\/li>\n\n\n\n<li>Dr. Vondung lebt in M\u00fchlheim, ist verheiratet und hat drei Kinder<\/li>\n<\/ul>\n\n\n\n<h3 class=\"wp-block-heading\">Qualifikationen<\/h3>\n\n\n\n<ul class=\"wp-block-list\">\n<li>Facharzt f\u00fcr Allgemeinmedizin (Landes\u00e4rztekammer Hessen)<\/li>\n\n\n\n<li>BUB-Qualifikation &#8222;Diagnostik schlafbezogener Atemst\u00f6rungen&#8220; (DGSM-Curriculum)<\/li>\n\n\n\n<li>Sonographie Abdomen, Retroperitoneum und Schilddr\u00fcse (DEGUM-Curriculum)<\/li>\n\n\n\n<li>Psychosomatische Grundversorgung (Akademie der Landes\u00e4rztekammer Hessen)<\/li>\n\n\n\n<li>Gesundheitsf\u00f6rderung und Pr\u00e4vention (Bundes\u00e4rztekammer)<\/li>\n\n\n\n<li>Reise- und Tropenmedizin (CRM)<\/li>\n\n\n\n<li>Hautkrebsscreening (KV Hessen)<\/li>\n\n\n\n<li>volle Weiterbildungserm\u00e4chtigung f\u00fcr das Fach Allgemeinmedizin (Landes\u00e4rztekammer Hessen)<\/li>\n\n\n\n<li>Leistungen zur medizinischen Rehabilitation 2015 (Landes\u00e4rztekammer Hessen)<\/li>\n\n\n\n<li>Pr\u00fcfarzt der Pr\u00fcfgruppe nach Arzneimittelgesetz\u00a0 gem. B\u00c4K v. 16.09.2016 (Universit\u00e4t Dresden)<\/li>\n<\/ul>\n\n\n\n<h3 class=\"wp-block-heading\">Mitgliedschaften<\/h3>\n\n\n\n<ul class=\"wp-block-list\">\n<li>SaxoForN &#8211; Forschungspraxennetz Allgemeinmedizin Dresden\/Frankfurt am Main<\/li>\n\n\n\n<li>Deutsche Gesellschaft f\u00fcr Allgemein- und Familienmedizin (DEGAM)<\/li>\n\n\n\n<li>Deutscher Haus\u00e4rzteverband<\/li>\n\n\n\n<li>Deutscher Fliegerarztverband<\/li>\n\n\n\n<li>Gesellschaft zur wissenschaftlichen Untersuchung von Parawissenschaften e.V. (GWUP &#8211; Die Skeptiker)<\/li>\n\n\n\n<li>Wikimedia Deutschland &#8211; Gesellschaft zur F\u00f6rderung Freien Wissens e.V.<\/li>\n\n\n\n<li>Verein zur F\u00f6rderung der Allgemeinmedizin in Frankfurt am Main e.V.<\/li>\n\n\n\n<li>foodwatch e.V.<\/li>\n<\/ul>\n\n\n\n<h3 class=\"wp-block-heading\">COI (Conflicts of Interest, Interessenkonflikte)<\/h3>\n\n\n\n<p>Dr. Vondung<\/p>\n\n\n\n<ul class=\"wp-block-list\">\n<li>ist seit 2011 selbst\u00e4ndig als Vertragsarzt der Kassen\u00e4rztlichen Vereinigung Hessen niedergelassen. Teile des \u00e4rztlichen Honorars werden zudem aus Selektivvertr\u00e4gen (&#8222;HzV&#8220;) mit der Haus\u00e4rztlichen Vertragsgemeinachaft gezahlt.<\/li>\n\n\n\n<li>h\u00e4lt keine Gesch\u00e4ftsanteile oder Aktien mit Beteiligung von Unternehmen der Gesundheitswirtschaft. Er hat kein Eigent\u00fcmerinteresse an Arzneimitteln\/Medizinprodukten (z. B. Patent, Urheberrecht, Verkaufslizenz).<\/li>\n\n\n\n<li>erh\u00e4lt Honorare als flugmedizinischer Sachverst\u00e4ndiger des Luftfahrtbundesamtes.<\/li>\n\n\n\n<li>erh\u00e4lt Aufwandsentsch\u00e4digungen f\u00fcr seine Lehrt\u00e4tigkeit und die Beteiligung an der Durchf\u00fchrung von \u00f6ffentlich finanzierten Forschungsvorhaben durch das Institut f\u00fcr Allgemeinmedizin am Fachbereich Medizin der Universit\u00e4t Frankfurt am Main.<\/li>\n\n\n\n<li>erh\u00e4lt Aufwandsentsch\u00e4digungen f\u00fcr seine T\u00e4tigkeit als Pr\u00fcfer und Gutachter bei der Landes\u00e4rztekammer Hessen.<\/li>\n\n\n\n<li>versichert, ab dem Jahr 2016 kein Geld oder geldwerte Vorteile f\u00fcr Vortr\u00e4ge oder Fortbildungen von Pharmafirmen erhalten zu haben, die im Sinne des FSA-Transparenzkodexes h\u00e4tten gemeldet werden m\u00fcssen.<\/li>\n\n\n\n<li>versichert au\u00dferdem, ab dem Jahr der Niederlassung 2011 kein Honorar f\u00fcr die Durchf\u00fchrung von Anwendungs\u00adbeobachtungen erhalten zu haben.<\/li>\n<\/ul>\n\n\n\n<p><a href=\"https:\/\/correctiv.org\/recherchen\/euros-fuer-aerzte\/datenbank\/empfaenger\/nico-vondung-muhlheim-main-de\/\">Link zu Dr. Vondungs Eintrag in der Transparenzdatenbank der Correctiv gGmbH<\/a><\/p>\n\n\n\n<p>Die Praxis Dr. Vondung empf\u00e4ngt keine Au\u00dfendienstmitarbeiter der pharmazeutischen Industrie (&#8222;Pharmavertreter&#8220;). Es werden keine Anwendungsbeobachtungen durchgef\u00fchrt.<\/p>\n\n\n\n<h4 class=\"wp-block-heading\">Experteninterviews<\/h4>\n\n\n\n<p>Sporadisch nimmt Dr. Vondung an Experteninterviews teil. Um hier Interessenkonflikte zu vermeiden, werden die Honorare in voller H\u00f6he an einen gemeinn\u00fctzigen Zweck gespendet, vorzugsweise an Projekte, die sich der F\u00f6rderung der Transparenz verschrieben haben.<\/p>\n\n\n\n<figure class=\"wp-block-table\"><table class=\"has-fixed-layout\"><tbody><tr><td>Jahr<\/td><td>Firma<\/td><td>Honorar<\/td><td>Empf\u00e4nger der Spende<\/td><\/tr><tr><td>2018<\/td><td>Dr. Ausb\u00fcttel &amp; Co. GmbH &#8211; DRACO<\/td><td>100 EUR<\/td><td>abgeordnetenwatch<\/td><\/tr><\/tbody><\/table><\/figure>\n","protected":false},"excerpt":{"rendered":"<p>Lebenslauf Qualifikationen Mitgliedschaften COI (Conflicts of Interest, Interessenkonflikte) Dr. Vondung Link zu Dr. Vondungs Eintrag in der Transparenzdatenbank der Correctiv gGmbH Die Praxis Dr. Vondung empf\u00e4ngt keine Au\u00dfendienstmitarbeiter der pharmazeutischen Industrie (&#8222;Pharmavertreter&#8220;). Es werden keine Anwendungsbeobachtungen durchgef\u00fchrt. Experteninterviews Sporadisch nimmt Dr. Vondung an Experteninterviews teil. Um hier Interessenkonflikte zu vermeiden, werden die Honorare in voller [&hellip;]<\/p>\n","protected":false},"author":1,"featured_media":0,"parent":18,"menu_order":8,"comment_status":"closed","ping_status":"closed","template":"","meta":{"site-sidebar-layout":"default","site-content-layout":"default","ast-site-content-layout":"default","site-content-style":"default","site-sidebar-style":"default","ast-global-header-display":"","ast-banner-title-visibility":"","ast-main-header-display":"","ast-hfb-above-header-display":"","ast-hfb-below-header-display":"","ast-hfb-mobile-header-display":"","site-post-title":"","ast-breadcrumbs-content":"","ast-featured-img":"","footer-sml-layout":"","ast-disable-related-posts":"","theme-transparent-header-meta":"default","adv-header-id-meta":"","stick-header-meta":"","header-above-stick-meta":"","header-main-stick-meta":"","header-below-stick-meta":"","astra-migrate-meta-layouts":"set","ast-page-background-enabled":"default","ast-page-background-meta":{"desktop":{"background-color":"","background-image":"","background-repeat":"repeat","background-position":"center center","background-size":"auto","background-attachment":"scroll","background-type":"","background-media":"","overlay-type":"","overlay-color":"","overlay-opacity":"","overlay-gradient":""},"tablet":{"background-color":"","background-image":"","background-repeat":"repeat","background-position":"center center","background-size":"auto","background-attachment":"scroll","background-type":"","background-media":"","overlay-type":"","overlay-color":"","overlay-opacity":"","overlay-gradient":""},"mobile":{"background-color":"","background-image":"","background-repeat":"repeat","background-position":"center center","background-size":"auto","background-attachment":"scroll","background-type":"","background-media":"","overlay-type":"","overlay-color":"","overlay-opacity":"","overlay-gradient":""}},"ast-content-background-meta":{"desktop":{"background-color":"var(--ast-global-color-5)","background-image":"","background-repeat":"repeat","background-position":"center center","background-size":"auto","background-attachment":"scroll","background-type":"","background-media":"","overlay-type":"","overlay-color":"","overlay-opacity":"","overlay-gradient":""},"tablet":{"background-color":"var(--ast-global-color-5)","background-image":"","background-repeat":"repeat","background-position":"center center","background-size":"auto","background-attachment":"scroll","background-type":"","background-media":"","overlay-type":"","overlay-color":"","overlay-opacity":"","overlay-gradient":""},"mobile":{"background-color":"var(--ast-global-color-5)","background-image":"","background-repeat":"repeat","background-position":"center center","background-size":"auto","background-attachment":"scroll","background-type":"","background-media":"","overlay-type":"","overlay-color":"","overlay-opacity":"","overlay-gradient":""}},"_FSMCFIC_featured_image_caption":"","_FSMCFIC_featured_image_nocaption":"","_FSMCFIC_featured_image_hide":"","footnotes":""},"class_list":["post-20","page","type-page","status-publish","hentry"],"_links":{"self":[{"href":"https:\/\/www.hausarzt-muehlheim.de\/index.php\/wp-json\/wp\/v2\/pages\/20","targetHints":{"allow":["GET"]}}],"collection":[{"href":"https:\/\/www.hausarzt-muehlheim.de\/index.php\/wp-json\/wp\/v2\/pages"}],"about":[{"href":"https:\/\/www.hausarzt-muehlheim.de\/index.php\/wp-json\/wp\/v2\/types\/page"}],"author":[{"embeddable":true,"href":"https:\/\/www.hausarzt-muehlheim.de\/index.php\/wp-json\/wp\/v2\/users\/1"}],"replies":[{"embeddable":true,"href":"https:\/\/www.hausarzt-muehlheim.de\/index.php\/wp-json\/wp\/v2\/comments?post=20"}],"version-history":[{"count":74,"href":"https:\/\/www.hausarzt-muehlheim.de\/index.php\/wp-json\/wp\/v2\/pages\/20\/revisions"}],"predecessor-version":[{"id":3471,"href":"https:\/\/www.hausarzt-muehlheim.de\/index.php\/wp-json\/wp\/v2\/pages\/20\/revisions\/3471"}],"up":[{"embeddable":true,"href":"https:\/\/www.hausarzt-muehlheim.de\/index.php\/wp-json\/wp\/v2\/pages\/18"}],"wp:attachment":[{"href":"https:\/\/www.hausarzt-muehlheim.de\/index.php\/wp-json\/wp\/v2\/media?parent=20"}],"curies":[{"name":"wp","href":"https:\/\/api.w.org\/{rel}","templated":true}]}}