{"id":1717,"date":"2017-06-18T10:27:34","date_gmt":"2017-06-18T08:27:34","guid":{"rendered":"http:\/\/www.hausarzt-muehlheim.de\/?page_id=1717"},"modified":"2021-12-25T08:37:53","modified_gmt":"2021-12-25T06:37:53","slug":"psychische-krisen","status":"publish","type":"page","link":"https:\/\/www.hausarzt-muehlheim.de\/index.php\/notdienst\/psychische-krisen\/","title":{"rendered":"Psychische Krisen"},"content":{"rendered":"<p>Jeder Mensch kann zu jeder Zeit in eine Krise geraten, sei es durch schlechte Noten in der Schule, Mobbing im Job, finanzielle N\u00f6te, eine Trennung, den Tod eines nahe stehenden Menschen oder Haustiers oder im schlimmsten Fall als Zeuge oder Opfer eines Verbrechens.<\/p>\n<p>Auch k\u00f6nnen jederzeit ohne \u00e4u\u00dferen Anlass psychische Erkrankungen wie z.B. eine Depression auftreten.<\/p>\n<p>Wenn Sie einen verl\u00e4sslichen Ansprechpartner au\u00dferhalb Ihrer Familie oder Ihres Freundeskreises suchen und wir als Ihre Haus\u00e4rzte gerade nicht verf\u00fcgbar sind, k\u00f6nnen Sie sich an folgende Einrichtungen wenden:<\/p>\n<h4>Telefonseelsorge<\/h4>\n<p>Sofortige Hilfe erhalten Sie rund um die Uhr bei der Telefonseelsorge unter der bundeseinheitlichen kostenlosen Rufnummer<br \/>\n0800 1110111 oder<br \/>\n0800 1110222<br \/>\n0800 1110333 (f\u00fcr Kinder und Jugendliche)<\/p>\n<h4>Info-Telefon Depression<\/h4>\n<p>0800 3344533 (kostenlos)<\/p>\n<h4>&#8222;Nummer gegen Kummer&#8220;<\/h4>\n<p>Kinder- und Jugendtelefon 116 111 (kostenlos)<\/p>\n<p>Elterntelefon 0800 1110550 (kostenlos)<\/p>\n<h4>Sozialpsychiatrischer Dienst des Kreises Offenbach<\/h4>\n<p>Gottlieb-Daimler-Stra\u00dfe 10<br \/>\n63128 Dietzenbach<br \/>\nTelefon 06074 &#8211; 8180-63792<\/p>\n<h4>Psychosozialer Krisendienst<\/h4>\n<p>Der psychosoziale Krisendienst sichert in Frankfurt psychosoziale Hilfe bei Notlagen zu<br \/>\nTelefon 069 611375<br \/>\n(Mo-Fr. 17-1 Uhr, Sa, So und an Feiertagen 9-1 Uhr)<\/p>\n<h4>Frankfurter Netzwerk Suizidpr\u00e4vention (FRANS)<\/h4>\n<p><a href=\"http:\/\/www.frans-hilft.de\">www.frans-hilft.de<\/a><\/p>\n<h2>Hilfe <strong>f\u00fcr<\/strong> <strong>Angeh\u00f6rige<\/strong> von Menschen, die Suizid begangen haben<\/h2>\n<p><a href=\"http:\/\/www.agus-selbsthilfe.de\" target=\"_blank\" rel=\"noopener noreferrer\">Agus Selbsthilfe<\/a><\/p>\n<p><a href=\"http:\/\/www.hilfe-nach-suizid.de\" target=\"_blank\" rel=\"noopener noreferrer\">www.hilfe-nach-suizid.de<\/a><\/p>\n<h2>Akute Krisenintervention in den psychiatrischen Kliniken<\/h2>\n<p>Au\u00dferhalb der regul\u00e4ren \u00d6ffnungszeiten wenden Sie sich bitte an den diensthabenden Arzt\/die diensthabende \u00c4rztin<br \/>\nKlinik f\u00fcr Psychiatrie und Psychotherapie<\/p>\n<p>Asklepios Klinik f\u00fcr psychische Gesundheit<br \/>\nR\u00f6ntgenstr. 20<br \/>\n63225 Langen<br \/>\n06103 \u2013 9120<\/p>\n<p>Sana Klinikum Offenbach &#8211; Psychiatrie und Psychotherapie<br \/>\nStarkenburgring 66<br \/>\n63069 Offenbach<br \/>\n069 \u2013 84053065<\/p>\n<p>Agaplesion Markus Krankenhaus<br \/>\nWilhelm-Epstein-Str. 4, 60431 Frankfurt am Main<br \/>\n069 \u2013 9533 0<\/p>\n<p>Klinik Hohe Mark<br \/>\nFriedl\u00e4nder Str. 2, 61440 Oberursel<br \/>\n06171 \u2013 204 0<\/p>\n<p>Klinik f\u00fcr Psychiatrie, Psychosomatik und Psychotherapie<br \/>\nUniversit\u00e4tsklinikum<br \/>\nHeinrich-Hoffmann-Str. 10, 60528 Frankfurt am Main<br \/>\n069 \u2013 6301 5079<\/p>\n<p>Klinik f\u00fcr Psychiatrie und Psychotherapie<br \/>\nKlinikum Frankfurt H\u00f6chst<br \/>\nGotenstr. 6, 65929 Frankfurt am Main<br \/>\n069 \u2013 3106 0<\/p>\n<p>Vitos Klinik Bamberger Hof<br \/>\nOeder Weg 46, 60318 Frankfurt am Main<br \/>\n069 \u2013 678002601 (nur Mo \u2013 Fr 8.30 -18.00 Uhr)<\/p>\n<h4>Hilfe f\u00fcr Kinder und Jugendliche unter 18 Jahren<\/h4>\n<p>Klinik f\u00fcr Psychiatrie, Psychosomatik und Psychotherapie des Kindes- und Jugendalters<br \/>\nUniversit\u00e4tsklinikum<br \/>\nDeutschordenstra\u00dfe 50, 60528 Frankfurt am Main<br \/>\n069 \u2013 6301 5920<\/p>\n<p>Vitos Klinik Hofheim<br \/>\nKinder- und Jugendpsychiatrie, Psychosomatik und Psychotherapie<br \/>\nPhilippsanlage 101<br \/>\n64560 Riedstadt<br \/>\nTelefon: 06158 &#8211; 183350 (Mo-Fr 8-17 Uhr) oder&nbsp;06158 \u2013 1830 (jederzeit)<\/p>\n<h4>Herzliche Einladung f\u00fcr Menschen mit psychischen Problemen zu Spazierg\u00e4ngen<\/h4>\n<pre>auf einfachen Wegen\u2029ohne Steigung\u2029mit langsamen Schritten\u2029bei jedem Wetter,\u2029etwa eine Stunde lang.\u2029\u2029Gemeinsam die Natur beobachten.<\/pre>\n<p>Treffpunkt: Einbiegung Feldweg gegen\u00fcber Ecke F\u00e4hrenstra\u00dfe\/Saint-Priest-Stra\u00dfe<\/p>\n<p>Immer dienstags in der geraden Kalenderwoche (au\u00dfer an Feiertagen) von 16:30-17:30 Uhr (in der Sommerzeit) bzw. 15:30-16:30 Uhr (in der Winterzeit).<\/p>\n<p>Anmeldung \u00fcber: Kreis Offenbach, Sozialpsychiatrischer Dienst, Telefon (06074) 8180-63792 &#8211; Frau Stefanie Behnecke<\/p>\n","protected":false},"excerpt":{"rendered":"<p>Jeder Mensch kann zu jeder Zeit in eine Krise geraten, sei es durch schlechte Noten in der Schule, Mobbing im Job, finanzielle N\u00f6te, eine Trennung, den Tod eines nahe stehenden Menschen oder Haustiers oder im schlimmsten Fall als Zeuge oder Opfer eines Verbrechens. Auch k\u00f6nnen jederzeit ohne \u00e4u\u00dferen Anlass psychische Erkrankungen wie z.B. eine Depression [&hellip;]<\/p>\n","protected":false},"author":1,"featured_media":1540,"parent":511,"menu_order":0,"comment_status":"closed","ping_status":"closed","template":"","meta":{"site-sidebar-layout":"default","site-content-layout":"","ast-site-content-layout":"default","site-content-style":"default","site-sidebar-style":"default","ast-global-header-display":"","ast-banner-title-visibility":"","ast-main-header-display":"","ast-hfb-above-header-display":"","ast-hfb-below-header-display":"","ast-hfb-mobile-header-display":"","site-post-title":"","ast-breadcrumbs-content":"","ast-featured-img":"","footer-sml-layout":"","ast-disable-related-posts":"","theme-transparent-header-meta":"","adv-header-id-meta":"","stick-header-meta":"","header-above-stick-meta":"","header-main-stick-meta":"","header-below-stick-meta":"","astra-migrate-meta-layouts":"default","ast-page-background-enabled":"default","ast-page-background-meta":{"desktop":{"background-color":"","background-image":"","background-repeat":"repeat","background-position":"center center","background-size":"auto","background-attachment":"scroll","background-type":"","background-media":"","overlay-type":"","overlay-color":"","overlay-opacity":"","overlay-gradient":""},"tablet":{"background-color":"","background-image":"","background-repeat":"repeat","background-position":"center center","background-size":"auto","background-attachment":"scroll","background-type":"","background-media":"","overlay-type":"","overlay-color":"","overlay-opacity":"","overlay-gradient":""},"mobile":{"background-color":"","background-image":"","background-repeat":"repeat","background-position":"center center","background-size":"auto","background-attachment":"scroll","background-type":"","background-media":"","overlay-type":"","overlay-color":"","overlay-opacity":"","overlay-gradient":""}},"ast-content-background-meta":{"desktop":{"background-color":"var(--ast-global-color-5)","background-image":"","background-repeat":"repeat","background-position":"center center","background-size":"auto","background-attachment":"scroll","background-type":"","background-media":"","overlay-type":"","overlay-color":"","overlay-opacity":"","overlay-gradient":""},"tablet":{"background-color":"var(--ast-global-color-5)","background-image":"","background-repeat":"repeat","background-position":"center center","background-size":"auto","background-attachment":"scroll","background-type":"","background-media":"","overlay-type":"","overlay-color":"","overlay-opacity":"","overlay-gradient":""},"mobile":{"background-color":"var(--ast-global-color-5)","background-image":"","background-repeat":"repeat","background-position":"center center","background-size":"auto","background-attachment":"scroll","background-type":"","background-media":"","overlay-type":"","overlay-color":"","overlay-opacity":"","overlay-gradient":""}},"_FSMCFIC_featured_image_caption":"","_FSMCFIC_featured_image_nocaption":"","_FSMCFIC_featured_image_hide":"","footnotes":""},"class_list":["post-1717","page","type-page","status-publish","has-post-thumbnail","hentry"],"_links":{"self":[{"href":"https:\/\/www.hausarzt-muehlheim.de\/index.php\/wp-json\/wp\/v2\/pages\/1717","targetHints":{"allow":["GET"]}}],"collection":[{"href":"https:\/\/www.hausarzt-muehlheim.de\/index.php\/wp-json\/wp\/v2\/pages"}],"about":[{"href":"https:\/\/www.hausarzt-muehlheim.de\/index.php\/wp-json\/wp\/v2\/types\/page"}],"author":[{"embeddable":true,"href":"https:\/\/www.hausarzt-muehlheim.de\/index.php\/wp-json\/wp\/v2\/users\/1"}],"replies":[{"embeddable":true,"href":"https:\/\/www.hausarzt-muehlheim.de\/index.php\/wp-json\/wp\/v2\/comments?post=1717"}],"version-history":[{"count":13,"href":"https:\/\/www.hausarzt-muehlheim.de\/index.php\/wp-json\/wp\/v2\/pages\/1717\/revisions"}],"predecessor-version":[{"id":2600,"href":"https:\/\/www.hausarzt-muehlheim.de\/index.php\/wp-json\/wp\/v2\/pages\/1717\/revisions\/2600"}],"up":[{"embeddable":true,"href":"https:\/\/www.hausarzt-muehlheim.de\/index.php\/wp-json\/wp\/v2\/pages\/511"}],"wp:featuredmedia":[{"embeddable":true,"href":"https:\/\/www.hausarzt-muehlheim.de\/index.php\/wp-json\/wp\/v2\/media\/1540"}],"wp:attachment":[{"href":"https:\/\/www.hausarzt-muehlheim.de\/index.php\/wp-json\/wp\/v2\/media?parent=1717"}],"curies":[{"name":"wp","href":"https:\/\/api.w.org\/{rel}","templated":true}]}}