{"id":147,"date":"2013-04-01T00:01:32","date_gmt":"2013-03-31T23:01:32","guid":{"rendered":"http:\/\/www.hausarzt-muehlheim.de\/?page_id=147"},"modified":"2016-03-29T18:11:10","modified_gmt":"2016-03-29T16:11:10","slug":"dr-med-ulrike-oppermann","status":"publish","type":"page","link":"https:\/\/www.hausarzt-muehlheim.de\/index.php\/mitarbeiter\/dr-med-ulrike-oppermann\/","title":{"rendered":"Dr. med. Ulrike Oppermann"},"content":{"rendered":"<p><img loading=\"lazy\" decoding=\"async\" src=\"http:\/\/www.hausarzt-muehlheim.de\/wp-content\/uploads\/2013\/04\/ulrike.jpg\" alt=\"Dr. med. Ulrike Oppermann\" width=\"250\" height=\"360\" \/><\/p>\n<p>Dr. Ulrike Oppermann studierte an der Johann-Wolfgang-von-Goethe Universit\u00e4t in Frankfurt und der Ludwig-Maximilians-Universit\u00e4t in M\u00fcnchen (1988-1994).<\/p>\n<p>Im Rahmen ihrer Ausbildung zur Fach\u00e4rztin f\u00fcr Allgemeinmedizin war sie am Kreiskrankenhaus F\u00fcrstenfeldbruck (Innere, 1995), an der Arabella Klinik in M\u00fcnchen (Chirurgie, 1996) sowie in einer haus\u00e4rztlichen Gemeinschaftspraxis in Hanau (bis 2006) t\u00e4tig.<br \/>\nIn dieser Zeit promovierte sie auf dem Gebiet der Neuroanatomie (1999).<\/p>\n<p>2007 wechselte sie als Fach\u00e4rztin nach Gelnhausen an das MVZ der Main-Kinzig-Kliniken. Anschlie\u00dfend war sie bis 2013 in einer gro\u00dfen allgemeinmedizinischen Praxis in Hanau t\u00e4tig.<\/p>\n<p>Neben der Allgemeinmedizin liegen Schwerpunkte ihrer T\u00e4tigkeit in der Ultraschalldiagnostik, in der psychosomatischen Grundversorgung und au\u00dferdem in der Diagnostik und Therapie nach der Traditionell chinesischen Medizin (TCM), insbesondere Akupunktur (B-Diplom).<\/p>\n<p>Frau Dr. Oppermann lebt in M\u00fchlheim, ist verheiratet und hat drei Kinder.<\/p>\n","protected":false},"excerpt":{"rendered":"<p>Dr. Ulrike Oppermann studierte an der Johann-Wolfgang-von-Goethe Universit\u00e4t in Frankfurt und der Ludwig-Maximilians-Universit\u00e4t in M\u00fcnchen (1988-1994). Im Rahmen ihrer Ausbildung zur Fach\u00e4rztin f\u00fcr Allgemeinmedizin war sie am Kreiskrankenhaus F\u00fcrstenfeldbruck (Innere, 1995), an der Arabella Klinik in M\u00fcnchen (Chirurgie, 1996) sowie in einer haus\u00e4rztlichen Gemeinschaftspraxis in Hanau (bis 2006) t\u00e4tig. In dieser Zeit promovierte sie auf [&hellip;]<\/p>\n","protected":false},"author":1,"featured_media":0,"parent":18,"menu_order":7,"comment_status":"closed","ping_status":"closed","template":"","meta":{"site-sidebar-layout":"default","site-content-layout":"","ast-site-content-layout":"default","site-content-style":"default","site-sidebar-style":"default","ast-global-header-display":"","ast-banner-title-visibility":"","ast-main-header-display":"","ast-hfb-above-header-display":"","ast-hfb-below-header-display":"","ast-hfb-mobile-header-display":"","site-post-title":"","ast-breadcrumbs-content":"","ast-featured-img":"","footer-sml-layout":"","ast-disable-related-posts":"","theme-transparent-header-meta":"","adv-header-id-meta":"","stick-header-meta":"","header-above-stick-meta":"","header-main-stick-meta":"","header-below-stick-meta":"","astra-migrate-meta-layouts":"default","ast-page-background-enabled":"default","ast-page-background-meta":{"desktop":{"background-color":"","background-image":"","background-repeat":"repeat","background-position":"center center","background-size":"auto","background-attachment":"scroll","background-type":"","background-media":"","overlay-type":"","overlay-color":"","overlay-opacity":"","overlay-gradient":""},"tablet":{"background-color":"","background-image":"","background-repeat":"repeat","background-position":"center center","background-size":"auto","background-attachment":"scroll","background-type":"","background-media":"","overlay-type":"","overlay-color":"","overlay-opacity":"","overlay-gradient":""},"mobile":{"background-color":"","background-image":"","background-repeat":"repeat","background-position":"center center","background-size":"auto","background-attachment":"scroll","background-type":"","background-media":"","overlay-type":"","overlay-color":"","overlay-opacity":"","overlay-gradient":""}},"ast-content-background-meta":{"desktop":{"background-color":"var(--ast-global-color-5)","background-image":"","background-repeat":"repeat","background-position":"center center","background-size":"auto","background-attachment":"scroll","background-type":"","background-media":"","overlay-type":"","overlay-color":"","overlay-opacity":"","overlay-gradient":""},"tablet":{"background-color":"var(--ast-global-color-5)","background-image":"","background-repeat":"repeat","background-position":"center center","background-size":"auto","background-attachment":"scroll","background-type":"","background-media":"","overlay-type":"","overlay-color":"","overlay-opacity":"","overlay-gradient":""},"mobile":{"background-color":"var(--ast-global-color-5)","background-image":"","background-repeat":"repeat","background-position":"center center","background-size":"auto","background-attachment":"scroll","background-type":"","background-media":"","overlay-type":"","overlay-color":"","overlay-opacity":"","overlay-gradient":""}},"_FSMCFIC_featured_image_caption":"","_FSMCFIC_featured_image_nocaption":"","_FSMCFIC_featured_image_hide":"","footnotes":""},"class_list":["post-147","page","type-page","status-publish","hentry"],"_links":{"self":[{"href":"https:\/\/www.hausarzt-muehlheim.de\/index.php\/wp-json\/wp\/v2\/pages\/147","targetHints":{"allow":["GET"]}}],"collection":[{"href":"https:\/\/www.hausarzt-muehlheim.de\/index.php\/wp-json\/wp\/v2\/pages"}],"about":[{"href":"https:\/\/www.hausarzt-muehlheim.de\/index.php\/wp-json\/wp\/v2\/types\/page"}],"author":[{"embeddable":true,"href":"https:\/\/www.hausarzt-muehlheim.de\/index.php\/wp-json\/wp\/v2\/users\/1"}],"replies":[{"embeddable":true,"href":"https:\/\/www.hausarzt-muehlheim.de\/index.php\/wp-json\/wp\/v2\/comments?post=147"}],"version-history":[{"count":5,"href":"https:\/\/www.hausarzt-muehlheim.de\/index.php\/wp-json\/wp\/v2\/pages\/147\/revisions"}],"predecessor-version":[{"id":1456,"href":"https:\/\/www.hausarzt-muehlheim.de\/index.php\/wp-json\/wp\/v2\/pages\/147\/revisions\/1456"}],"up":[{"embeddable":true,"href":"https:\/\/www.hausarzt-muehlheim.de\/index.php\/wp-json\/wp\/v2\/pages\/18"}],"wp:attachment":[{"href":"https:\/\/www.hausarzt-muehlheim.de\/index.php\/wp-json\/wp\/v2\/media?parent=147"}],"curies":[{"name":"wp","href":"https:\/\/api.w.org\/{rel}","templated":true}]}}