{"id":1388,"date":"2015-11-03T13:01:10","date_gmt":"2015-11-03T11:01:10","guid":{"rendered":"http:\/\/www.hausarzt-muehlheim.de\/?page_id=1388"},"modified":"2016-03-29T18:13:36","modified_gmt":"2016-03-29T16:13:36","slug":"notdienstapotheken","status":"publish","type":"page","link":"https:\/\/www.hausarzt-muehlheim.de\/index.php\/notdienst\/notdienstapotheken\/","title":{"rendered":"Notdienstapotheken"},"content":{"rendered":"<p>Durch einen Klick auf das Banner erhalten Sie eine \u00dcbersicht \u00fcber die Apotheken in M\u00fchlheim und Umgebung, die momentan Notdienst haben.<\/p>\n<p><a href=\"http:\/\/www.aponet.de\/service\/notdienstapotheke-finden\/suchergebnis\/0\/63165.html\"><br \/>\n<img decoding=\"async\" src=\"http:\/\/www.hausarzt-muehlheim.de\/wp-content\/uploads\/2015\/11\/apothekennotdienstesuche_aponetbanner_468x60.jpg\" alt=\"zur Apothekennotdienstsuche auf aponet.de\" border=\"0\" \/><br \/>\n<\/a><\/p>\n","protected":false},"excerpt":{"rendered":"<p>Durch einen Klick auf das Banner erhalten Sie eine \u00dcbersicht \u00fcber die Apotheken in M\u00fchlheim und Umgebung, die momentan Notdienst haben.<\/p>\n","protected":false},"author":1,"featured_media":1394,"parent":511,"menu_order":17,"comment_status":"closed","ping_status":"closed","template":"","meta":{"site-sidebar-layout":"default","site-content-layout":"","ast-site-content-layout":"default","site-content-style":"default","site-sidebar-style":"default","ast-global-header-display":"","ast-banner-title-visibility":"","ast-main-header-display":"","ast-hfb-above-header-display":"","ast-hfb-below-header-display":"","ast-hfb-mobile-header-display":"","site-post-title":"","ast-breadcrumbs-content":"","ast-featured-img":"","footer-sml-layout":"","ast-disable-related-posts":"","theme-transparent-header-meta":"","adv-header-id-meta":"","stick-header-meta":"","header-above-stick-meta":"","header-main-stick-meta":"","header-below-stick-meta":"","astra-migrate-meta-layouts":"default","ast-page-background-enabled":"default","ast-page-background-meta":{"desktop":{"background-color":"","background-image":"","background-repeat":"repeat","background-position":"center center","background-size":"auto","background-attachment":"scroll","background-type":"","background-media":"","overlay-type":"","overlay-color":"","overlay-opacity":"","overlay-gradient":""},"tablet":{"background-color":"","background-image":"","background-repeat":"repeat","background-position":"center center","background-size":"auto","background-attachment":"scroll","background-type":"","background-media":"","overlay-type":"","overlay-color":"","overlay-opacity":"","overlay-gradient":""},"mobile":{"background-color":"","background-image":"","background-repeat":"repeat","background-position":"center center","background-size":"auto","background-attachment":"scroll","background-type":"","background-media":"","overlay-type":"","overlay-color":"","overlay-opacity":"","overlay-gradient":""}},"ast-content-background-meta":{"desktop":{"background-color":"var(--ast-global-color-5)","background-image":"","background-repeat":"repeat","background-position":"center center","background-size":"auto","background-attachment":"scroll","background-type":"","background-media":"","overlay-type":"","overlay-color":"","overlay-opacity":"","overlay-gradient":""},"tablet":{"background-color":"var(--ast-global-color-5)","background-image":"","background-repeat":"repeat","background-position":"center center","background-size":"auto","background-attachment":"scroll","background-type":"","background-media":"","overlay-type":"","overlay-color":"","overlay-opacity":"","overlay-gradient":""},"mobile":{"background-color":"var(--ast-global-color-5)","background-image":"","background-repeat":"repeat","background-position":"center center","background-size":"auto","background-attachment":"scroll","background-type":"","background-media":"","overlay-type":"","overlay-color":"","overlay-opacity":"","overlay-gradient":""}},"_FSMCFIC_featured_image_caption":"","_FSMCFIC_featured_image_nocaption":"","_FSMCFIC_featured_image_hide":"","footnotes":""},"class_list":["post-1388","page","type-page","status-publish","has-post-thumbnail","hentry"],"_links":{"self":[{"href":"https:\/\/www.hausarzt-muehlheim.de\/index.php\/wp-json\/wp\/v2\/pages\/1388","targetHints":{"allow":["GET"]}}],"collection":[{"href":"https:\/\/www.hausarzt-muehlheim.de\/index.php\/wp-json\/wp\/v2\/pages"}],"about":[{"href":"https:\/\/www.hausarzt-muehlheim.de\/index.php\/wp-json\/wp\/v2\/types\/page"}],"author":[{"embeddable":true,"href":"https:\/\/www.hausarzt-muehlheim.de\/index.php\/wp-json\/wp\/v2\/users\/1"}],"replies":[{"embeddable":true,"href":"https:\/\/www.hausarzt-muehlheim.de\/index.php\/wp-json\/wp\/v2\/comments?post=1388"}],"version-history":[{"count":8,"href":"https:\/\/www.hausarzt-muehlheim.de\/index.php\/wp-json\/wp\/v2\/pages\/1388\/revisions"}],"predecessor-version":[{"id":1463,"href":"https:\/\/www.hausarzt-muehlheim.de\/index.php\/wp-json\/wp\/v2\/pages\/1388\/revisions\/1463"}],"up":[{"embeddable":true,"href":"https:\/\/www.hausarzt-muehlheim.de\/index.php\/wp-json\/wp\/v2\/pages\/511"}],"wp:featuredmedia":[{"embeddable":true,"href":"https:\/\/www.hausarzt-muehlheim.de\/index.php\/wp-json\/wp\/v2\/media\/1394"}],"wp:attachment":[{"href":"https:\/\/www.hausarzt-muehlheim.de\/index.php\/wp-json\/wp\/v2\/media?parent=1388"}],"curies":[{"name":"wp","href":"https:\/\/api.w.org\/{rel}","templated":true}]}}