{"id":114,"date":"2013-02-02T22:52:07","date_gmt":"2013-02-02T20:52:07","guid":{"rendered":"http:\/\/www.hausarzt-muehlheim.de\/?page_id=114"},"modified":"2024-04-26T08:05:29","modified_gmt":"2024-04-26T06:05:29","slug":"anfahrt","status":"publish","type":"page","link":"https:\/\/www.hausarzt-muehlheim.de\/index.php\/anfahrt\/","title":{"rendered":"Anfahrt"},"content":{"rendered":"\n<figure class=\"wp-block-image aligncenter\"><img decoding=\"async\" src=\"http:\/\/www.hausarzt-muehlheim.de\/wp-content\/uploads\/2020\/03\/map_praxis-scaled.jpg\" alt=\"\"\/><figcaption class=\"wp-element-caption\">Quelle: openstreetmap.org<\/figcaption><\/figure>\n\n\n\n<p>Saint-Priest-Str. 30<\/p>\n\n\n\n<p>63165 M\u00fchlheim (Main)<\/p>\n\n\n\n<p><a href=\"https:\/\/maps.app.goo.gl\/BUHuboXpENtHtgJV6\" target=\"_blank\" rel=\"noreferrer noopener\">Adresse auf Google Maps<\/a><\/p>\n\n\n\n<h2 class=\"wp-block-heading\">Mit dem Auto<\/h2>\n\n\n\n<p>Folgen Sie den Schildern Richtung Autof\u00e4hre M\u00fchlheim &#8211; Maintal-D\u00f6rnigheim. Biegen Sie die letzte Stra\u00dfe vor Ortsausgang M\u00fchlheim links ab. Nach ca. 200m liegt die Praxis auf der linken Stra\u00dfenseite. Sie finden Parkpl\u00e4tze auf dem Grundst\u00fcck rechts neben der Praxis.<\/p>\n\n\n\n<h2 class=\"wp-block-heading\">Mit \u00f6ffentlichen Verkehrsmitteln<\/h2>\n\n\n\n<p>Bus Linie 31 oder 120, Haltestelle F\u00e4hrenstra\u00dfe oder Lerchenweg. Fu\u00dfweg ca. 500m.<\/p>\n\n\n\n<h2 class=\"wp-block-heading\">what3words<\/h2>\n\n\n\n<p><a rel=\"noopener noreferrer\" href=\"https:\/\/w3w.co\/konzerte.jeder.frage\" target=\"_blank\">Konzerte.jeder.Frage<\/a> &#8211; Diese Dreiwortadresse bezieht sich auf ein pr\u00e4zises 3 m x 3 m Quadrat. Tippen Sie auf den Link oder geben Sie die drei W\u00f6rter in die kostenlose what3words-App ein, um diesen Standort zu finden.<\/p>\n","protected":false},"excerpt":{"rendered":"<p>Saint-Priest-Str. 30 63165 M\u00fchlheim (Main) Adresse auf Google Maps Mit dem Auto Folgen Sie den Schildern Richtung Autof\u00e4hre M\u00fchlheim &#8211; Maintal-D\u00f6rnigheim. Biegen Sie die letzte Stra\u00dfe vor Ortsausgang M\u00fchlheim links ab. Nach ca. 200m liegt die Praxis auf der linken Stra\u00dfenseite. Sie finden Parkpl\u00e4tze auf dem Grundst\u00fcck rechts neben der Praxis. Mit \u00f6ffentlichen Verkehrsmitteln Bus [&hellip;]<\/p>\n","protected":false},"author":1,"featured_media":0,"parent":0,"menu_order":30,"comment_status":"closed","ping_status":"closed","template":"","meta":{"site-sidebar-layout":"default","site-content-layout":"default","ast-site-content-layout":"default","site-content-style":"default","site-sidebar-style":"default","ast-global-header-display":"","ast-banner-title-visibility":"","ast-main-header-display":"","ast-hfb-above-header-display":"","ast-hfb-below-header-display":"","ast-hfb-mobile-header-display":"","site-post-title":"","ast-breadcrumbs-content":"","ast-featured-img":"","footer-sml-layout":"","ast-disable-related-posts":"","theme-transparent-header-meta":"default","adv-header-id-meta":"","stick-header-meta":"","header-above-stick-meta":"","header-main-stick-meta":"","header-below-stick-meta":"","astra-migrate-meta-layouts":"default","ast-page-background-enabled":"default","ast-page-background-meta":{"desktop":{"background-color":"","background-image":"","background-repeat":"repeat","background-position":"center center","background-size":"auto","background-attachment":"scroll","background-type":"","background-media":"","overlay-type":"","overlay-color":"","overlay-opacity":"","overlay-gradient":""},"tablet":{"background-color":"","background-image":"","background-repeat":"repeat","background-position":"center center","background-size":"auto","background-attachment":"scroll","background-type":"","background-media":"","overlay-type":"","overlay-color":"","overlay-opacity":"","overlay-gradient":""},"mobile":{"background-color":"","background-image":"","background-repeat":"repeat","background-position":"center center","background-size":"auto","background-attachment":"scroll","background-type":"","background-media":"","overlay-type":"","overlay-color":"","overlay-opacity":"","overlay-gradient":""}},"ast-content-background-meta":{"desktop":{"background-color":"var(--ast-global-color-5)","background-image":"","background-repeat":"repeat","background-position":"center center","background-size":"auto","background-attachment":"scroll","background-type":"","background-media":"","overlay-type":"","overlay-color":"","overlay-opacity":"","overlay-gradient":""},"tablet":{"background-color":"var(--ast-global-color-5)","background-image":"","background-repeat":"repeat","background-position":"center center","background-size":"auto","background-attachment":"scroll","background-type":"","background-media":"","overlay-type":"","overlay-color":"","overlay-opacity":"","overlay-gradient":""},"mobile":{"background-color":"var(--ast-global-color-5)","background-image":"","background-repeat":"repeat","background-position":"center center","background-size":"auto","background-attachment":"scroll","background-type":"","background-media":"","overlay-type":"","overlay-color":"","overlay-opacity":"","overlay-gradient":""}},"_FSMCFIC_featured_image_caption":"","_FSMCFIC_featured_image_nocaption":"","_FSMCFIC_featured_image_hide":"","footnotes":""},"class_list":["post-114","page","type-page","status-publish","hentry"],"_links":{"self":[{"href":"https:\/\/www.hausarzt-muehlheim.de\/index.php\/wp-json\/wp\/v2\/pages\/114","targetHints":{"allow":["GET"]}}],"collection":[{"href":"https:\/\/www.hausarzt-muehlheim.de\/index.php\/wp-json\/wp\/v2\/pages"}],"about":[{"href":"https:\/\/www.hausarzt-muehlheim.de\/index.php\/wp-json\/wp\/v2\/types\/page"}],"author":[{"embeddable":true,"href":"https:\/\/www.hausarzt-muehlheim.de\/index.php\/wp-json\/wp\/v2\/users\/1"}],"replies":[{"embeddable":true,"href":"https:\/\/www.hausarzt-muehlheim.de\/index.php\/wp-json\/wp\/v2\/comments?post=114"}],"version-history":[{"count":33,"href":"https:\/\/www.hausarzt-muehlheim.de\/index.php\/wp-json\/wp\/v2\/pages\/114\/revisions"}],"predecessor-version":[{"id":3237,"href":"https:\/\/www.hausarzt-muehlheim.de\/index.php\/wp-json\/wp\/v2\/pages\/114\/revisions\/3237"}],"wp:attachment":[{"href":"https:\/\/www.hausarzt-muehlheim.de\/index.php\/wp-json\/wp\/v2\/media?parent=114"}],"curies":[{"name":"wp","href":"https:\/\/api.w.org\/{rel}","templated":true}]}}